{"id":1059,"date":"2018-08-31T15:12:54","date_gmt":"2018-08-31T15:12:54","guid":{"rendered":"http:\/\/protextos.web.ua.pt\/?page_id=1059"},"modified":"2018-09-18T17:22:05","modified_gmt":"2018-09-18T17:22:05","slug":"olga-madanelo","status":"publish","type":"page","link":"https:\/\/protextos.web.ua.pt\/?page_id=1059","title":{"rendered":"Olga Madanelo"},"content":{"rendered":"<p><a href=\"http:\/\/protextos.web.ua.pt\/wp-content\/uploads\/2018\/08\/olga-madanelo.png\"><img loading=\"lazy\" decoding=\"async\" class=\"alignright size-full wp-image-1062\" src=\"http:\/\/protextos.web.ua.pt\/wp-content\/uploads\/2018\/08\/olga-madanelo.png\" alt=\"\" width=\"187\" height=\"187\" srcset=\"https:\/\/protextos.web.ua.pt\/wp-content\/uploads\/2018\/08\/olga-madanelo.png 187w, https:\/\/protextos.web.ua.pt\/wp-content\/uploads\/2018\/08\/olga-madanelo-150x150.png 150w, https:\/\/protextos.web.ua.pt\/wp-content\/uploads\/2018\/08\/olga-madanelo-100x100.png 100w\" sizes=\"auto, (max-width: 187px) 100vw, 187px\" \/><\/a>Olga Maria Coutinho de Oliveira Madanelo nasceu em 1964, em Luanda \u2013 Angola. Licenciou-se em Ensino B\u00e1sico na Variante de Portugu\u00eas e Estudos Sociais \/ Hist\u00f3ria, na Escola Superior de Educa\u00e7\u00e3o de Viseu (1987). Fez o Mestrado em Supervis\u00e3o (2003) e doutorou-se em Did\u00e1tica (2010), ambos pela Universidade de Aveiro.<\/p>\n<p>Integrou a rede de coopera\u00e7\u00e3o cient\u00edfica \u201cNovos saberes b\u00e1sicos, novos desafios \u00e0 forma\u00e7\u00e3o de professores\u201d (UA, 2004-2013).<\/p>\n<p>Fez os Cursos \u201cForma\u00e7\u00e3o de Formadores: o processo de classifica\u00e7\u00e3o das provas de avalia\u00e7\u00e3o externa do Portugu\u00eas e da Matem\u00e1tica no 2\u00ba Ciclo do Ensino B\u00e1sico\u201d, \u201cAvaliar para aprender: a supervis\u00e3o e a avalia\u00e7\u00e3o externa das aprendizagens do Portugu\u00eas no 2.\u00ba ciclo do ensino b\u00e1sico\u201d, \u201cSupervisor da Classifica\u00e7\u00e3o das Provas de Aferi\u00e7\u00e3o de L\u00edngua Portuguesa \u2013 6.\u00ba ano\u201d (GAVE, 2016, 2009) e de \u201cForma\u00e7\u00e3o de Formadores para os Novos Programas de Portugu\u00eas do Ensino B\u00e1sico\u201d (DGIDC -2009).<\/p>\n<p>Em 2011, concluiu o Curso de Forma\u00e7\u00e3o de Formadores Especializados em Avalia\u00e7\u00e3o do Desempenho Docente, pelo ISCTE, Instituto Universit\u00e1rio de Lisboa, tendo desempenhado, de 2013 &#8211; 2015, as fun\u00e7\u00f5es de Formadora dos avaliadores externos da componente cient\u00edfica e pedag\u00f3gica, sob a tutoria da DGAE.<\/p>\n<p>De 2009 a 2011, foi assessora pedag\u00f3gica do Centro de Forma\u00e7\u00e3o da Associa\u00e7\u00e3o de Escolas Castro Daire e Laf\u00f5es e Supervisora no \u00e2mbito do processo de classifica\u00e7\u00e3o das Provas de Aferi\u00e7\u00e3o de L\u00edngua Portuguesa \u2013 6.\u00ba ano; em 2012, das Provas Finais de L\u00edngua Portuguesa \u2013 6.\u00ba ano, em 2016 das Provas de Aferi\u00e7\u00e3o de 5.\u00ba ano de Portugu\u00eas e, em 2017, das Provas de Aferi\u00e7\u00e3o de 5.\u00ba ano de Hist\u00f3ria e Geografia de Portugal.<\/p>\n<p>\u00c9 coautora da obra \u201cForma\u00e7\u00e3o Cont\u00ednua de Professores do 2.\u00ba e 3.\u00ba Ciclos do Ensino B\u00e1sico: (re) qualifica\u00e7\u00e3o de compet\u00eancias\u201d. In ID\u00c1LIA S\u00c1-CHAVES (coord.) Educar, Investigar e Formar: Novos Saberes. Aveiro: UA Editora, 2014 e criadora intelectual das obras \u201cPrepara\u00e7\u00e3o para as Provas de Aferi\u00e7\u00e3o 2007\/2008, L\u00edngua Portuguesa \u2013 6.\u00ba ano\u201d da Porto Editora.<\/p>\n<p>Em 2016, foi especialista da a\u00e7\u00e3o de forma\u00e7\u00e3o \u201cPlaneamento da a\u00e7\u00e3o estrat\u00e9gica de promo\u00e7\u00e3o da qualidade das aprendizagens\u201d no \u00e2mbito do Programa Nacional de Combate ao Insucesso Escolar.<\/p>\n<p>\u00c9 formadora acreditada, pelo CCPFC nas \u00e1reas e dom\u00ednios A46 (Portugu\u00eas \/ L\u00edngua Portuguesa); B11 (Pedagogia e Did\u00e1tica); C05 (Did\u00e1ticas Espec\u00edficas &#8211; Portugu\u00eas \/ L\u00edngua Portuguesa \/ Portugu\u00eas); C91 (Supervis\u00e3o Pedag\u00f3gica).<\/p>\n<p>\u00c9, desde 1988, professora do grupo 200 do Quadro do Agrupamento de Escolas de S. Pedro do Sul, tendo desempenhado diversos cargos de coordena\u00e7\u00e3o pedag\u00f3gica.<\/p>\n<p>Atualmente, \u00e9 Consultora Pedag\u00f3gica, acreditada pelo CCPFC, do Centro de Forma\u00e7\u00e3o Cont\u00ednua de Associa\u00e7\u00e3o de Escolas Castro Daire\/Laf\u00f5es e Coordenadora de Disciplina de Portugu\u00eas 2.\u00ba CEB do Agrupamento de Escolas de S. Pedro Do Sul.<\/p>\n<p><a href=\"http:\/\/protextos.web.ua.pt\/wp-content\/uploads\/2018\/08\/olga-madanelo.png\"><img loading=\"lazy\" decoding=\"async\" class=\"alignright size-full wp-image-1062\" src=\"http:\/\/protextos.web.ua.pt\/wp-content\/uploads\/2018\/08\/olga-madanelo.png\" alt=\"\" width=\"187\" height=\"187\" srcset=\"https:\/\/protextos.web.ua.pt\/wp-content\/uploads\/2018\/08\/olga-madanelo.png 187w, https:\/\/protextos.web.ua.pt\/wp-content\/uploads\/2018\/08\/olga-madanelo-150x150.png 150w, https:\/\/protextos.web.ua.pt\/wp-content\/uploads\/2018\/08\/olga-madanelo-100x100.png 100w\" sizes=\"auto, (max-width: 187px) 100vw, 187px\" \/><\/a><\/p>\n","protected":false},"excerpt":{"rendered":"<p>Olga Maria Coutinho de Oliveira Madanelo nasceu em 1964, em Luanda \u2013 Angola. Licenciou-se em Ensino B\u00e1sico na Variante de Portugu\u00eas e Estudos Sociais \/ Hist\u00f3ria, na Escola Superior de Educa\u00e7\u00e3o de Viseu (1987). Fez o Mestrado em Supervis\u00e3o (2003) e doutorou-se em Did\u00e1tica (2010), ambos pela Universidade de Aveiro. Integrou a rede de coopera\u00e7\u00e3o &hellip; <\/p>\n<p class=\"link-more\"><a href=\"https:\/\/protextos.web.ua.pt\/?page_id=1059\" class=\"more-link\">Continue reading<span class=\"screen-reader-text\"> &#8220;Olga Madanelo&#8221;<\/span><\/a><\/p>\n","protected":false},"author":1,"featured_media":0,"parent":0,"menu_order":0,"comment_status":"closed","ping_status":"closed","template":"","meta":{"footnotes":""},"class_list":["post-1059","page","type-page","status-publish","hentry"],"_links":{"self":[{"href":"https:\/\/protextos.web.ua.pt\/index.php?rest_route=\/wp\/v2\/pages\/1059","targetHints":{"allow":["GET"]}}],"collection":[{"href":"https:\/\/protextos.web.ua.pt\/index.php?rest_route=\/wp\/v2\/pages"}],"about":[{"href":"https:\/\/protextos.web.ua.pt\/index.php?rest_route=\/wp\/v2\/types\/page"}],"author":[{"embeddable":true,"href":"https:\/\/protextos.web.ua.pt\/index.php?rest_route=\/wp\/v2\/users\/1"}],"replies":[{"embeddable":true,"href":"https:\/\/protextos.web.ua.pt\/index.php?rest_route=%2Fwp%2Fv2%2Fcomments&post=1059"}],"version-history":[{"count":2,"href":"https:\/\/protextos.web.ua.pt\/index.php?rest_route=\/wp\/v2\/pages\/1059\/revisions"}],"predecessor-version":[{"id":1383,"href":"https:\/\/protextos.web.ua.pt\/index.php?rest_route=\/wp\/v2\/pages\/1059\/revisions\/1383"}],"wp:attachment":[{"href":"https:\/\/protextos.web.ua.pt\/index.php?rest_route=%2Fwp%2Fv2%2Fmedia&parent=1059"}],"curies":[{"name":"wp","href":"https:\/\/api.w.org\/{rel}","templated":true}]}}