{"id":111,"date":"2013-12-02T16:24:09","date_gmt":"2013-12-02T16:24:09","guid":{"rendered":"http:\/\/protextos.web.ua.pt\/?page_id=111"},"modified":"2023-08-29T13:48:51","modified_gmt":"2023-08-29T13:48:51","slug":"livros","status":"publish","type":"page","link":"https:\/\/protextos.web.ua.pt\/?page_id=111","title":{"rendered":"Livros"},"content":{"rendered":"\n<p>Para informa\u00e7\u00e3o mais atualizada e detalhada, consultar os perfis dos \u201c<a rel=\"noreferrer noopener\" href=\"http:\/\/protextos.web.ua.pt\/?page_id=91\" target=\"_blank\">Membros<\/a>\u201d \u2013 CV online (Ci\u00eancia Vitae e\/ou Orcid). Nesta p\u00e1gina, apenas algum hist\u00f3rico e destaques.<\/p>\n\n\n\n<p>Papp\u00e1mikail, L., Beirante, D. &amp; <strong>Cardoso, I. <\/strong>(2022). <em>Conjunto de Materiais: Educa\u00e7\u00e3o Inclusiva. M\u00f3dulo 2: Diversidade, Equidade e Inclus\u00e3o.<\/em> ME\/DGE. <a rel=\"noreferrer noopener\" href=\"https:\/\/www.dge.mec.pt\/educacao-inclusiva\/ebooks\" target=\"_blank\">https:\/\/www.dge.mec.pt\/educacao-inclusiva\/ebooks<\/a>; <a rel=\"noreferrer noopener\" href=\"https:\/\/www.dge.mec.pt\/sites\/default\/files\/ebooks\/diversidade-equidade-inclusao.pdf\" target=\"_blank\">https:\/\/www.dge.mec.pt\/sites\/default\/files\/ebooks\/diversidade-equidade-inclusao.pdf<\/a>\u00a0<\/p>\n\n\n\n<p><strong>Jos\u00e9 Ferreira<\/strong>, <strong>Lu\u00edsa \u00c1lvares Pereira<\/strong> e <strong>In\u00eas Cardoso<\/strong> (2020). <em>Dinamizar um blogue em Portugu\u00eas. Contributos para professores e formadores de Portugu\u00eas.<\/em> Cole\u00e7\u00e3o \u201cEduca\u00e7\u00e3o e Forma\u00e7\u00e3o \u2013 Cadernos Did\u00e1ticos, n.\u00ba 6\u201d. UA: UA Editora [<a href=\"http:\/\/hdl.handle.net\/10773\/29218\">http:\/\/hdl.handle.net\/10773\/29218<\/a>].<\/p>\n\n\n\n<p><strong>In\u00eas Cardoso<\/strong> e V. Tavares (Eds.) (2020). <em><a href=\"https:\/\/www.amazon.com\/Teaching-Learning-Portuguese-Canada-Multidisciplinary\/dp\/1944676996\" target=\"_blank\" rel=\"noreferrer noopener\">Teaching and Learning Portuguese in Canada: Multidisciplinary Contributions to SLA Research and Practice<\/a>.<\/em> Boavista Press.<\/p>\n\n\n\n<p>Teresa S. Ferreira, <strong>In\u00eas Cardoso<\/strong> e&nbsp;S\u00edlvia Melo-Pfeifer (2019). <a href=\"https:\/\/www.portoeditora.pt\/produtos\/ficha\/gramatica-de-portugues-lingua-nao-materna-niveis-a1-e-a2\/19338696\" target=\"_blank\" rel=\"noreferrer noopener\">Gram\u00e1tica de Portugu\u00eas L\u00edngua N\u00e3o Materna &#8211; N\u00edveis A1 e A2<\/a>. Porto: Porto Editora. (ISBN: 978-972-0-40148-9)<\/p>\n\n\n\n<p>Teresa S. Ferreira, <strong>In\u00eas Cardoso<\/strong> e&nbsp;S\u00edlvia Melo-Pfeifer (2019). <a href=\"https:\/\/www.portoeditora.pt\/produtos\/ficha\/gramatica-de-portugues-lingua-nao-materna-niveis-b1-b2-e-c1\/22466737\" target=\"_blank\" rel=\"noreferrer noopener\">Gram\u00e1tica de Portugu\u00eas L\u00edngua N\u00e3o Materna &#8211; N\u00edveis B1, B2 e C1<\/a>. Porto: Porto Editora. (ISBN:&nbsp;978-972-0-40149-6)<\/p>\n\n\n\n<p><strong>Lu\u00edsa \u00c1lvares Pereira<\/strong>&nbsp;e<strong>&nbsp;In\u00eas&nbsp;Cardoso&nbsp;<\/strong>(Coord.) (2013).&nbsp;<em>Atividades para o ensino da l\u00edngua: produ\u00e7\u00e3o escrita<\/em>.&nbsp;<em>Cadernos 3\/Protextos.<\/em>&nbsp;Aveiro: Universidade de Aveiro (c\/ CD-ROM), 162 pp. (ISBN: 978-972-789-383-6).<\/p>\n\n\n\n<p><strong>Lu\u00edsa \u00c1lvares Pereira<\/strong>&nbsp;e<strong>&nbsp;In\u00eas&nbsp;Cardoso<\/strong>&nbsp;(Coord.).(2013).&nbsp;<a href=\"https:\/\/www.wook.pt\/livro\/reflexao-sobre-a-escrita-luisa-alvares-pereira\/15075967\" target=\"_blank\" rel=\"noreferrer noopener\"><em>Reflex\u00e3o sobre a escrita. O ensino de diferentes g\u00e9neros de textos<\/em><\/a>. Aveiro: UA Editora. (ISBN: 978-972-789-358-4).<\/p>\n\n\n\n<p>Jos\u00e9 Ant\u00f3nio Brand\u00e3o Carvalho,<strong> Lu\u00eds Barbeiro, Lu\u00edsa \u00c1lvares Pereira<\/strong> e Ant\u00f3nio Carvalho da Silva (Eds.). (2012), <em>Aula de L\u00edngua: Intera\u00e7\u00e3o e Reflex\u00e3o<\/em>. \u00d3bidos: V\u00e1rzea da Rainha Impressores, S.A. (ISBN: 978-989-95554-6-4).<\/p>\n\n\n\n<p><strong>Helena Borges&nbsp;<\/strong>e&nbsp;<strong>Lu\u00edsa \u00c1lvares Pereira<\/strong>&nbsp;(2011).&nbsp;<a href=\"https:\/\/www.wook.pt\/livro\/a-poesia-das-letras-1-e-2-anos-helena-carvalho-borges\/9423468\" target=\"_blank\" rel=\"noreferrer noopener\"><em>A Poesia das letras \u2013 Atividades com o texto po\u00e9tico no 1.\u00ba ciclo<\/em><\/a>. Porto: Porto Editora.<\/p>\n\n\n\n<p><strong>Lu\u00edsa \u00c1lvares Pereira<\/strong>&nbsp;e<strong> In\u00eas&nbsp;Cardoso<\/strong>&nbsp;(2011). <em>Ensinar a escrever com os Novos Programas de Portugu\u00eas<\/em><em>. 2.\u00ba Ciclo do Ensino B\u00e1sico<\/em>. Porto: ASA, (c\/ CD-ROM), (ISBN: 978-989-23-1523-2).<\/p>\n\n\n\n<p><strong>Rosa Maria Oliveira&nbsp;<\/strong>(2011).&nbsp;<em>Na Roda Gigante \u2013 Escritas de Vida, Hist\u00f3rias da Escola<\/em>. Porto: Cord\u00e3o de Leitura.<\/p>\n\n\n\n<p><strong>Lu\u00edsa \u00c1lvares Pereira<\/strong>&nbsp;e<strong> In\u00eas&nbsp;Cardoso<\/strong>&nbsp;(Coord.) (2010). <em>Actividades para o ensino da l\u00edngua: Compreens\u00e3o da leitura. Cadernos PNEP 2<\/em>. Aveiro: Universidade de Aveiro (c\/ CD-ROM), 141 pp. (ISBN: 978-972-789-322-5).<\/p>\n\n\n\n<p><strong>Lu\u00edsa \u00c1lvares Pereira&nbsp;<\/strong>e&nbsp;<strong>Luciana Gra\u00e7a<\/strong>&nbsp;(Eds.). (2009). <em>Actividades para o ensino da l\u00edngua<\/em>. Cadernos PNEP. Aveiro: Universidade de Aveiro. ISBN: 978-972-789-296-9.<\/p>\n\n\n\n<p>Ana Isabel Andrade (coord). (2008). <a href=\"https:\/\/ria.ua.pt\/handle\/10773\/18950\" target=\"_blank\" rel=\"noreferrer noopener\"><em>L\u00ednguas e Educa\u00e7\u00e3o. Orienta\u00e7\u00f5es para um projeto colaborativo<\/em><\/a>. ISBN: 978-972-99314-4-4 (Autores:<strong> Lu\u00edsa \u00c1lvares Pereira<\/strong>,&nbsp;Helena Ara\u00fajo e S\u00e1, M\u00f3nica Bastos, Manuel Bernardo Canha,&nbsp;<strong>In\u00eas Cardoso, <\/strong>\u00c2ngela Espinha,&nbsp;S\u00edlvia Gomes,&nbsp;Lurdes Gon\u00e7alves,&nbsp; Esperan\u00e7a Martins, Filomena Martins, Ana Sofia Pinho, Cristina S\u00e1,&nbsp; Susana S\u00e1, Leonor Santos; Colabora\u00e7\u00e3o na reda\u00e7\u00e3o: An\u00e7\u00e3,H., Gra\u00e7a,L., Oliveira,A. L.,&nbsp; Paiva, Z., Sim\u00f5es,A. R., Thomaz, C. ; Formata\u00e7\u00e3o e arranjo gr\u00e1fico: Ant\u00f3nio Moreira).<\/p>\n\n\n\n<p><strong>Lu\u00edsa \u00c1lvares Pereira<\/strong>&nbsp;(2008).&nbsp;<em>Escrever com as crian\u00e7as. Como fazer bons leitores e escritores<\/em>. Porto: Porto Editora (ISBN: 978-972-0-34372-7).<\/p>\n\n\n\n<p><strong>Lu\u00eds Barbeiro&nbsp;<\/strong>e&nbsp;<strong>Lu\u00edsa \u00c1lvares Pereira&nbsp;<\/strong>(2007). <em>O ensino da escrita: a dimens\u00e3o textual<\/em>. Lisboa, Portugal: Minist\u00e9rio da Educa\u00e7\u00e3o, Dire\u00e7\u00e3o Geral de Inova\u00e7\u00e3o e de Desenvolvimento Curricular (ISBN: 978-972-742-268-5).<\/p>\n\n\n\n<p><strong>Lu\u00edsa \u00c1lvares Pereira<\/strong>&nbsp;e Flora Azevedo&nbsp;(2005). <em>Como abordar\u2026 A escrita no 1.\u00ba Ciclo do Ensino B\u00e1sico<\/em>. Porto: Areal Editores (ISBN: 972-627-834-1).<\/p>\n\n\n\n<p><strong>Lu\u00edsa \u00c1lvares Pereira<\/strong>&nbsp;eFlora Azevedo&nbsp;(2002).&nbsp;<em>Como abordar\u2026a produ\u00e7\u00e3o de textos escritos<\/em>. Porto: Areal Editores (ISBN: 972-627-642-X) (reimpresso em 2005).<\/p>\n\n\n\n<p><strong>Lu\u00edsa \u00c1lvares Pereira<\/strong>&nbsp;(2002).&nbsp;<em>Para uma Did\u00e1ctica Textual \u2013 tipos de textos\/ tipos de discursos e ensino do Portugu\u00eas (\u201cTextos Pedag\u00f3gicos \u2013 profissionaliza\u00e7\u00e3o em servi\u00e7o 2001-2002\u201d)<\/em>. Aveiro: CIFOP (ISBN: 972-789-054-7).<\/p>\n\n\n\n<p><strong>Lu\u00edsa \u00c1lvares Pereira<\/strong>&nbsp;(2002).&nbsp;<em>Das Palavras aos Actos \u2013 ensaios sobre a escrita na escola (\u201cTemas de Investiga\u00e7\u00e3o\u201d)<\/em>. Lisboa: Direc\u00e7\u00e3o-Geral de Inova\u00e7\u00e3o e Desenvolvimento Curricular (ISBN: 972-783-064-1).<\/p>\n\n\n\n<p><strong>Lu\u00edsa \u00c1lvares Pereira<\/strong>&nbsp;(2000). <em>Escrever em Portugu\u00eas: Did\u00e1cticas e Pr\u00e1ticas<\/em>. Porto: Edi\u00e7\u00f5es Asa (ISBN: 972-41-2408-8).<\/p>\n","protected":false},"excerpt":{"rendered":"<p>Para informa\u00e7\u00e3o mais atualizada e detalhada, consultar os perfis dos \u201cMembros\u201d \u2013 CV online (Ci\u00eancia Vitae e\/ou Orcid). Nesta p\u00e1gina, apenas algum hist\u00f3rico e destaques. Papp\u00e1mikail, L., Beirante, D. &amp; Cardoso, I. (2022). Conjunto de Materiais: Educa\u00e7\u00e3o Inclusiva. M\u00f3dulo 2: Diversidade, Equidade e Inclus\u00e3o. ME\/DGE. https:\/\/www.dge.mec.pt\/educacao-inclusiva\/ebooks; https:\/\/www.dge.mec.pt\/sites\/default\/files\/ebooks\/diversidade-equidade-inclusao.pdf\u00a0 Jos\u00e9 Ferreira, Lu\u00edsa \u00c1lvares Pereira e In\u00eas Cardoso &hellip; <\/p>\n<p class=\"link-more\"><a href=\"https:\/\/protextos.web.ua.pt\/?page_id=111\" class=\"more-link\">Continue reading<span class=\"screen-reader-text\"> &#8220;Livros&#8221;<\/span><\/a><\/p>\n","protected":false},"author":1,"featured_media":0,"parent":97,"menu_order":0,"comment_status":"closed","ping_status":"open","template":"","meta":{"footnotes":""},"class_list":["post-111","page","type-page","status-publish","hentry"],"_links":{"self":[{"href":"https:\/\/protextos.web.ua.pt\/index.php?rest_route=\/wp\/v2\/pages\/111","targetHints":{"allow":["GET"]}}],"collection":[{"href":"https:\/\/protextos.web.ua.pt\/index.php?rest_route=\/wp\/v2\/pages"}],"about":[{"href":"https:\/\/protextos.web.ua.pt\/index.php?rest_route=\/wp\/v2\/types\/page"}],"author":[{"embeddable":true,"href":"https:\/\/protextos.web.ua.pt\/index.php?rest_route=\/wp\/v2\/users\/1"}],"replies":[{"embeddable":true,"href":"https:\/\/protextos.web.ua.pt\/index.php?rest_route=%2Fwp%2Fv2%2Fcomments&post=111"}],"version-history":[{"count":30,"href":"https:\/\/protextos.web.ua.pt\/index.php?rest_route=\/wp\/v2\/pages\/111\/revisions"}],"predecessor-version":[{"id":2512,"href":"https:\/\/protextos.web.ua.pt\/index.php?rest_route=\/wp\/v2\/pages\/111\/revisions\/2512"}],"up":[{"embeddable":true,"href":"https:\/\/protextos.web.ua.pt\/index.php?rest_route=\/wp\/v2\/pages\/97"}],"wp:attachment":[{"href":"https:\/\/protextos.web.ua.pt\/index.php?rest_route=%2Fwp%2Fv2%2Fmedia&parent=111"}],"curies":[{"name":"wp","href":"https:\/\/api.w.org\/{rel}","templated":true}]}}