{"id":1323,"date":"2018-09-18T17:00:40","date_gmt":"2018-09-18T17:00:40","guid":{"rendered":"http:\/\/protextos.web.ua.pt\/?page_id=1323"},"modified":"2018-11-13T12:28:15","modified_gmt":"2018-11-13T12:28:15","slug":"ana-maria-teixeira-soares-ferreira","status":"publish","type":"page","link":"https:\/\/protextos.web.ua.pt\/?page_id=1323","title":{"rendered":"Ana Maria Teixeira Soares Ferreira"},"content":{"rendered":"<p><a href=\"http:\/\/protextos.web.ua.pt\/wp-content\/uploads\/2018\/09\/Ana_Ferreira-1.jpg\"><img loading=\"lazy\" decoding=\"async\" class=\"alignright size-medium wp-image-1326\" src=\"http:\/\/protextos.web.ua.pt\/wp-content\/uploads\/2018\/09\/Ana_Ferreira-1-264x300.jpg\" alt=\"\" width=\"264\" height=\"300\" srcset=\"https:\/\/protextos.web.ua.pt\/wp-content\/uploads\/2018\/09\/Ana_Ferreira-1-264x300.jpg 264w, https:\/\/protextos.web.ua.pt\/wp-content\/uploads\/2018\/09\/Ana_Ferreira-1-768x873.jpg 768w, https:\/\/protextos.web.ua.pt\/wp-content\/uploads\/2018\/09\/Ana_Ferreira-1-901x1024.jpg 901w, https:\/\/protextos.web.ua.pt\/wp-content\/uploads\/2018\/09\/Ana_Ferreira-1.jpg 1865w\" sizes=\"auto, (max-width: 264px) 100vw, 264px\" \/><\/a>Licenciada em Ensino de Portugu\u00eas e Ingl\u00eas pela Universidade\u00a0<span style=\"font-size: 1rem;\">de Aveiro, \u00e9 docente e coordenadora do departamento de l\u00ednguas do Agrupamento de Escolas de Ovar Sul.<\/span><\/p>\n<p><span style=\"font-size: 1rem;\">Mestre em Literatura Portuguesa pela FLUC, com uma tese sobre a poesia de Alexandre O&#8217;Neill.<\/span><\/p>\n<p>Doutorada em Literatura pela UA, com una disserta\u00e7\u00e3o sobre as representa\u00e7\u00f5es da morte em Mia Couto.<\/p>\n<p>Desde 1992, tem lecionado Portugu\u00eas, Literatura Portuguesa, Cultura Portuguesa e L\u00edngua Portuguesa nos ensinos b\u00e1sico, secund\u00e1rio e superior.<\/p>\n<p>Tem-se dedicado, igualmente, \u00e0 forma\u00e7\u00e3o de professores de Portugu\u00eas.<\/p>\n","protected":false},"excerpt":{"rendered":"<p>Licenciada em Ensino de Portugu\u00eas e Ingl\u00eas pela Universidade\u00a0de Aveiro, \u00e9 docente e coordenadora do departamento de l\u00ednguas do Agrupamento de Escolas de Ovar Sul. Mestre em Literatura Portuguesa pela FLUC, com uma tese sobre a poesia de Alexandre O&#8217;Neill. Doutorada em Literatura pela UA, com una disserta\u00e7\u00e3o sobre as representa\u00e7\u00f5es da morte em Mia &hellip; <\/p>\n<p class=\"link-more\"><a href=\"https:\/\/protextos.web.ua.pt\/?page_id=1323\" class=\"more-link\">Continue reading<span class=\"screen-reader-text\"> &#8220;Ana Maria Teixeira Soares Ferreira&#8221;<\/span><\/a><\/p>\n","protected":false},"author":1,"featured_media":0,"parent":91,"menu_order":0,"comment_status":"closed","ping_status":"closed","template":"","meta":{"footnotes":""},"class_list":["post-1323","page","type-page","status-publish","hentry"],"_links":{"self":[{"href":"https:\/\/protextos.web.ua.pt\/index.php?rest_route=\/wp\/v2\/pages\/1323","targetHints":{"allow":["GET"]}}],"collection":[{"href":"https:\/\/protextos.web.ua.pt\/index.php?rest_route=\/wp\/v2\/pages"}],"about":[{"href":"https:\/\/protextos.web.ua.pt\/index.php?rest_route=\/wp\/v2\/types\/page"}],"author":[{"embeddable":true,"href":"https:\/\/protextos.web.ua.pt\/index.php?rest_route=\/wp\/v2\/users\/1"}],"replies":[{"embeddable":true,"href":"https:\/\/protextos.web.ua.pt\/index.php?rest_route=%2Fwp%2Fv2%2Fcomments&post=1323"}],"version-history":[{"count":2,"href":"https:\/\/protextos.web.ua.pt\/index.php?rest_route=\/wp\/v2\/pages\/1323\/revisions"}],"predecessor-version":[{"id":1353,"href":"https:\/\/protextos.web.ua.pt\/index.php?rest_route=\/wp\/v2\/pages\/1323\/revisions\/1353"}],"up":[{"embeddable":true,"href":"https:\/\/protextos.web.ua.pt\/index.php?rest_route=\/wp\/v2\/pages\/91"}],"wp:attachment":[{"href":"https:\/\/protextos.web.ua.pt\/index.php?rest_route=%2Fwp%2Fv2%2Fmedia&parent=1323"}],"curies":[{"name":"wp","href":"https:\/\/api.w.org\/{rel}","templated":true}]}}