{"id":134,"date":"2013-12-02T17:35:38","date_gmt":"2013-12-02T17:35:38","guid":{"rendered":"http:\/\/protextos.web.ua.pt\/?page_id=134"},"modified":"2023-08-29T12:18:54","modified_gmt":"2023-08-29T12:18:54","slug":"projetos-individuais","status":"publish","type":"page","link":"https:\/\/protextos.web.ua.pt\/?page_id=134","title":{"rendered":"Projetos Individuais"},"content":{"rendered":"<p><strong>Em curso:\u00a0<\/strong><\/p>\n<p><span style=\"color: #ff6600;\"><strong>P\u00f3s-Doutoramento<\/strong><\/span><\/p>\n<p style=\"padding-left: 40px;\"><strong>Ana Almeida da Silva<\/strong> (2016 &#8211; &#8230;), <em>Supervis\u00e3o, forma\u00e7\u00e3o e did\u00e1tica da escrita no 1\u00ba CEB: as pr\u00e1ticas dos alunos e as pr\u00e1ticas de media\u00e7\u00e3o do professor, UA.\u00a0<\/em><\/p>\n<p style=\"padding-left: 40px;\"><strong>Teresa da Costa<\/strong>, Ensinar a sintetizar a partir de v\u00e1rias fontes no Ensino Superior: estrat\u00e9gias de articula\u00e7\u00e3o com os conte\u00fados de uma unidade curricular.<\/p>\n<p style=\"text-align: justify;\"><span style=\"color: #ff6600;\"><strong>Doutoramentos<\/strong><\/span><\/p>\n<p style=\"text-align: justify; padding-left: 40px;\"><span style=\"font-weight: 400;\"><strong>Maria Teresa Dias<\/strong>,<em> A <\/em><\/span><em><span style=\"font-weight: 400;\">leitura liter\u00e1ria e a escrita de fic\u00e7\u00e3o \u2013 efeitos de um programa de interven\u00e7\u00e3o \u2013<\/span><\/em><span style=\"font-weight: 400;\"> \u00c1rea de Did\u00e1tica e Desenvolvimento Curricular, UA.<\/span><\/p>\n<p style=\"padding-left: 40px;\"><strong>Narciso Montanha Narciso<\/strong>, <em>Os G\u00e9neros Textuais nos Manuais de Ensino B\u00e1sico em Mo\u00e7ambique: quest\u00f5es culturais e desenvolvimento das compet\u00eancias lingu\u00edstica e comunicativa \u2013 <\/em>Ci\u00eancias da Linguagem<\/p>\n<p style=\"padding-left: 40px;\"><strong>L\u00facia Gomes Lemos<\/strong>, <em>O desenvolvimento da escrita argumentativa numa sequ\u00eancia de ensino do texto de opini\u00e3o no 3.\u00ba ciclo do ensino b\u00e1sico \u2013 <\/em>Educa\u00e7\u00e3o, Ramo de Did\u00e1tica e Desenvolvimento Curricular<\/p>\n<p style=\"padding-left: 40px;\"><strong>Tatiana Braz Pereira<\/strong>, <em>A articula\u00e7\u00e3o entre a compet\u00eancia metalingu\u00edstica e o dom\u00ednio da escrita argumentativa: um estudo de caso a partir de uma abordagem de base genol\u00f3gica e reflexiva de ensino<\/em> \u2013 Ci\u00eancias da Linguagem<\/p>\n<p><strong>Conclu\u00eddos:<\/strong><\/p>\n<p><span style=\"color: #ff6600;\"><strong>P\u00f3s-Doutoramento<\/strong><\/span><\/p>\n<p style=\"padding-left: 30px;\"><span style=\"font-weight: 400;\"><strong>Luciana Manuela de Almeida Gra\u00e7a<\/strong>, <\/span><em><span style=\"font-weight: 400;\">O ensino da escrita no ensino superior: para uma aprendizagem da escrita de g\u00e9neros textuais espec\u00edficos do contexto universit\u00e1rio<\/span><\/em><span style=\"font-weight: 400;\">, na \u00e1rea de Did\u00e1tica, UA. <\/span><span style=\"font-weight: 400;\"><br \/>\n<\/span><\/p>\n<p style=\"padding-left: 30px;\"><span style=\"font-weight: 400;\"><strong>Anna Arregi Martinez<\/strong>\u00a0. <em>Escrita e forma\u00e7\u00e3o de professores<\/em>. \u00c1rea de Did\u00e1tica. Universidade de San Sebastian, Pa\u00eds Basco.<\/span><\/p>\n<p style=\"padding-left: 30px;\"><span style=\"font-weight: 400;\"><strong>Maria In\u00eas Almeida Cardoso<\/strong>, <\/span><i><span style=\"font-weight: 400;\">Reconstruir o ensino da escrita: potencialidades de uma comunidade de desenvolvimento profissional<\/span><\/i><span style=\"font-weight: 400;\">, na \u00e1rea de Did\u00e1tica, UA.<\/span><span style=\"font-weight: 400;\"><br \/>\n<\/span><\/p>\n<p style=\"padding-left: 30px;\"><span style=\"font-weight: 400;\"><strong>Lucinea Aparecida de Rezende<\/strong>, <\/span><i><span style=\"font-weight: 400;\">Viv\u00eancias te\u00f3rico-pr\u00e1ticas de leitura e o construir de um desenho curricular<\/span><\/i><span style=\"font-weight: 400;\">, Universidade de Estudos Londrinos (UEL), Brasil.<\/span><\/p>\n<p><span style=\"color: #ff6600;\"><strong>Doutoramentos<\/strong><\/span><\/p>\n<p style=\"padding-left: 40px;\"><strong>Concei\u00e7\u00e3o Siopa<\/strong>, <em><a href=\"http:\/\/hdl.handle.net\/10773\/28491\" target=\"_blank\" rel=\"noopener noreferrer\">Para uma modeliza\u00e7\u00e3o did\u00e1tica da escrita acad\u00e9mica: a recens\u00e3o cr\u00edtica em portugu\u00eas l\u00edngua segunda<\/a>.<\/em> Did\u00e1tica e Desenvolvimento Curricular, UA, 2020<\/p>\n<p style=\"padding-left: 40px;\"><span style=\"font-weight: 400;\"><strong>C\u00e9lia da Gra\u00e7a Lopes<\/strong>, <\/span><i><span style=\"font-weight: 400;\"><a href=\"https:\/\/ria.ua.pt\/handle\/10773\/27630\" target=\"_blank\" rel=\"noopener noreferrer\">Escrita e TIC: pr\u00e1ticas escolares e extraescolares no ensino b\u00e1sico<\/a>. <\/span><\/i><span style=\"font-weight: 400;\">\u00a0\u00c1rea de Multim\u00e9dia em Educa\u00e7\u00e3o, UA, 2019.<\/span><\/p>\n<p style=\"padding-left: 40px;\"><span style=\"font-weight: 400;\"><strong>Maria Manuel Oliveira Santos<\/strong>, <\/span><i><span style=\"font-weight: 400;\"><a href=\"https:\/\/ria.ua.pt\/handle\/10773\/26159\" target=\"_blank\" rel=\"noopener noreferrer\">O ensino precoce da escrita: o ditado ao adulto mediado por sequ\u00eancias did\u00e1ticas com recurso ao quadro interativo<\/a>. \u00c1<\/span><\/i><span style=\"font-weight: 400;\">rea de Multim\u00e9dia em Educa\u00e7\u00e3o, UA, 2018.<\/span><\/p>\n<p style=\"padding-left: 40px;\"><strong>Helena Maria Cardoso Carvalho Borges<\/strong>, <a href=\"https:\/\/ria.ua.pt\/handle\/10773\/29282\" target=\"_blank\" rel=\"noopener noreferrer\"><i>Entre o pensar e o sentir, as tecnologias, o ensino e a aprendizagem do texto po\u00e9tico.<\/i><\/a> Did\u00e1tica da L\u00edngua, UA, 2015.<\/p>\n<p style=\"padding-left: 40px;\"><span style=\"font-weight: 400;\"><strong>Jos\u00e9 Manuel da Costa Ferreira<\/strong>, <\/span><a href=\"https:\/\/ria.ua.pt\/handle\/10773\/13135\" target=\"_blank\" rel=\"noopener noreferrer\"><i><span style=\"font-weight: 400;\">A Web 2.0 e a escrita no Ensino B\u00e1sico<\/span><\/i><\/a><i><span style=\"font-weight: 400;\">.<\/span><\/i><span style=\"font-weight: 400;\"> Multim\u00e9dia em Educa\u00e7\u00e3o, UA, 2014<\/span><\/p>\n<p style=\"padding-left: 40px;\"><span style=\"font-weight: 400;\"><strong>Mariana Abrantes de Oliveira Pinto Alte de Veiga<\/strong>, <\/span><a href=\"https:\/\/ria.ua.pt\/handle\/10773\/13143\" target=\"_blank\" rel=\"noopener noreferrer\"><i><span style=\"font-weight: 400;\">Escrever para aprender: estrat\u00e9gias did\u00e1ticas, textos e pr\u00e1ticas<\/span><\/i><\/a><i> . <\/i><span style=\"font-weight: 400;\">Did\u00e1tica e Forma\u00e7\u00e3o \u2013 Ramo de Did\u00e1ctica e Desenvolvimento Curricular, UA, 2014<\/span><\/p>\n<p style=\"padding-left: 40px;\"><span style=\"font-weight: 400;\"><strong>Maria de F\u00e1tima Alves Mesquita<\/strong>, <\/span><i><span style=\"font-weight: 400;\"><a href=\"https:\/\/ria.ua.pt\/handle\/10773\/11487\" target=\"_blank\" rel=\"noopener noreferrer\">Avalia\u00e7\u00e3o do desempenho docente e supervis\u00e3o pedag\u00f3gica: um estudo de caso num de escolas<\/a>. UA, 2014<\/span><\/i><\/p>\n<p style=\"padding-left: 40px;\"><b style=\"font-size: 1rem;\">Luciana Manuela de Almeida<\/b> <strong>Gra\u00e7a<\/strong>,<span style=\"font-size: 1rem;\">\u00a0<\/span><a style=\"font-size: 1rem;\" href=\"http:\/\/ria.ua.pt\/handle\/10773\/7009\" target=\"_blank\" rel=\"noopener noreferrer\"><i>O papel das ferramentas did\u00e1cticas nas pr\u00e1ticas docentes de escrita. A an\u00e1lise do objecto ensinado numa sequ\u00eancia did\u00e1ctica do texto de opini\u00e3o no Ensino B\u00e1sico.<\/i><\/a><span style=\"font-size: 1rem;\"> \u00c1rea de Did\u00e1tica, UA, 2010<\/span><\/p>\n<p style=\"padding-left: 40px;\"><strong>Ana Filipa Almeida da Silva<\/strong>, <a href=\"https:\/\/ria.ua.pt\/handle\/10773\/1478\" target=\"_blank\" rel=\"noopener noreferrer\">Novos saberes b\u00e1sicos dos alunos, novas compet\u00eancias dos professores: um estudo no \u00e2mbito da supervis\u00e3o da forma\u00e7\u00e3o de professores do 1\u00ba ciclo do ensino b\u00e1sico na Universidade de Aveiro<\/a>. UA, 2009<\/p>\n<p style=\"text-align: justify; padding-left: 30px;\"><b>Maria In\u00eas Almeida Cardoso<\/b>,\u00a0<a href=\"http:\/\/ria.ua.pt\/handle\/10773\/1476\"><i>A rela\u00e7\u00e3o com a escrita extra-escolar e escolar. Um estudo no Ensino B\u00e1sico.<\/i><\/a> \u00c1rea de Did\u00e1tica, UA, 2009<\/p>\n<p style=\"padding-left: 30px;\"><span style=\"font-weight: 400;\"><strong>Ana Maria Teixeira Soares Ferreira<\/strong>, <\/span><a href=\"http:\/\/ria.ua.pt\/handle\/10773\/2869\" target=\"_blank\" rel=\"noopener noreferrer\"><i><span style=\"font-weight: 400;\">Traduzindo Mundos: Os mortos na Narrativa de Mia Couto<\/span><\/i><\/a><span style=\"font-weight: 400;\">. \u00c1rea de Literatura, UA, 2007.<\/span><\/p>\n<p><span style=\"color: #ff6600;\"><strong>Mestrados<\/strong><\/span><\/p>\n<p style=\"padding-left: 30px;\"><strong>Filipa Fidalgo Reis<\/strong>, Escrita colaborativa e compet\u00eancia metalingu\u00edstica: um estudo com alunos do 2.\u00ba ano, UA, 2018.<\/p>\n<p style=\"padding-left: 30px;\"><span style=\"font-weight: 400;\"><strong>Vit\u00f3ria Sofia Tom\u00e9 Silva<\/strong>, <\/span><i><span style=\"font-weight: 400;\">\u00a0<a href=\"https:\/\/ria.ua.pt\/handle\/10773\/23311\" target=\"_blank\" rel=\"noopener noreferrer\">Os textos produzidos no 1\u00ba ciclo: estudo longitudinal, <\/a><\/span><\/i><span style=\"font-weight: 400;\">, UA, 2017.<\/span><\/p>\n<p style=\"padding-left: 30px;\"><span style=\"font-weight: 400;\"><strong>Daniela da Silva Rodrigues<\/strong>, <\/span><i><span style=\"font-weight: 400;\"><a href=\"https:\/\/ria.ua.pt\/handle\/10773\/18477\" target=\"_blank\" rel=\"noopener noreferrer\">A escrita colaborativa na produ\u00e7\u00e3o de narrativas no 2\u00ba ano de escolaridade<\/a>, <\/span><\/i><span style=\"font-weight: 400;\">UA, 2016.<\/span><\/p>\n<p style=\"padding-left: 30px;\"><span style=\"font-weight: 400;\"><strong>Tiago Jo\u00e3o Vit\u00f3rio das Neves<\/strong>, <\/span><i><span style=\"font-weight: 400;\"><a href=\"https:\/\/ria.ua.pt\/handle\/10773\/21127\" target=\"_blank\" rel=\"noopener noreferrer\">A escrita colaborativa de textos narrativos: um estudo com alunos do 2\u00ba ano de escolaridade<\/a>,<\/span><\/i><span style=\"font-weight: 400;\"> UA, 2016.<\/span><\/p>\n<p style=\"padding-left: 30px;\"><b>Margarida Maria Carvalho Rodrigues Cortes\u00e3o<\/b>,\u00a0<a href=\"http:\/\/ria.ua.pt\/handle\/10773\/10706\" target=\"_blank\" rel=\"noopener noreferrer\"><i>O ensino de Poesia com Quadro Interativo. Um estudo no 1.\u00ba Ciclo do Ensino B\u00e1sico<\/i><\/a>, UA, 2012.<\/p>\n<p style=\"padding-left: 30px;\"><b>In\u00eas Soares de Moura<\/b>,\u00a0<a href=\"http:\/\/ria.ua.pt\/handle\/10773\/9879\" target=\"_blank\" rel=\"noopener noreferrer\"><i>Ortografia e produ\u00e7\u00e3o textual em diferentes n\u00edveis do Ensino B\u00e1sico<\/i><\/a>, UA, 2012.<\/p>\n<p style=\"padding-left: 30px;\"><span style=\"font-weight: 400;\"><strong>Filomena Maria da Costa Rocha<\/strong>, <\/span><i><span style=\"font-weight: 400;\"><a href=\"https:\/\/ria.ua.pt\/handle\/10773\/9879\" target=\"_blank\" rel=\"noopener noreferrer\">A produ\u00e7\u00e3o de textos dram\u00e1ticos na educa\u00e7\u00e3o b\u00e1sica: em estudo com alunos do 4\u00ba ano<\/a>,<\/span><\/i><span style=\"font-weight: 400;\"> UA, 2007<\/span><\/p>\n<p style=\"padding-left: 30px;\"><span style=\"font-weight: 400;\"><strong>Paula Alexandra de Azevedo Rodrigues Carvalho<\/strong>, <\/span><i><span style=\"font-weight: 400;\"><a href=\"https:\/\/ria.ua.pt\/handle\/10773\/4764\" target=\"_blank\" rel=\"noopener noreferrer\">Estrutura da narrativa e abordagem da lecto-escrita no 1\u00ba ciclo<\/a>,\u00a0<\/span><\/i><span style=\"font-weight: 400;\">UA, 2007<\/span><\/p>\n<p style=\"padding-left: 30px;\"><b>S\u00f3nia Cl\u00e1udia Ferreira Pereira<\/b>,\u00a0<a href=\"https:\/\/ria.ua.pt\/bitstream\/10773\/4773\/1\/2007001285.pdf\" target=\"_blank\" rel=\"noopener noreferrer\"><i>Efeitos de uma Sequ\u00eancia Did\u00e1ctica em textos escritos no 1.\u00ba Ciclo do Ensino B\u00e1sico: O relato<\/i>, na \u00e1rea de L\u00ednguas no 1.\u00ba Ciclo do Ensino B\u00e1sico<\/a>, UA, 2007.<\/p>\n<p style=\"text-align: justify;\">\n","protected":false},"excerpt":{"rendered":"<p>Em curso:\u00a0 P\u00f3s-Doutoramento Ana Almeida da Silva (2016 &#8211; &#8230;), Supervis\u00e3o, forma\u00e7\u00e3o e did\u00e1tica da escrita no 1\u00ba CEB: as pr\u00e1ticas dos alunos e as pr\u00e1ticas de media\u00e7\u00e3o do professor, UA.\u00a0 Teresa da Costa, Ensinar a sintetizar a partir de v\u00e1rias fontes no Ensino Superior: estrat\u00e9gias de articula\u00e7\u00e3o com os conte\u00fados de uma unidade curricular. &hellip; <\/p>\n<p class=\"link-more\"><a href=\"https:\/\/protextos.web.ua.pt\/?page_id=134\" class=\"more-link\">Continue reading<span class=\"screen-reader-text\"> &#8220;Projetos Individuais&#8221;<\/span><\/a><\/p>\n","protected":false},"author":1,"featured_media":0,"parent":85,"menu_order":0,"comment_status":"closed","ping_status":"open","template":"","meta":{"footnotes":""},"class_list":["post-134","page","type-page","status-publish","hentry"],"_links":{"self":[{"href":"https:\/\/protextos.web.ua.pt\/index.php?rest_route=\/wp\/v2\/pages\/134","targetHints":{"allow":["GET"]}}],"collection":[{"href":"https:\/\/protextos.web.ua.pt\/index.php?rest_route=\/wp\/v2\/pages"}],"about":[{"href":"https:\/\/protextos.web.ua.pt\/index.php?rest_route=\/wp\/v2\/types\/page"}],"author":[{"embeddable":true,"href":"https:\/\/protextos.web.ua.pt\/index.php?rest_route=\/wp\/v2\/users\/1"}],"replies":[{"embeddable":true,"href":"https:\/\/protextos.web.ua.pt\/index.php?rest_route=%2Fwp%2Fv2%2Fcomments&post=134"}],"version-history":[{"count":31,"href":"https:\/\/protextos.web.ua.pt\/index.php?rest_route=\/wp\/v2\/pages\/134\/revisions"}],"predecessor-version":[{"id":2473,"href":"https:\/\/protextos.web.ua.pt\/index.php?rest_route=\/wp\/v2\/pages\/134\/revisions\/2473"}],"up":[{"embeddable":true,"href":"https:\/\/protextos.web.ua.pt\/index.php?rest_route=\/wp\/v2\/pages\/85"}],"wp:attachment":[{"href":"https:\/\/protextos.web.ua.pt\/index.php?rest_route=%2Fwp%2Fv2%2Fmedia&parent=134"}],"curies":[{"name":"wp","href":"https:\/\/api.w.org\/{rel}","templated":true}]}}