{"id":1356,"date":"2018-09-18T17:13:55","date_gmt":"2018-09-18T17:13:55","guid":{"rendered":"http:\/\/protextos.web.ua.pt\/?page_id=1356"},"modified":"2018-11-13T12:29:35","modified_gmt":"2018-11-13T12:29:35","slug":"paula-carvalho","status":"publish","type":"page","link":"https:\/\/protextos.web.ua.pt\/?page_id=1356","title":{"rendered":"Paula Carvalho"},"content":{"rendered":"<p><a href=\"http:\/\/protextos.web.ua.pt\/wp-content\/uploads\/2018\/09\/Paula.jpg\"><img loading=\"lazy\" decoding=\"async\" class=\"alignright size-medium wp-image-1359\" src=\"http:\/\/protextos.web.ua.pt\/wp-content\/uploads\/2018\/09\/Paula-298x300.jpg\" alt=\"\" width=\"298\" height=\"300\" srcset=\"https:\/\/protextos.web.ua.pt\/wp-content\/uploads\/2018\/09\/Paula-298x300.jpg 298w, https:\/\/protextos.web.ua.pt\/wp-content\/uploads\/2018\/09\/Paula-150x150.jpg 150w, https:\/\/protextos.web.ua.pt\/wp-content\/uploads\/2018\/09\/Paula-100x100.jpg 100w, https:\/\/protextos.web.ua.pt\/wp-content\/uploads\/2018\/09\/Paula.jpg 720w\" sizes=\"auto, (max-width: 298px) 100vw, 298px\" \/><\/a>Paula Alexandra de Azevedo Rodrigues Carvalho, professora do 1\u00ba CEB do Agrupamento de Escolas de Aveiro<\/p>\n<ul>\n<li>Curso do Magist\u00e9rio Prim\u00e1rio pela Escola do Magist\u00e9rio Prim\u00e1rio de Aveiro.<\/li>\n<li>Licenciatura de Complemento de Forma\u00e7\u00e3o para Professores do 1\u00ba Ciclo do ensino B\u00e1sico, Especializa\u00e7\u00e3o em L\u00edngua Portuguesa.<\/li>\n<li>Mestrado em Educa\u00e7\u00e3o em L\u00ednguas no 1\u00ba Ciclo do Ensino B\u00e1sico com a disserta\u00e7\u00e3o <em>Estrutura da narrativa e abordagem da lecto-escrita no 1\u00ba CEB<\/em><strong>,<\/strong> na Universidade de Aveiro em 18\/06\/2007.<\/li>\n<li>Formadora em Portugu\u00eas \u2013 1\u00ba Ciclo (Did\u00e1ticas Espec\u00edficas.<\/li>\n<li>Formadora do Plano Nacional do Ensino do Portugu\u00eas.<\/li>\n<li>Supervisora dos Exames Nacionais do 4\u00ba ano e das Provas de Aferi\u00e7\u00e3o.<\/li>\n<li>Coordenadora de \u00c1rea Disciplinar do Agrupamento de Escolas de Aveiro.<\/li>\n<li>Professora Cooperante da Universidade de Aveiro.<\/li>\n<li>Representante do 1\u00ba CEB no Conselho Geral do Agrupamento de Escolas de Aveiro.<\/li>\n<\/ul>\n<p>&nbsp;<\/p>\n","protected":false},"excerpt":{"rendered":"<p>Paula Alexandra de Azevedo Rodrigues Carvalho, professora do 1\u00ba CEB do Agrupamento de Escolas de Aveiro Curso do Magist\u00e9rio Prim\u00e1rio pela Escola do Magist\u00e9rio Prim\u00e1rio de Aveiro. Licenciatura de Complemento de Forma\u00e7\u00e3o para Professores do 1\u00ba Ciclo do ensino B\u00e1sico, Especializa\u00e7\u00e3o em L\u00edngua Portuguesa. Mestrado em Educa\u00e7\u00e3o em L\u00ednguas no 1\u00ba Ciclo do Ensino B\u00e1sico &hellip; <\/p>\n<p class=\"link-more\"><a href=\"https:\/\/protextos.web.ua.pt\/?page_id=1356\" class=\"more-link\">Continue reading<span class=\"screen-reader-text\"> &#8220;Paula Carvalho&#8221;<\/span><\/a><\/p>\n","protected":false},"author":1,"featured_media":0,"parent":91,"menu_order":0,"comment_status":"closed","ping_status":"closed","template":"","meta":{"footnotes":""},"class_list":["post-1356","page","type-page","status-publish","hentry"],"_links":{"self":[{"href":"https:\/\/protextos.web.ua.pt\/index.php?rest_route=\/wp\/v2\/pages\/1356","targetHints":{"allow":["GET"]}}],"collection":[{"href":"https:\/\/protextos.web.ua.pt\/index.php?rest_route=\/wp\/v2\/pages"}],"about":[{"href":"https:\/\/protextos.web.ua.pt\/index.php?rest_route=\/wp\/v2\/types\/page"}],"author":[{"embeddable":true,"href":"https:\/\/protextos.web.ua.pt\/index.php?rest_route=\/wp\/v2\/users\/1"}],"replies":[{"embeddable":true,"href":"https:\/\/protextos.web.ua.pt\/index.php?rest_route=%2Fwp%2Fv2%2Fcomments&post=1356"}],"version-history":[{"count":1,"href":"https:\/\/protextos.web.ua.pt\/index.php?rest_route=\/wp\/v2\/pages\/1356\/revisions"}],"predecessor-version":[{"id":1362,"href":"https:\/\/protextos.web.ua.pt\/index.php?rest_route=\/wp\/v2\/pages\/1356\/revisions\/1362"}],"up":[{"embeddable":true,"href":"https:\/\/protextos.web.ua.pt\/index.php?rest_route=\/wp\/v2\/pages\/91"}],"wp:attachment":[{"href":"https:\/\/protextos.web.ua.pt\/index.php?rest_route=%2Fwp%2Fv2%2Fmedia&parent=1356"}],"curies":[{"name":"wp","href":"https:\/\/api.w.org\/{rel}","templated":true}]}}