{"id":137,"date":"2013-12-02T17:38:40","date_gmt":"2013-12-02T17:38:40","guid":{"rendered":"http:\/\/protextos.web.ua.pt\/?page_id=137"},"modified":"2025-05-14T11:33:05","modified_gmt":"2025-05-14T11:33:05","slug":"encontros","status":"publish","type":"page","link":"https:\/\/protextos.web.ua.pt\/?page_id=137","title":{"rendered":"Encontros\/Confer\u00eancias"},"content":{"rendered":"\n<p><a href=\"https:\/\/sites.ipleiria.pt\/4enda2025\/\" target=\"_blank\" rel=\"noreferrer noopener\">4.\u00aa edi\u00e7\u00e3o do Encontro Nacional sobre Discurso Acad\u00e9mico (ENDA 4)<\/a><\/p>\n\n\n\n<p><a rel=\"noreferrer noopener\" href=\"http:\/\/protextos.web.ua.pt\/?page_id=46\" target=\"_blank\">VI EIRE<\/a><\/p>\n\n\n\n<p><a href=\"http:\/\/protextos.web.ua.pt\/?page_id=46\" target=\"_blank\" rel=\"noreferrer noopener\">V Encontro Protextos<\/a><\/p>\n\n\n\n<p><a href=\"http:\/\/protextos.web.ua.pt\/?page_id=39\" target=\"_blank\" rel=\"noreferrer noopener\">Escrita Acad\u00e9mica<\/a><\/p>\n\n\n\n<p><a rel=\"noreferrer noopener\" href=\"http:\/\/protextos.web.ua.pt\/?page_id=125\" target=\"_blank\">PIRLS 2011<\/a><\/p>\n\n\n\n<p><a rel=\"noreferrer noopener\" href=\"http:\/\/protextos.web.ua.pt\/?page_id=129\" target=\"_blank\">Leitura: Fios para a escritura<\/a><\/p>\n\n\n\n<p><a rel=\"noreferrer noopener\" href=\"http:\/\/protextos.web.ua.pt\/?page_id=453\" target=\"_blank\">4.\u00ba Encontro de reflex\u00e3o sobre escrita \/ 2.\u00ba Encontro de Oficina de escrita<\/a><\/p>\n\n\n\n<p><a href=\"http:\/\/protextos.web.ua.pt\/?page_id=2596\" target=\"_blank\" rel=\"noreferrer noopener\">V\u00e1rios<\/a><\/p>\n","protected":false},"excerpt":{"rendered":"<p>4.\u00aa edi\u00e7\u00e3o do Encontro Nacional sobre Discurso Acad\u00e9mico (ENDA 4) VI EIRE V Encontro Protextos Escrita Acad\u00e9mica PIRLS 2011 Leitura: Fios para a escritura 4.\u00ba Encontro de reflex\u00e3o sobre escrita \/ 2.\u00ba Encontro de Oficina de escrita V\u00e1rios<\/p>\n","protected":false},"author":1,"featured_media":0,"parent":11,"menu_order":0,"comment_status":"closed","ping_status":"open","template":"","meta":{"footnotes":""},"class_list":["post-137","page","type-page","status-publish","hentry"],"_links":{"self":[{"href":"https:\/\/protextos.web.ua.pt\/index.php?rest_route=\/wp\/v2\/pages\/137","targetHints":{"allow":["GET"]}}],"collection":[{"href":"https:\/\/protextos.web.ua.pt\/index.php?rest_route=\/wp\/v2\/pages"}],"about":[{"href":"https:\/\/protextos.web.ua.pt\/index.php?rest_route=\/wp\/v2\/types\/page"}],"author":[{"embeddable":true,"href":"https:\/\/protextos.web.ua.pt\/index.php?rest_route=\/wp\/v2\/users\/1"}],"replies":[{"embeddable":true,"href":"https:\/\/protextos.web.ua.pt\/index.php?rest_route=%2Fwp%2Fv2%2Fcomments&post=137"}],"version-history":[{"count":4,"href":"https:\/\/protextos.web.ua.pt\/index.php?rest_route=\/wp\/v2\/pages\/137\/revisions"}],"predecessor-version":[{"id":2861,"href":"https:\/\/protextos.web.ua.pt\/index.php?rest_route=\/wp\/v2\/pages\/137\/revisions\/2861"}],"up":[{"embeddable":true,"href":"https:\/\/protextos.web.ua.pt\/index.php?rest_route=\/wp\/v2\/pages\/11"}],"wp:attachment":[{"href":"https:\/\/protextos.web.ua.pt\/index.php?rest_route=%2Fwp%2Fv2%2Fmedia&parent=137"}],"curies":[{"name":"wp","href":"https:\/\/api.w.org\/{rel}","templated":true}]}}