{"id":1371,"date":"2018-09-18T17:18:34","date_gmt":"2018-09-18T17:18:34","guid":{"rendered":"http:\/\/protextos.web.ua.pt\/?page_id=1371"},"modified":"2018-11-13T12:28:06","modified_gmt":"2018-11-13T12:28:06","slug":"ana-catarina-costa","status":"publish","type":"page","link":"https:\/\/protextos.web.ua.pt\/?page_id=1371","title":{"rendered":"Ana Catarina Costa"},"content":{"rendered":"<p>&nbsp;<\/p>\n<p><img loading=\"lazy\" decoding=\"async\" class=\"alignright size-medium wp-image-1374\" src=\"http:\/\/protextos.web.ua.pt\/wp-content\/uploads\/2018\/09\/Ana-225x300.jpg\" alt=\"\" width=\"225\" height=\"300\" srcset=\"https:\/\/protextos.web.ua.pt\/wp-content\/uploads\/2018\/09\/Ana-225x300.jpg 225w, https:\/\/protextos.web.ua.pt\/wp-content\/uploads\/2018\/09\/Ana-768x1024.jpg 768w, https:\/\/protextos.web.ua.pt\/wp-content\/uploads\/2018\/09\/Ana.jpg 960w\" sizes=\"auto, (max-width: 225px) 100vw, 225px\" \/><span style=\"font-size: 1rem;\">Est<\/span><span style=\"font-size: 1rem;\">udante do 2\u00ba ano d<\/span><span style=\"font-size: 1rem;\">a licenciatura em Educa\u00e7\u00e3o <\/span><span style=\"font-size: 1rem;\">B\u00e1sica na Universidade de Aveiro, colaboradora do Protextos atrav\u00e9s da iniciativa PIC-LEB &#8211; Programa de Inicia\u00e7\u00e3o Cient\u00edfica de jovens estudantes &#8211; Licenciatura em Educa\u00e7\u00e3o B\u00e1sica, do Departamento de Educa\u00e7\u00e3o e Psicologia.<\/span><\/p>\n","protected":false},"excerpt":{"rendered":"<p>&nbsp; Estudante do 2\u00ba ano da licenciatura em Educa\u00e7\u00e3o B\u00e1sica na Universidade de Aveiro, colaboradora do Protextos atrav\u00e9s da iniciativa PIC-LEB &#8211; Programa de Inicia\u00e7\u00e3o Cient\u00edfica de jovens estudantes &#8211; Licenciatura em Educa\u00e7\u00e3o B\u00e1sica, do Departamento de Educa\u00e7\u00e3o e Psicologia.<\/p>\n","protected":false},"author":1,"featured_media":0,"parent":91,"menu_order":0,"comment_status":"closed","ping_status":"closed","template":"","meta":{"footnotes":""},"class_list":["post-1371","page","type-page","status-publish","hentry"],"_links":{"self":[{"href":"https:\/\/protextos.web.ua.pt\/index.php?rest_route=\/wp\/v2\/pages\/1371","targetHints":{"allow":["GET"]}}],"collection":[{"href":"https:\/\/protextos.web.ua.pt\/index.php?rest_route=\/wp\/v2\/pages"}],"about":[{"href":"https:\/\/protextos.web.ua.pt\/index.php?rest_route=\/wp\/v2\/types\/page"}],"author":[{"embeddable":true,"href":"https:\/\/protextos.web.ua.pt\/index.php?rest_route=\/wp\/v2\/users\/1"}],"replies":[{"embeddable":true,"href":"https:\/\/protextos.web.ua.pt\/index.php?rest_route=%2Fwp%2Fv2%2Fcomments&post=1371"}],"version-history":[{"count":1,"href":"https:\/\/protextos.web.ua.pt\/index.php?rest_route=\/wp\/v2\/pages\/1371\/revisions"}],"predecessor-version":[{"id":1377,"href":"https:\/\/protextos.web.ua.pt\/index.php?rest_route=\/wp\/v2\/pages\/1371\/revisions\/1377"}],"up":[{"embeddable":true,"href":"https:\/\/protextos.web.ua.pt\/index.php?rest_route=\/wp\/v2\/pages\/91"}],"wp:attachment":[{"href":"https:\/\/protextos.web.ua.pt\/index.php?rest_route=%2Fwp%2Fv2%2Fmedia&parent=1371"}],"curies":[{"name":"wp","href":"https:\/\/api.w.org\/{rel}","templated":true}]}}