{"id":1401,"date":"2018-09-19T08:58:11","date_gmt":"2018-09-19T08:58:11","guid":{"rendered":"http:\/\/protextos.web.ua.pt\/?page_id=1401"},"modified":"2023-09-04T10:33:50","modified_gmt":"2023-09-04T10:33:50","slug":"brochuras-para-formacao-de-professores","status":"publish","type":"page","link":"https:\/\/protextos.web.ua.pt\/?page_id=1401","title":{"rendered":"Brochuras para forma\u00e7\u00e3o de professores"},"content":{"rendered":"\n<p>Para mais informa\u00e7\u00e3o, consultar os perfis dos \u201c<a rel=\"noreferrer noopener\" href=\"http:\/\/protextos.web.ua.pt\/?page_id=91\" target=\"_blank\">Membros<\/a>\u201d \u2013 CV online (Ci\u00eancia Vitae e\/ou Orcid)<\/p>\n\n\n\n<p><a href=\"https:\/\/www.dge.mec.pt\/educacao-inclusiva\/ebooks\" target=\"_blank\" rel=\"noreferrer noopener\">Brochuras sobre Educa\u00e7\u00e3o Inclusiva<\/a> \u2013 s\u00edtio da Dire\u00e7\u00e3o-Geral da Educa\u00e7\u00e3o: <\/p>\n\n\n\n<ul class=\"wp-block-list\"><li><a rel=\"noreferrer noopener\" href=\"https:\/\/www.dge.mec.pt\/sites\/default\/files\/ebooks\/a-inclusao-na-sala-de-aula.pdf\" target=\"_blank\">A Inclus\u00e3o na Sala de Aula<\/a><\/li><li><a rel=\"noreferrer noopener\" href=\"https:\/\/www.dge.mec.pt\/sites\/default\/files\/ebooks\/ambientes-de-aprendizagem-inclusivos.pdf\" target=\"_blank\">Ambientes de Aprendizagem Inclusivos<\/a><\/li><li><a rel=\"noreferrer noopener\" href=\"https:\/\/www.dge.mec.pt\/sites\/default\/files\/ebooks\/desenho-universal-para-a-aprendizagem.pdf\" target=\"_blank\">Desenho Universal para a Aprendizagem<\/a><\/li><li><a rel=\"noreferrer noopener\" href=\"https:\/\/www.dge.mec.pt\/sites\/default\/files\/ebooks\/diversidade-equidade-inclusao.pdf\" target=\"_blank\">Diversidade, Equidade, Inclus\u00e3o<\/a><\/li><li><a rel=\"noreferrer noopener\" href=\"https:\/\/www.dge.mec.pt\/sites\/default\/files\/ebooks\/gestao-da-educacao-inclusiva.pdf\" target=\"_blank\">Gest\u00e3o da Educa\u00e7\u00e3o Inclusiva<\/a><\/li><\/ul>\n\n\n\n<p>Sim\u00f5es, H., <strong>Pinto, M. O.<\/strong>, &amp; Ferreira, S. (2022). <em><a rel=\"noreferrer noopener\" href=\"https:\/\/fliphtml5.com\/boxds\/andk\" target=\"_blank\">Tarefas integradoras com os livros de literatura para a inf\u00e2ncia. Portugu\u00eas e Estudo do Meio. Ensino B\u00e1sico | 1.\u00ba Ciclo<\/a><\/em>. Escola Superior de Educa\u00e7\u00e3o. Instituto Polit\u00e9cnico de Set\u00fabal<\/p>\n\n\n<p><strong>Mariana O. Pinto<\/strong>, C. Delgado, F. Mendes (2021). <a href=\"https:\/\/comum.rcaap.pt\/handle\/10400.26\/34908\" target=\"_blank\" rel=\"noopener noreferrer\">Did\u00e1tica da Educa\u00e7\u00e3o de Inf\u00e2ncia: Tarefas Integradoras com os livros e as hist\u00f3rias: L\u00edngua Portuguesa e Matem\u00e1tica<\/a>. Instituto Polit\u00e9cnico de Set\u00fabal<\/p>\n<p><strong>Jos\u00e9 Ferreira<\/strong>, <strong>Lu\u00edsa \u00c1lvares Pereira<\/strong> e <strong>In\u00eas Cardoso<\/strong> (2020). <a href=\"http:\/\/dx.doi.org\/10.34624\/b9js-f722\" target=\"_blank\" rel=\"noopener noreferrer\">Dinamizar um blogue em Portugu\u00eas: Contributos para professores e formadores de Portugu\u00eas<\/a>. Aveiro: UA Editora.<\/p>\n<p>Matilde Gon\u00e7alves e No\u00e9mia Jorge (org.) (Comiss\u00e3o Cient\u00edfica-pedag\u00f3gica: Ant\u00f3nio Coutinho, Filomena Viegas, Florencia Miranda, Joaquim Dolz, <strong>Lu\u00edsa \u00c1lvares Pereira<\/strong>, Paulo Nunes da SIlva) (2018) <a href=\"http:\/\/protextos.web.ua.pt\/wp-content\/uploads\/2018\/11\/Literacia-Cienti\u0301fica-na-Escola.pdf\">Literacia Cienti\u0301fica na Escola<\/a>. Promo\u00e7\u00e3o da Literacia Cient\u00edfica.<\/p>\n<p><span style=\"font-weight: 400;\">Ana Lu\u00edsa Oliveira, Fernanda Reigota, Margarida Silva, Teresa Ferreira (Colaboradora: <strong>In\u00eas Cardoso<\/strong>) (2013). <\/span><i><span style=\"font-weight: 400;\"><a href=\"http:\/\/www.ua.pt\/esgtimor\/\" target=\"_blank\" rel=\"noopener noreferrer\">Manual do Aluno. Portugu\u00eas \u2013 12.\u00ba ano de escolaridade<\/a>.<\/span><\/i><span style=\"font-weight: 400;\"> Projeto &#8211; Reestrutura\u00e7\u00e3o Curricular do Ensino Secund\u00e1rio Geral em Timor-Leste. Coopera\u00e7\u00e3o entre: Minist\u00e9rio da Educa\u00e7\u00e3o de Timor-Leste, Cam\u00f5es &#8211; Instituto da Coopera\u00e7\u00e3o e da L\u00edngua, Funda\u00e7\u00e3o Calouste Gulbenkian, Universidade de Aveiro.<\/span><\/p>\n<p><span style=\"font-weight: 400;\">Ana Lu\u00edsa Oliveira, Fernanda Reigota, Margarida Silva, Teresa Ferreira (Colaboradora: <strong>In\u00eas Cardoso<\/strong>) (2013). <\/span><i><span style=\"font-weight: 400;\"><a href=\"http:\/\/www.ua.pt\/esgtimor\/\" target=\"_blank\" rel=\"noopener noreferrer\">Guia do Professor. Portugu\u00eas \u2013 12.\u00ba ano de escolaridade<\/a>.<\/span><\/i><span style=\"font-weight: 400;\"> Projeto &#8211; Reestrutura\u00e7\u00e3o Curricular do Ensino Secund\u00e1rio Geral em Timor-Leste. Coopera\u00e7\u00e3o entre: Minist\u00e9rio da Educa\u00e7\u00e3o de Timor-Leste, Cam\u00f5es &#8211; Instituto da Coopera\u00e7\u00e3o e da L\u00edngua, Funda\u00e7\u00e3o Calouste Gulbenkian, Universidade de Aveiro.<\/span><\/p>\n<p><span style=\"color: #ff6600;\"><strong>Brochuras PNEP&nbsp;<\/strong><\/span><\/p>\n<p><a href=\"http:\/\/protextos.web.ua.pt\/wp-content\/uploads\/2014\/09\/pnep1.pdf\" target=\"_blank\" rel=\"noopener noreferrer\">Pnep1<\/a>&nbsp;\u2013 Atividades para o ensino da l\u00edngua<\/p>\n<p><a href=\"http:\/\/protextos.web.ua.pt\/wp-content\/uploads\/2014\/09\/Pnep2.pdf\" target=\"_blank\" rel=\"noopener noreferrer\">Pnep2<\/a>&nbsp;\u2013 Atividades para o ensino da l\u00edngua \u2013 a compreens\u00e3o da leitura<\/p>\n<p><a href=\"http:\/\/protextos.web.ua.pt\/wp-content\/uploads\/2014\/09\/pnep3.pdf\" target=\"_blank\" rel=\"noopener noreferrer\">Pnep3<\/a>&nbsp;\u2013 Atividades para o ensino da l\u00edngua \u2013 produ\u00e7\u00e3o escrita<\/p>","protected":false},"excerpt":{"rendered":"<p>Para mais informa\u00e7\u00e3o, consultar os perfis dos \u201cMembros\u201d \u2013 CV online (Ci\u00eancia Vitae e\/ou Orcid) Brochuras sobre Educa\u00e7\u00e3o Inclusiva \u2013 s\u00edtio da Dire\u00e7\u00e3o-Geral da Educa\u00e7\u00e3o: A Inclus\u00e3o na Sala de Aula Ambientes de Aprendizagem Inclusivos Desenho Universal para a Aprendizagem Diversidade, Equidade, Inclus\u00e3o Gest\u00e3o da Educa\u00e7\u00e3o Inclusiva Sim\u00f5es, H., Pinto, M. O., &amp; Ferreira, S. &hellip; <\/p>\n<p class=\"link-more\"><a href=\"https:\/\/protextos.web.ua.pt\/?page_id=1401\" class=\"more-link\">Continue reading<span class=\"screen-reader-text\"> &#8220;Brochuras para forma\u00e7\u00e3o de professores&#8221;<\/span><\/a><\/p>\n","protected":false},"author":1,"featured_media":0,"parent":0,"menu_order":0,"comment_status":"closed","ping_status":"closed","template":"","meta":{"footnotes":""},"class_list":["post-1401","page","type-page","status-publish","hentry"],"_links":{"self":[{"href":"https:\/\/protextos.web.ua.pt\/index.php?rest_route=\/wp\/v2\/pages\/1401","targetHints":{"allow":["GET"]}}],"collection":[{"href":"https:\/\/protextos.web.ua.pt\/index.php?rest_route=\/wp\/v2\/pages"}],"about":[{"href":"https:\/\/protextos.web.ua.pt\/index.php?rest_route=\/wp\/v2\/types\/page"}],"author":[{"embeddable":true,"href":"https:\/\/protextos.web.ua.pt\/index.php?rest_route=\/wp\/v2\/users\/1"}],"replies":[{"embeddable":true,"href":"https:\/\/protextos.web.ua.pt\/index.php?rest_route=%2Fwp%2Fv2%2Fcomments&post=1401"}],"version-history":[{"count":14,"href":"https:\/\/protextos.web.ua.pt\/index.php?rest_route=\/wp\/v2\/pages\/1401\/revisions"}],"predecessor-version":[{"id":2638,"href":"https:\/\/protextos.web.ua.pt\/index.php?rest_route=\/wp\/v2\/pages\/1401\/revisions\/2638"}],"wp:attachment":[{"href":"https:\/\/protextos.web.ua.pt\/index.php?rest_route=%2Fwp%2Fv2%2Fmedia&parent=1401"}],"curies":[{"name":"wp","href":"https:\/\/api.w.org\/{rel}","templated":true}]}}