{"id":151,"date":"2013-12-02T18:04:36","date_gmt":"2013-12-02T18:04:36","guid":{"rendered":"http:\/\/protextos.web.ua.pt\/?page_id=151"},"modified":"2018-12-03T09:45:33","modified_gmt":"2018-12-03T09:45:33","slug":"luisa-alvares-pereira","status":"publish","type":"page","link":"https:\/\/protextos.web.ua.pt\/?page_id=151","title":{"rendered":"Lu\u00edsa \u00c1lvares Pereira"},"content":{"rendered":"<p style=\"text-align: right;\"><a href=\"http:\/\/protextos.web.ua.pt\/wp-content\/uploads\/2015\/09\/CV_LuisaAlvaresPereira.pdf\">CV_LuisaAlvaresPereira<\/a><\/p>\n<p style=\"text-align: right;\">\u00a0<a href=\"http:\/\/protextos.web.ua.pt\/wp-content\/uploads\/2013\/12\/FotografiaLap.jpg\"><img loading=\"lazy\" decoding=\"async\" class=\"size-medium wp-image-364 alignright\" src=\"http:\/\/protextos.web.ua.pt\/wp-content\/uploads\/2013\/12\/FotografiaLap-300x200.jpg\" alt=\"FotografiaLap\" width=\"300\" height=\"200\" srcset=\"https:\/\/protextos.web.ua.pt\/wp-content\/uploads\/2013\/12\/FotografiaLap-300x200.jpg 300w, https:\/\/protextos.web.ua.pt\/wp-content\/uploads\/2013\/12\/FotografiaLap-1024x682.jpg 1024w, https:\/\/protextos.web.ua.pt\/wp-content\/uploads\/2013\/12\/FotografiaLap-624x415.jpg 624w, https:\/\/protextos.web.ua.pt\/wp-content\/uploads\/2013\/12\/FotografiaLap.jpg 1080w\" sizes=\"auto, (max-width: 300px) 100vw, 300px\" \/><\/a><\/p>\n<p style=\"text-align: justify;\">Professora Auxiliar com agrega\u00e7\u00e3o do Departamento de Educa\u00e7\u00e3o da Universidade de Aveiro<\/p>\n<p style=\"text-align: justify;\">Investigadora do\u00a0Centro de Investiga\u00e7\u00e3o em Did\u00e1tica e Tecnologia na Forma\u00e7\u00e3o de Formadores (CIDTFF); do Grupo ALTER \u2013 An\u00e1lise de Linguagem, Trabalho Educacional e suas Rela\u00e7\u00f5es; do Grupo CRIMIC &#8211; Centre de Recherches Interdisciplinaires sur les Mondes Ib\u00e9riques et Contemporains e do\u00a0Centro de Lingu\u00edstica da Universidade Nova de Lisboa (CLUNL).<\/p>\n<p style=\"text-align: justify;\">Tem estado envolvida em v\u00e1rios projetos nacionais e internacionais como coordenadora, membro ou consultora e \u00e9 orientadora de v\u00e1rias disserta\u00e7\u00f5es de mestrado, teses de doutoramento e de projetos de p\u00f3s-doutoramento. Tem sido respons\u00e1vel por v\u00e1rios programas de forma\u00e7\u00e3o de professores, confer\u00eancias e semin\u00e1rios sobre Ensino e aprendizagem da L\u00edngua e Literatura Portuguesas em geral e sobre o Ensino e aprendizagem da Escrita, Escrita acad\u00e9mica e Forma\u00e7\u00e3o de professores de l\u00edngua. Os resultados da sua investiga\u00e7\u00e3o e da sua experi\u00eancia no ensino t\u00eam sido amplamente divulgados n\u00e3o s\u00f3 atrav\u00e9s da participa\u00e7\u00e3o em v\u00e1rios encontros cient\u00edficos nacionais e internacionais, mas tamb\u00e9m atrav\u00e9s de muitas publica\u00e7\u00f5es como autora e coautora. \u00c9 ainda membro de v\u00e1rios comit\u00e9s cient\u00edficos de livros e revistas e tem sido membro de diferentes comit\u00e9s cient\u00edficos de confer\u00eancias nacionais e internacionais.<\/p>\n<p style=\"text-align: justify;\"><b>\u00a0<\/b><\/p>\n<p style=\"text-align: justify;\"><b>Dom\u00ednio cient\u00edfico de atua\u00e7\u00e3o<\/b><\/p>\n<p style=\"text-align: justify;\">Ci\u00eancias da Educa\u00e7\u00e3o<\/p>\n<p style=\"text-align: justify;\">Did\u00e1tica de L\u00ednguas e Desenvolvimento Curricular<\/p>\n<p style=\"text-align: justify;\">Did\u00e1tica do Portugu\u00eas<\/p>\n<p style=\"text-align: justify;\">Literacia e Escrita Acad\u00e9mica<\/p>\n<p style=\"text-align: justify;\"><b>Interesses de investiga\u00e7\u00e3o<\/b><b><\/b><\/p>\n<ul style=\"text-align: justify;\">\n<li>Ensino e aprendizagem da L\u00edngua e da Literatura Portuguesas<\/li>\n<li>Ensino e aprendizagem da Escrita<\/li>\n<li>Escrita acad\u00e9mica e cient\u00edfica<\/li>\n<li>Forma\u00e7\u00e3o de professores de l\u00edngua.<\/li>\n<\/ul>\n","protected":false},"excerpt":{"rendered":"<p>CV_LuisaAlvaresPereira \u00a0 Professora Auxiliar com agrega\u00e7\u00e3o do Departamento de Educa\u00e7\u00e3o da Universidade de Aveiro Investigadora do\u00a0Centro de Investiga\u00e7\u00e3o em Did\u00e1tica e Tecnologia na Forma\u00e7\u00e3o de Formadores (CIDTFF); do Grupo ALTER \u2013 An\u00e1lise de Linguagem, Trabalho Educacional e suas Rela\u00e7\u00f5es; do Grupo CRIMIC &#8211; Centre de Recherches Interdisciplinaires sur les Mondes Ib\u00e9riques et Contemporains e do\u00a0Centro &hellip; <\/p>\n<p class=\"link-more\"><a href=\"https:\/\/protextos.web.ua.pt\/?page_id=151\" class=\"more-link\">Continue reading<span class=\"screen-reader-text\"> &#8220;Lu\u00edsa \u00c1lvares Pereira&#8221;<\/span><\/a><\/p>\n","protected":false},"author":1,"featured_media":0,"parent":91,"menu_order":0,"comment_status":"closed","ping_status":"closed","template":"","meta":{"footnotes":""},"class_list":["post-151","page","type-page","status-publish","hentry"],"_links":{"self":[{"href":"https:\/\/protextos.web.ua.pt\/index.php?rest_route=\/wp\/v2\/pages\/151","targetHints":{"allow":["GET"]}}],"collection":[{"href":"https:\/\/protextos.web.ua.pt\/index.php?rest_route=\/wp\/v2\/pages"}],"about":[{"href":"https:\/\/protextos.web.ua.pt\/index.php?rest_route=\/wp\/v2\/types\/page"}],"author":[{"embeddable":true,"href":"https:\/\/protextos.web.ua.pt\/index.php?rest_route=\/wp\/v2\/users\/1"}],"replies":[{"embeddable":true,"href":"https:\/\/protextos.web.ua.pt\/index.php?rest_route=%2Fwp%2Fv2%2Fcomments&post=151"}],"version-history":[{"count":15,"href":"https:\/\/protextos.web.ua.pt\/index.php?rest_route=\/wp\/v2\/pages\/151\/revisions"}],"predecessor-version":[{"id":1749,"href":"https:\/\/protextos.web.ua.pt\/index.php?rest_route=\/wp\/v2\/pages\/151\/revisions\/1749"}],"up":[{"embeddable":true,"href":"https:\/\/protextos.web.ua.pt\/index.php?rest_route=\/wp\/v2\/pages\/91"}],"wp:attachment":[{"href":"https:\/\/protextos.web.ua.pt\/index.php?rest_route=%2Fwp%2Fv2%2Fmedia&parent=151"}],"curies":[{"name":"wp","href":"https:\/\/api.w.org\/{rel}","templated":true}]}}