{"id":1557,"date":"2018-11-12T13:08:47","date_gmt":"2018-11-12T13:08:47","guid":{"rendered":"http:\/\/protextos.web.ua.pt\/?page_id=1557"},"modified":"2018-11-13T12:29:13","modified_gmt":"2018-11-13T12:29:13","slug":"filomena-rocha","status":"publish","type":"page","link":"https:\/\/protextos.web.ua.pt\/?page_id=1557","title":{"rendered":"Filomena Rocha"},"content":{"rendered":"<p>&nbsp;<\/p>\n<p>&nbsp;<\/p>\n<p><a href=\"http:\/\/protextos.web.ua.pt\/wp-content\/uploads\/2018\/11\/filomena1.jpg\"><img loading=\"lazy\" decoding=\"async\" class=\"alignright size-medium wp-image-1566\" src=\"http:\/\/protextos.web.ua.pt\/wp-content\/uploads\/2018\/11\/filomena1-300x292.jpg\" alt=\"\" width=\"300\" height=\"292\" srcset=\"https:\/\/protextos.web.ua.pt\/wp-content\/uploads\/2018\/11\/filomena1-300x292.jpg 300w, https:\/\/protextos.web.ua.pt\/wp-content\/uploads\/2018\/11\/filomena1.jpg 577w\" sizes=\"auto, (max-width: 300px) 100vw, 300px\" \/><\/a>Filomena Maria da Costa Rocha \u00e9 professora do 1.\u00ba Ciclo do Ensino B\u00e1sico, desde 1992, ano em que concluiu o Curso de Bacharelato em Professores do 1.\u00ba Ciclo do Ensino B\u00e1sico, pela Universidade de Aveiro.<\/p>\n<p>Em 2004, concluiu o Curso de Complementos de Forma\u00e7\u00e3o Cient\u00edfica e Pedag\u00f3gica para Professores do 1.\u00ba Ciclo do Ensino B\u00e1sico, tamb\u00e9m na Universidade de Aveiro.<\/p>\n<p>Em 2007, concluiu o Curso de Mestrado em Educa\u00e7\u00e3o em L\u00ednguas no 1.\u00ba Ciclo do Ensino B\u00e1sico pela Universidade de Aveiro, com a disserta\u00e7\u00e3o intitulada \u201cA produ\u00e7\u00e3o de textos dram\u00e1ticos na educa\u00e7\u00e3o b\u00e1sica \u2013 Um estudo com alunos do 4.\u00ba ano\u201d.<\/p>\n<p>Atualmente, leciona no Agrupamento de Escolas de Aveiro.<\/p>\n<p>Foi formadora do Programa Nacional do Ensino de Portugu\u00eas e da UNAVE (Associa\u00e7\u00e3o para a Forma\u00e7\u00e3o Profissional e Investiga\u00e7\u00e3o da Universidade de Aveiro).<\/p>\n<p>\u00c9 orientadora pedag\u00f3gico-did\u00e1tica da Pr\u00e1tica Pedag\u00f3gica Supervisionada dos cursos de Mestrado em Educa\u00e7\u00e3o Pr\u00e9-Escolar e Ensino do 1.\u00ba Ciclo do Ensino B\u00e1sico e de Mestrado em Ensino do 1.\u00ba e do 2.\u00ba ciclo do Ensino B\u00e1sico da Universidade de Aveiro.<\/p>\n<p>\u00c9 Formadora Acreditada pelo Conselho Cient\u00edfico-Pedag\u00f3gico da Forma\u00e7\u00e3o Cont\u00ednua de Braga, com o n.\u00ba de registo CCPFC\/RFO-22752\/07, na seguinte \u00e1rea e dom\u00ednio: C05 Did\u00e1ticas Espec\u00edficas (L\u00edngua Portuguesa \u2013 1.\u00ba Ciclo).<\/p>\n<p>Integra, desde o seu in\u00edcio, o Projeto de Investiga\u00e7\u00e3o PROTEXTOS.<\/p>\n","protected":false},"excerpt":{"rendered":"<p>&nbsp; &nbsp; Filomena Maria da Costa Rocha \u00e9 professora do 1.\u00ba Ciclo do Ensino B\u00e1sico, desde 1992, ano em que concluiu o Curso de Bacharelato em Professores do 1.\u00ba Ciclo do Ensino B\u00e1sico, pela Universidade de Aveiro. Em 2004, concluiu o Curso de Complementos de Forma\u00e7\u00e3o Cient\u00edfica e Pedag\u00f3gica para Professores do 1.\u00ba Ciclo do &hellip; <\/p>\n<p class=\"link-more\"><a href=\"https:\/\/protextos.web.ua.pt\/?page_id=1557\" class=\"more-link\">Continue reading<span class=\"screen-reader-text\"> &#8220;Filomena Rocha&#8221;<\/span><\/a><\/p>\n","protected":false},"author":1,"featured_media":0,"parent":91,"menu_order":0,"comment_status":"closed","ping_status":"closed","template":"","meta":{"footnotes":""},"class_list":["post-1557","page","type-page","status-publish","hentry"],"_links":{"self":[{"href":"https:\/\/protextos.web.ua.pt\/index.php?rest_route=\/wp\/v2\/pages\/1557","targetHints":{"allow":["GET"]}}],"collection":[{"href":"https:\/\/protextos.web.ua.pt\/index.php?rest_route=\/wp\/v2\/pages"}],"about":[{"href":"https:\/\/protextos.web.ua.pt\/index.php?rest_route=\/wp\/v2\/types\/page"}],"author":[{"embeddable":true,"href":"https:\/\/protextos.web.ua.pt\/index.php?rest_route=\/wp\/v2\/users\/1"}],"replies":[{"embeddable":true,"href":"https:\/\/protextos.web.ua.pt\/index.php?rest_route=%2Fwp%2Fv2%2Fcomments&post=1557"}],"version-history":[{"count":3,"href":"https:\/\/protextos.web.ua.pt\/index.php?rest_route=\/wp\/v2\/pages\/1557\/revisions"}],"predecessor-version":[{"id":1572,"href":"https:\/\/protextos.web.ua.pt\/index.php?rest_route=\/wp\/v2\/pages\/1557\/revisions\/1572"}],"up":[{"embeddable":true,"href":"https:\/\/protextos.web.ua.pt\/index.php?rest_route=\/wp\/v2\/pages\/91"}],"wp:attachment":[{"href":"https:\/\/protextos.web.ua.pt\/index.php?rest_route=%2Fwp%2Fv2%2Fmedia&parent=1557"}],"curies":[{"name":"wp","href":"https:\/\/api.w.org\/{rel}","templated":true}]}}