{"id":163,"date":"2013-12-12T19:43:39","date_gmt":"2013-12-12T19:43:39","guid":{"rendered":"http:\/\/protextos.web.ua.pt\/?page_id=163"},"modified":"2023-09-04T11:31:37","modified_gmt":"2023-09-04T11:31:37","slug":"destaques","status":"publish","type":"page","link":"https:\/\/protextos.web.ua.pt\/?page_id=163","title":{"rendered":"Liga\u00e7\u00f5es \u00fateis"},"content":{"rendered":"\n<p><a rel=\"noreferrer noopener\" href=\"http:\/\/www.app.pt\" target=\"_blank\">Associa\u00e7\u00e3o de Professores de Portugu\u00eas<\/a>;\u00a0 <a rel=\"noreferrer noopener\" href=\"https:\/\/www.facebook.com\/pages\/Associa\u00e7\u00e3o-de-Professores-de-Portugu\u00eas\/353785554643245\" target=\"_blank\">APP no Facebook<\/a><\/p>\n\n\n\n<p><a rel=\"noreferrer noopener\" href=\"http:\/\/airdf-fra.fipf.org\/accueil\" target=\"_blank\">Association Internationale pour la Recherche en Didactique du Fran\u00e7ais (AIRDF)<\/a><\/p>\n\n\n\n<p><a rel=\"noreferrer noopener\" href=\"http:\/\/www.clunl.edu.pt\/pt\/home.asp?lang=pt-pt\" target=\"_blank\">Centro de lingu\u00edstica da Universidade Nova de Lisboa<\/a><\/p>\n\n\n\n<p><a rel=\"noreferrer noopener\" href=\"https:\/\/www.ua.pt\/pt\/cidtff\" target=\"_blank\">CIDTFF &#8211; Centro de Investiga\u00e7\u00e3o em Did\u00e1tica e Tecnologia na Forma\u00e7\u00e3o de Formadores<\/a>; <a rel=\"noreferrer noopener\" href=\"https:\/\/blogs.ua.pt\/cidtff\/\" target=\"_blank\">blogue CIDTFF<\/a>; <a rel=\"noreferrer noopener\" href=\"https:\/\/cidtff.web.ua.pt\/cidtff_flashnews\/\" target=\"_blank\">newsletter CIDTFF<\/a>; <a rel=\"noreferrer noopener\" href=\"https:\/\/www.facebook.com\/cidtff\" target=\"_blank\">CIDTFF no Facebook<\/a>; <a rel=\"noreferrer noopener\" href=\"https:\/\/twitter.com\/cidtff\" target=\"_blank\">CIDTFF no twitter<\/a><\/p>\n\n\n\n<p><a rel=\"noreferrer noopener\" href=\"https:\/\/sites.google.com\/view\/edulingsigarle\/home\" target=\"_blank\">EDULING &#8211; Educational Linguistics<\/a> da <a rel=\"noreferrer noopener\" href=\"https:\/\/www.arle.be\/index.html\" target=\"_blank\">ARLE &#8211; International Association for Research in L1 Education<\/a><\/p>\n\n\n\n<p><a rel=\"noreferrer noopener\" href=\"http:\/\/www.inrp.fr\/internet_en\/\" target=\"_blank\">Institut National de Recherche P\u00e9dagogique\u00a0(INRP)<\/a><\/p>\n\n\n\n<p><a rel=\"noreferrer noopener\" href=\"https:\/\/www.jowr.org\/index.php\/jowr\" target=\"_blank\">Journal of Writing Research<\/a><\/p>\n\n\n\n<p><a rel=\"noreferrer noopener\" href=\"http:\/\/protextos.web.ua.pt\/?page_id=67\" target=\"_blank\">Logotipos ProTextos<\/a><\/p>\n\n\n\n<p><a href=\"http:\/\/protextos.web.ua.pt\/?page_id=63\" target=\"_blank\" rel=\"noreferrer noopener\">Normas APA<\/a><\/p>\n\n\n\n<p><a href=\"http:\/\/www.observalinguaportuguesa.org\/pt\">Observat\u00f3rio da L\u00edngua Portuguesa<\/a><\/p>\n\n\n\n<p><a rel=\"noreferrer noopener\" href=\"https:\/\/sites.ipleiria.pt\/pge\/\" target=\"_blank\">Portal dos G\u00e9neros Escolares &amp; Acad\u00e9micos<\/a><\/p>\n\n\n\n<p><a rel=\"noreferrer noopener\" href=\"http:\/\/readingandwritingproject.org\/\" target=\"_blank\">Reading &amp; Writing Project<\/a><\/p>\n\n\n\n<p><a rel=\"noreferrer noopener\" href=\"https:\/\/uk.sagepub.com\/en-gb\/eur\/written-communication\/journal200767\" target=\"_blank\">SAGE &#8211; Revista Written Communication<\/a><\/p>\n\n\n\n<p><a rel=\"noreferrer noopener\" href=\"http:\/\/www.fpce.up.pt\/sigwriting\/pdf\/newsletter\/sig-writing-nl-2014_1.pdf\" target=\"_blank\">SIG Writing Newsletter &#8211; Spring 2014<\/a>; <a rel=\"noreferrer noopener\" href=\"http:\/\/protextos.web.ua.pt\/wp-content\/uploads\/2013\/12\/sig-writing-nl-2015_01.pdf\" target=\"_blank\">sig-writing 2015<\/a><a rel=\"noreferrer noopener\" href=\"http:\/\/conference2014.fr\/wrab_accueil_en.php\" target=\"_blank\">WRAB<\/a><\/p>\n","protected":false},"excerpt":{"rendered":"<p>Associa\u00e7\u00e3o de Professores de Portugu\u00eas;\u00a0 APP no Facebook Association Internationale pour la Recherche en Didactique du Fran\u00e7ais (AIRDF) Centro de lingu\u00edstica da Universidade Nova de Lisboa CIDTFF &#8211; Centro de Investiga\u00e7\u00e3o em Did\u00e1tica e Tecnologia na Forma\u00e7\u00e3o de Formadores; blogue CIDTFF; newsletter CIDTFF; CIDTFF no Facebook; CIDTFF no twitter EDULING &#8211; Educational Linguistics da ARLE &hellip; <\/p>\n<p class=\"link-more\"><a href=\"https:\/\/protextos.web.ua.pt\/?page_id=163\" class=\"more-link\">Continue reading<span class=\"screen-reader-text\"> &#8220;Liga\u00e7\u00f5es \u00fateis&#8221;<\/span><\/a><\/p>\n","protected":false},"author":1,"featured_media":0,"parent":0,"menu_order":0,"comment_status":"closed","ping_status":"open","template":"","meta":{"footnotes":""},"class_list":["post-163","page","type-page","status-publish","hentry"],"_links":{"self":[{"href":"https:\/\/protextos.web.ua.pt\/index.php?rest_route=\/wp\/v2\/pages\/163","targetHints":{"allow":["GET"]}}],"collection":[{"href":"https:\/\/protextos.web.ua.pt\/index.php?rest_route=\/wp\/v2\/pages"}],"about":[{"href":"https:\/\/protextos.web.ua.pt\/index.php?rest_route=\/wp\/v2\/types\/page"}],"author":[{"embeddable":true,"href":"https:\/\/protextos.web.ua.pt\/index.php?rest_route=\/wp\/v2\/users\/1"}],"replies":[{"embeddable":true,"href":"https:\/\/protextos.web.ua.pt\/index.php?rest_route=%2Fwp%2Fv2%2Fcomments&post=163"}],"version-history":[{"count":23,"href":"https:\/\/protextos.web.ua.pt\/index.php?rest_route=\/wp\/v2\/pages\/163\/revisions"}],"predecessor-version":[{"id":2686,"href":"https:\/\/protextos.web.ua.pt\/index.php?rest_route=\/wp\/v2\/pages\/163\/revisions\/2686"}],"wp:attachment":[{"href":"https:\/\/protextos.web.ua.pt\/index.php?rest_route=%2Fwp%2Fv2%2Fmedia&parent=163"}],"curies":[{"name":"wp","href":"https:\/\/api.w.org\/{rel}","templated":true}]}}