{"id":1728,"date":"2018-11-28T21:27:39","date_gmt":"2018-11-28T21:27:39","guid":{"rendered":"http:\/\/protextos.web.ua.pt\/?page_id=1728"},"modified":"2018-11-28T21:27:39","modified_gmt":"2018-11-28T21:27:39","slug":"filipa-fidalgo-reis","status":"publish","type":"page","link":"https:\/\/protextos.web.ua.pt\/?page_id=1728","title":{"rendered":"Filipa Fidalgo Reis"},"content":{"rendered":"<p><a href=\"http:\/\/protextos.web.ua.pt\/wp-content\/uploads\/2018\/11\/14317599_736556406482134_7434646219374149070_n-1.jpg\"><img loading=\"lazy\" decoding=\"async\" class=\"size-medium wp-image-1737 alignright\" src=\"http:\/\/protextos.web.ua.pt\/wp-content\/uploads\/2018\/11\/14317599_736556406482134_7434646219374149070_n-1-300x300.jpg\" alt=\"\" width=\"300\" height=\"300\" srcset=\"https:\/\/protextos.web.ua.pt\/wp-content\/uploads\/2018\/11\/14317599_736556406482134_7434646219374149070_n-1-300x300.jpg 300w, https:\/\/protextos.web.ua.pt\/wp-content\/uploads\/2018\/11\/14317599_736556406482134_7434646219374149070_n-1-150x150.jpg 150w, https:\/\/protextos.web.ua.pt\/wp-content\/uploads\/2018\/11\/14317599_736556406482134_7434646219374149070_n-1-100x100.jpg 100w, https:\/\/protextos.web.ua.pt\/wp-content\/uploads\/2018\/11\/14317599_736556406482134_7434646219374149070_n-1.jpg 655w\" sizes=\"auto, (max-width: 300px) 100vw, 300px\" \/><\/a><\/p>\n<p>Licenciada em Educa\u00e7\u00e3o B\u00e1sica, frequenta o Mestrado em Ensino do 1.\u00ba Ciclo do Ensino B\u00e1sico e de Portugu\u00eas e Hist\u00f3ria e Geografia de Portugal no 2.\u00ba Ciclo do Ensino B\u00e1sico, na Universidade de Aveiro.<\/p>\n","protected":false},"excerpt":{"rendered":"<p>Licenciada em Educa\u00e7\u00e3o B\u00e1sica, frequenta o Mestrado em Ensino do 1.\u00ba Ciclo do Ensino B\u00e1sico e de Portugu\u00eas e Hist\u00f3ria e Geografia de Portugal no 2.\u00ba Ciclo do Ensino B\u00e1sico, na Universidade de Aveiro.<\/p>\n","protected":false},"author":1,"featured_media":0,"parent":0,"menu_order":0,"comment_status":"closed","ping_status":"closed","template":"","meta":{"footnotes":""},"class_list":["post-1728","page","type-page","status-publish","hentry"],"_links":{"self":[{"href":"https:\/\/protextos.web.ua.pt\/index.php?rest_route=\/wp\/v2\/pages\/1728","targetHints":{"allow":["GET"]}}],"collection":[{"href":"https:\/\/protextos.web.ua.pt\/index.php?rest_route=\/wp\/v2\/pages"}],"about":[{"href":"https:\/\/protextos.web.ua.pt\/index.php?rest_route=\/wp\/v2\/types\/page"}],"author":[{"embeddable":true,"href":"https:\/\/protextos.web.ua.pt\/index.php?rest_route=\/wp\/v2\/users\/1"}],"replies":[{"embeddable":true,"href":"https:\/\/protextos.web.ua.pt\/index.php?rest_route=%2Fwp%2Fv2%2Fcomments&post=1728"}],"version-history":[{"count":1,"href":"https:\/\/protextos.web.ua.pt\/index.php?rest_route=\/wp\/v2\/pages\/1728\/revisions"}],"predecessor-version":[{"id":1740,"href":"https:\/\/protextos.web.ua.pt\/index.php?rest_route=\/wp\/v2\/pages\/1728\/revisions\/1740"}],"wp:attachment":[{"href":"https:\/\/protextos.web.ua.pt\/index.php?rest_route=%2Fwp%2Fv2%2Fmedia&parent=1728"}],"curies":[{"name":"wp","href":"https:\/\/api.w.org\/{rel}","templated":true}]}}