{"id":1897,"date":"2019-02-19T13:56:47","date_gmt":"2019-02-19T13:56:47","guid":{"rendered":"http:\/\/protextos.web.ua.pt\/?page_id=1897"},"modified":"2019-02-21T14:19:50","modified_gmt":"2019-02-21T14:19:50","slug":"vi-eire","status":"publish","type":"page","link":"https:\/\/protextos.web.ua.pt\/?page_id=1897","title":{"rendered":"VI EIRE"},"content":{"rendered":"<p style=\"text-align: center;\"><strong>\u00a0<em>VI Encontro Internacional de Reflex\u00e3o sobre a Escrita<\/em>\u00a0<\/strong><\/p>\n<p style=\"text-align: center;\"><strong> algumas<em>\u00a0d\u00e9cadas de investiga\u00e7\u00e3o e ensino<\/em><\/strong><\/p>\n<p style=\"text-align: center;\">\u00a021 e 22 de junho de 2019<\/p>\n<p><a href=\"http:\/\/protextos.web.ua.pt\/wp-content\/uploads\/2019\/02\/20190218_cartaz_vieire2019-01.jpg\"><img loading=\"lazy\" decoding=\"async\" class=\"aligncenter size-large wp-image-1885\" src=\"http:\/\/protextos.web.ua.pt\/wp-content\/uploads\/2019\/02\/20190218_cartaz_vieire2019-01-724x1024.jpg\" alt=\"\" width=\"525\" height=\"743\" srcset=\"https:\/\/protextos.web.ua.pt\/wp-content\/uploads\/2019\/02\/20190218_cartaz_vieire2019-01-724x1024.jpg 724w, https:\/\/protextos.web.ua.pt\/wp-content\/uploads\/2019\/02\/20190218_cartaz_vieire2019-01-212x300.jpg 212w, https:\/\/protextos.web.ua.pt\/wp-content\/uploads\/2019\/02\/20190218_cartaz_vieire2019-01-768x1086.jpg 768w\" sizes=\"auto, (max-width: 525px) 100vw, 525px\" \/><\/a><\/p>\n<p>O Encontro encontra-se acreditado como Curso de Forma\u00e7\u00e3o correspondente a 12 horas. O\u00a0<a href=\"http:\/\/protextos.web.ua.pt\/vi-eire2019\/index.php\/programa\/\">programa<\/a>\u00a0contempla confer\u00eancias e pain\u00e9is com debates; apresenta\u00e7\u00e3o de comunica\u00e7\u00f5es, momentos pr\u00e1ticos de reflex\u00e3o e partilha em oficinas de forma\u00e7\u00e3o. Destina-se a\u00a0professores de v\u00e1rias disciplinas, formadores, investigadores, estudantes de licenciaturas em ensino e de p\u00f3s-gradua\u00e7\u00e3o.<\/p>\n<p><strong>Comiss\u00e3o Organizadora:<\/strong><\/p>\n<p>Lu\u00edsa \u00c1lvares Pereira<br \/>\nJos\u00e9 Ant\u00f3nio Brand\u00e3o Carvalho<br \/>\nLu\u00eds Filipe Barbeiro<br \/>\nIn\u00eas Cardoso<br \/>\nRosa L\u00eddia Coimbra<br \/>\nFausto Caels<br \/>\nMarta Alexandre<br \/>\nMaria Jos\u00e9 Gamboa<br \/>\nLuciana Gra\u00e7a<br \/>\nMariana Oliveira Pinto<br \/>\nFilipa Fidalgo Reis<\/p>\n<p><strong>Comiss\u00e3o Cient\u00edfica:\u00a0<\/strong><\/p>\n<p>Ana Lu\u00edsa Costa<br \/>\nCarlos Gouveia<br \/>\nConcei\u00e7\u00e3o Siopa<br \/>\nEduardo Calil<br \/>\nFausto Caels<br \/>\nGla\u00eds Sales Cordeiro<br \/>\nIn\u00eas Cardoso<br \/>\nIn\u00eas Sim-Sim<br \/>\nJoaquim Dolz<br \/>\nJos\u00e9 Ant\u00f3nio Brand\u00e3o Carvalho<br \/>\nLuciana Gra\u00e7a<br \/>\nLu\u00eds Filipe Barbeiro<br \/>\nLu\u00edsa \u00c1lvares Pereira<br \/>\nMatilde Gon\u00e7alves<br \/>\nMargarida Alves Martins<br \/>\nMaria Ant\u00f3nia Coutinho<br \/>\nMaria Jos\u00e9 Loureiro<br \/>\nMariana Oliveira Pinto<br \/>\nNo\u00e9mia Jorge<br \/>\nMaria Jos\u00e9 Gamboa<br \/>\nMarta Alexandre<br \/>\nRosa L\u00eddia Coimbra<br \/>\nRosalice Pinto<br \/>\nRui Aves<\/p>\n<p><strong>Objetivos do encontro:<\/strong><\/p>\n<p>\u2013 Discutir resultados da investiga\u00e7\u00e3o dos grupos \u201cProTextos\u201d e \u201cReflex\u00e3o sobre a Escrita\u201d sobre pr\u00e1ticas de ensino e aprendizagem da escrita;<br \/>\n\u2013 Partilhar dispositivos e materiais did\u00e1ticos no contexto do ensino de v\u00e1rios g\u00e9neros de texto;<br \/>\n\u2013 Apresentar e discutir diferentes perspetivas de problematizar e programar o ensino e a aprendizagem da escrita;<br \/>\n\u2013 Promover a cria\u00e7\u00e3o e estreitamento de redes de colabora\u00e7\u00e3o entre a UA e outras institui\u00e7\u00f5es de v\u00e1rios graus de ensino e investiga\u00e7\u00e3o;<br \/>\n\u2013 Criar oportunidades de reflex\u00e3o e de forma\u00e7\u00e3o cont\u00ednua e colaborativa de acordo com as necessidades dos sujeitos.<\/p>\n<p>Para mais informa\u00e7\u00f5es:\u00a0<a href=\"http:\/\/protextos.web.ua.pt\/vi-eire2019\/\">http:\/\/protextos.web.ua.pt\/vi-eire2019\/<\/a><\/p>\n","protected":false},"excerpt":{"rendered":"<p>\u00a0VI Encontro Internacional de Reflex\u00e3o sobre a Escrita\u00a0 algumas\u00a0d\u00e9cadas de investiga\u00e7\u00e3o e ensino \u00a021 e 22 de junho de 2019 O Encontro encontra-se acreditado como Curso de Forma\u00e7\u00e3o correspondente a 12 horas. O\u00a0programa\u00a0contempla confer\u00eancias e pain\u00e9is com debates; apresenta\u00e7\u00e3o de comunica\u00e7\u00f5es, momentos pr\u00e1ticos de reflex\u00e3o e partilha em oficinas de forma\u00e7\u00e3o. Destina-se a\u00a0professores de v\u00e1rias &hellip; <\/p>\n<p class=\"link-more\"><a href=\"https:\/\/protextos.web.ua.pt\/?page_id=1897\" class=\"more-link\">Continue reading<span class=\"screen-reader-text\"> &#8220;VI EIRE&#8221;<\/span><\/a><\/p>\n","protected":false},"author":1,"featured_media":0,"parent":0,"menu_order":0,"comment_status":"closed","ping_status":"closed","template":"","meta":{"footnotes":""},"class_list":["post-1897","page","type-page","status-publish","hentry"],"_links":{"self":[{"href":"https:\/\/protextos.web.ua.pt\/index.php?rest_route=\/wp\/v2\/pages\/1897","targetHints":{"allow":["GET"]}}],"collection":[{"href":"https:\/\/protextos.web.ua.pt\/index.php?rest_route=\/wp\/v2\/pages"}],"about":[{"href":"https:\/\/protextos.web.ua.pt\/index.php?rest_route=\/wp\/v2\/types\/page"}],"author":[{"embeddable":true,"href":"https:\/\/protextos.web.ua.pt\/index.php?rest_route=\/wp\/v2\/users\/1"}],"replies":[{"embeddable":true,"href":"https:\/\/protextos.web.ua.pt\/index.php?rest_route=%2Fwp%2Fv2%2Fcomments&post=1897"}],"version-history":[{"count":4,"href":"https:\/\/protextos.web.ua.pt\/index.php?rest_route=\/wp\/v2\/pages\/1897\/revisions"}],"predecessor-version":[{"id":1921,"href":"https:\/\/protextos.web.ua.pt\/index.php?rest_route=\/wp\/v2\/pages\/1897\/revisions\/1921"}],"wp:attachment":[{"href":"https:\/\/protextos.web.ua.pt\/index.php?rest_route=%2Fwp%2Fv2%2Fmedia&parent=1897"}],"curies":[{"name":"wp","href":"https:\/\/api.w.org\/{rel}","templated":true}]}}