{"id":2476,"date":"2023-08-29T13:28:52","date_gmt":"2023-08-29T13:28:52","guid":{"rendered":"http:\/\/protextos.web.ua.pt\/?page_id=2476"},"modified":"2023-08-29T13:28:52","modified_gmt":"2023-08-29T13:28:52","slug":"projetos-pedagogicos","status":"publish","type":"page","link":"https:\/\/protextos.web.ua.pt\/?page_id=2476","title":{"rendered":"Projetos Pedag\u00f3gicos"},"content":{"rendered":"\n<p>Produ\u00e7\u00e3o do livro: Receitas chinesas escritas por alunos de Reda\u00e7\u00e3o em Portugu\u00eas III: Licenciatura em L\u00edngua Portuguesa Aplicada (LPA) \u2013 Ano Letivo 2019\/20, dispon\u00edvel em <a rel=\"noreferrer noopener\" href=\"https:\/\/www.ipleiria.pt\/esecs\/wp-content\/uploads\/sites\/15\/2020\/11\/Livro_Receitas_AF_baixa.pdf\" target=\"_blank\">https:\/\/www.ipleiria.pt\/esecs\/wp-content\/uploads\/sites\/15\/2020\/11\/Livro_Receitas_AF_baixa.pdf<\/a><br><\/p>\n\n\n\n<p>Projeto de escrita criativa \u2013 literatura infantojuvenil \u2013 Cria\u00e7\u00e3o de livros de hist\u00f3rias para oferta a pa\u00edses lus\u00f3fonos<\/p>\n\n\n\n<ul class=\"wp-block-list\"><li><a rel=\"noreferrer noopener\" href=\"https:\/\/www.dropbox.com\/sh\/fk7c61h7lv084rw\/AACLeGwqZ0fZPGDjylxq7YDaa?dl=0\" target=\"_blank\">Livros 2027\/18<\/a><\/li><li><a rel=\"noreferrer noopener\" href=\"https:\/\/www.dropbox.com\/sh\/qzo75oak0o6xzk8\/AADZZ-mkrz7qSLoxntoaHc3Ua?dl=0\" target=\"_blank\">Livros 2018\/19<\/a><\/li><\/ul>\n\n\n\n<p>Para mais informa\u00e7\u00f5es e outros projetos \u2013 <em>Vide<\/em> \u201c<a href=\"http:\/\/protextos.web.ua.pt\/?page_id=13\" target=\"_blank\" rel=\"noreferrer noopener\">Contactos<\/a>\u201d<\/p>\n","protected":false},"excerpt":{"rendered":"<p>Produ\u00e7\u00e3o do livro: Receitas chinesas escritas por alunos de Reda\u00e7\u00e3o em Portugu\u00eas III: Licenciatura em L\u00edngua Portuguesa Aplicada (LPA) \u2013 Ano Letivo 2019\/20, dispon\u00edvel em https:\/\/www.ipleiria.pt\/esecs\/wp-content\/uploads\/sites\/15\/2020\/11\/Livro_Receitas_AF_baixa.pdf Projeto de escrita criativa \u2013 literatura infantojuvenil \u2013 Cria\u00e7\u00e3o de livros de hist\u00f3rias para oferta a pa\u00edses lus\u00f3fonos Livros 2027\/18 Livros 2018\/19 Para mais informa\u00e7\u00f5es e outros projetos \u2013 &hellip; <\/p>\n<p class=\"link-more\"><a href=\"https:\/\/protextos.web.ua.pt\/?page_id=2476\" class=\"more-link\">Continue reading<span class=\"screen-reader-text\"> &#8220;Projetos Pedag\u00f3gicos&#8221;<\/span><\/a><\/p>\n","protected":false},"author":1,"featured_media":0,"parent":861,"menu_order":2,"comment_status":"closed","ping_status":"closed","template":"","meta":{"footnotes":""},"class_list":["post-2476","page","type-page","status-publish","hentry"],"_links":{"self":[{"href":"https:\/\/protextos.web.ua.pt\/index.php?rest_route=\/wp\/v2\/pages\/2476","targetHints":{"allow":["GET"]}}],"collection":[{"href":"https:\/\/protextos.web.ua.pt\/index.php?rest_route=\/wp\/v2\/pages"}],"about":[{"href":"https:\/\/protextos.web.ua.pt\/index.php?rest_route=\/wp\/v2\/types\/page"}],"author":[{"embeddable":true,"href":"https:\/\/protextos.web.ua.pt\/index.php?rest_route=\/wp\/v2\/users\/1"}],"replies":[{"embeddable":true,"href":"https:\/\/protextos.web.ua.pt\/index.php?rest_route=%2Fwp%2Fv2%2Fcomments&post=2476"}],"version-history":[{"count":6,"href":"https:\/\/protextos.web.ua.pt\/index.php?rest_route=\/wp\/v2\/pages\/2476\/revisions"}],"predecessor-version":[{"id":2494,"href":"https:\/\/protextos.web.ua.pt\/index.php?rest_route=\/wp\/v2\/pages\/2476\/revisions\/2494"}],"up":[{"embeddable":true,"href":"https:\/\/protextos.web.ua.pt\/index.php?rest_route=\/wp\/v2\/pages\/861"}],"wp:attachment":[{"href":"https:\/\/protextos.web.ua.pt\/index.php?rest_route=%2Fwp%2Fv2%2Fmedia&parent=2476"}],"curies":[{"name":"wp","href":"https:\/\/api.w.org\/{rel}","templated":true}]}}