{"id":297,"date":"2014-09-22T14:33:58","date_gmt":"2014-09-22T14:33:58","guid":{"rendered":"http:\/\/protextos.web.ua.pt\/?page_id=297"},"modified":"2022-04-22T15:38:27","modified_gmt":"2022-04-22T15:38:27","slug":"ines-cardoso","status":"publish","type":"page","link":"https:\/\/protextos.web.ua.pt\/?page_id=297","title":{"rendered":"In\u00eas Cardoso"},"content":{"rendered":"\n<div class=\"wp-block-image\"><figure class=\"alignright size-large is-resized\"><a href=\"http:\/\/protextos.web.ua.pt\/wp-content\/uploads\/2014\/09\/11.jpg\"><img loading=\"lazy\" decoding=\"async\" src=\"http:\/\/protextos.web.ua.pt\/wp-content\/uploads\/2022\/04\/Ines_Cardoso_2022-768x1024.jpeg\" alt=\"\" class=\"wp-image-2326\" width=\"222\" height=\"296\" srcset=\"https:\/\/protextos.web.ua.pt\/wp-content\/uploads\/2022\/04\/Ines_Cardoso_2022-768x1024.jpeg 768w, https:\/\/protextos.web.ua.pt\/wp-content\/uploads\/2022\/04\/Ines_Cardoso_2022-225x300.jpeg 225w, https:\/\/protextos.web.ua.pt\/wp-content\/uploads\/2022\/04\/Ines_Cardoso_2022-1152x1536.jpeg 1152w, https:\/\/protextos.web.ua.pt\/wp-content\/uploads\/2022\/04\/Ines_Cardoso_2022.jpeg 1536w\" sizes=\"auto, (max-width: 222px) 100vw, 222px\" \/><\/a><\/figure><\/div>\n\n\n\n<p>\u00c9 Professora Adjunta do Departamento de L\u00ednguas e Literaturas da Escola Superior de Educa\u00e7\u00e3o de Santar\u00e9m.<\/p>\n\n\n\n<p>Licenciada em ensino de Portugu\u00eas, Latim e Grego (2004) pela Universidade de Aveiro, e doutorada em Did\u00e1tica (2009), na mesma institui\u00e7\u00e3o, com financiamento da<em> Funda\u00e7\u00e3o para a Ci\u00eancia e a Tecnologia<\/em>, tem lecionado, em Portugal (nos 2.\u00ba e 3.\u00ba ciclos do Ensino B\u00e1sico e no Ensino Superior) e no estrangeiro, bem como prosseguido investiga\u00e7\u00e3o, inclusivamente no contexto de um P\u00f3s-Doutoramento (FCT, 2009-2013). Tem atuado tamb\u00e9m na forma\u00e7\u00e3o inicial e cont\u00ednua de professores, em Portugal, no Brasil e no Canad\u00e1, pa\u00eds este onde foi, de outubro de 2013 a junho de 2019, \u201cSessional Assistant Professor\u201d, docente do <em>Cam\u00f5es, Instituto da Coopera\u00e7\u00e3o e da L\u00edngua<\/em>, em <em>Portuguese and Luso-Brazilian Studies<\/em>, na <em>York University<\/em>, em Toronto.<\/p>\n\n\n\n<p>Os seus principais interesses, vis\u00edveis na sua atividade cient\u00edfica e na coautoria na produ\u00e7\u00e3o de materiais did\u00e1ticos, centram-se na Did\u00e1tica do Portugu\u00eas como l\u00edngua materna e n\u00e3o materna, Did\u00e1tica da Escrita e forma\u00e7\u00e3o de professores. A <em>rela\u00e7\u00e3o<\/em> dos sujeitos com a <em>escola e o saber<\/em>, e com a <em>l\u00edngua<\/em> &#8211; sobretudo com a <em>escrita escolar<\/em> e <em>extraescolar <\/em>&#8211; interessa-lhe particularmente, n\u00e3o s\u00f3 pelo potencial contributo na conce\u00e7\u00e3o de dispositivos did\u00e1ticos que atendam \u00e0 complexidade destas \u201crela\u00e7\u00f5es\u201d, favorecendo o (des)envolvimento, mas tamb\u00e9m pelas possibilidades da escrita como promotora de desenvolvimento pessoal e profissional.<\/p>\n\n\n\n<p>\u00c9 membro fundador e coordenadora do grupo \u201c<a rel=\"noreferrer noopener\" href=\"http:\/\/protextos.web.ua.pt\/\" target=\"_blank\">ProTextos: Ensino e Aprendizagem da Escrita de Textos<\/a>\u201d desde novembro de 2019. Tem estado envolvida em projetos de investiga\u00e7\u00e3o nacionais e internacionais, como \u201cEuropean Research Network on Learning to Write Effectively\u201d e integra o <a rel=\"noreferrer noopener\" href=\"https:\/\/www.ua.pt\/cidtff\/entrada\" target=\"_blank\">Centro de Investiga\u00e7\u00e3o \u201cDid\u00e1tica e Tecnologia na Forma\u00e7\u00e3o de Formadores\u201d<\/a>.<\/p>\n\n\n\n<p>Ci\u00eancia ID: <a href=\"https:\/\/www.cienciavitae.pt\/portal\/F212-7DB4-E007\" target=\"_blank\" rel=\"noreferrer noopener\">F212-7DB4-E007<\/a><br><a rel=\"noreferrer noopener\" href=\"http:\/\/orcid.org\/0000-0003-2687-2424\" target=\"_blank\">ORCID (algumas publica\u00e7\u00f5es)<\/a><\/p>\n","protected":false},"excerpt":{"rendered":"<p>\u00c9 Professora Adjunta do Departamento de L\u00ednguas e Literaturas da Escola Superior de Educa\u00e7\u00e3o de Santar\u00e9m. Licenciada em ensino de Portugu\u00eas, Latim e Grego (2004) pela Universidade de Aveiro, e doutorada em Did\u00e1tica (2009), na mesma institui\u00e7\u00e3o, com financiamento da Funda\u00e7\u00e3o para a Ci\u00eancia e a Tecnologia, tem lecionado, em Portugal (nos 2.\u00ba e 3.\u00ba &hellip; <\/p>\n<p class=\"link-more\"><a href=\"https:\/\/protextos.web.ua.pt\/?page_id=297\" class=\"more-link\">Continue reading<span class=\"screen-reader-text\"> &#8220;In\u00eas Cardoso&#8221;<\/span><\/a><\/p>\n","protected":false},"author":1,"featured_media":0,"parent":91,"menu_order":0,"comment_status":"closed","ping_status":"closed","template":"","meta":{"footnotes":""},"class_list":["post-297","page","type-page","status-publish","hentry"],"_links":{"self":[{"href":"https:\/\/protextos.web.ua.pt\/index.php?rest_route=\/wp\/v2\/pages\/297","targetHints":{"allow":["GET"]}}],"collection":[{"href":"https:\/\/protextos.web.ua.pt\/index.php?rest_route=\/wp\/v2\/pages"}],"about":[{"href":"https:\/\/protextos.web.ua.pt\/index.php?rest_route=\/wp\/v2\/types\/page"}],"author":[{"embeddable":true,"href":"https:\/\/protextos.web.ua.pt\/index.php?rest_route=\/wp\/v2\/users\/1"}],"replies":[{"embeddable":true,"href":"https:\/\/protextos.web.ua.pt\/index.php?rest_route=%2Fwp%2Fv2%2Fcomments&post=297"}],"version-history":[{"count":16,"href":"https:\/\/protextos.web.ua.pt\/index.php?rest_route=\/wp\/v2\/pages\/297\/revisions"}],"predecessor-version":[{"id":2338,"href":"https:\/\/protextos.web.ua.pt\/index.php?rest_route=\/wp\/v2\/pages\/297\/revisions\/2338"}],"up":[{"embeddable":true,"href":"https:\/\/protextos.web.ua.pt\/index.php?rest_route=\/wp\/v2\/pages\/91"}],"wp:attachment":[{"href":"https:\/\/protextos.web.ua.pt\/index.php?rest_route=%2Fwp%2Fv2%2Fmedia&parent=297"}],"curies":[{"name":"wp","href":"https:\/\/api.w.org\/{rel}","templated":true}]}}