{"id":323,"date":"2014-09-24T08:52:55","date_gmt":"2014-09-24T08:52:55","guid":{"rendered":"http:\/\/protextos.web.ua.pt\/?page_id=323"},"modified":"2021-02-01T11:49:48","modified_gmt":"2021-02-01T11:49:48","slug":"elsa-direito","status":"publish","type":"page","link":"https:\/\/protextos.web.ua.pt\/?page_id=323","title":{"rendered":"Elsa Direito"},"content":{"rendered":"<p style=\"text-align: justify;\"><a href=\"http:\/\/protextos.web.ua.pt\/wp-content\/uploads\/2014\/09\/elsadireito.jpg\"><img loading=\"lazy\" decoding=\"async\" class=\"size-medium wp-image-324 alignright\" src=\"http:\/\/protextos.web.ua.pt\/wp-content\/uploads\/2014\/09\/elsadireito-269x300.jpg\" alt=\"elsadireito\" width=\"269\" height=\"300\" srcset=\"https:\/\/protextos.web.ua.pt\/wp-content\/uploads\/2014\/09\/elsadireito-269x300.jpg 269w, https:\/\/protextos.web.ua.pt\/wp-content\/uploads\/2014\/09\/elsadireito.jpg 606w\" sizes=\"auto, (max-width: 269px) 100vw, 269px\" \/><\/a>Licenciada pela Faculdade de Letras da Universidade de Coimbra, em L\u00ednguas e Literaturas Modernas, na variante de Estudos Portugueses \/ Franceses, \u00e9 professora do terceiro ciclo do Ensino B\u00e1sico e do Ensino Secund\u00e1rio, desde 1988.<\/p>\n<p>Frequentou o Curso de Forma\u00e7\u00e3o Avan\u00e7ada do Programa Doutoral em Did\u00e1tica e Forma\u00e7\u00e3o, Ramo Supervis\u00e3o, que concluiu em 2014. Colabora no grupo \u00abProTextos \u2013 Ensino e Aprendizagem da Escrita de textos\u00bb desde 2009.<\/p>\n<p>Os seus interesses de forma\u00e7\u00e3o e de investiga\u00e7\u00e3o concentram-se na did\u00e1tica do Portugu\u00eas e do Franc\u00eas, na did\u00e1tica da escrita, na rela\u00e7\u00e3o dos professores de diferentes disciplinas com a escrita, na escrita na escola, na avalia\u00e7\u00e3o da escrita, na forma\u00e7\u00e3o de professores.<\/p>\n","protected":false},"excerpt":{"rendered":"<p>Licenciada pela Faculdade de Letras da Universidade de Coimbra, em L\u00ednguas e Literaturas Modernas, na variante de Estudos Portugueses \/ Franceses, \u00e9 professora do terceiro ciclo do Ensino B\u00e1sico e do Ensino Secund\u00e1rio, desde 1988. Frequentou o Curso de Forma\u00e7\u00e3o Avan\u00e7ada do Programa Doutoral em Did\u00e1tica e Forma\u00e7\u00e3o, Ramo Supervis\u00e3o, que concluiu em 2014. Colabora &hellip; <\/p>\n<p class=\"link-more\"><a href=\"https:\/\/protextos.web.ua.pt\/?page_id=323\" class=\"more-link\">Continue reading<span class=\"screen-reader-text\"> &#8220;Elsa Direito&#8221;<\/span><\/a><\/p>\n","protected":false},"author":1,"featured_media":0,"parent":91,"menu_order":0,"comment_status":"closed","ping_status":"closed","template":"","meta":{"footnotes":""},"class_list":["post-323","page","type-page","status-publish","hentry"],"_links":{"self":[{"href":"https:\/\/protextos.web.ua.pt\/index.php?rest_route=\/wp\/v2\/pages\/323","targetHints":{"allow":["GET"]}}],"collection":[{"href":"https:\/\/protextos.web.ua.pt\/index.php?rest_route=\/wp\/v2\/pages"}],"about":[{"href":"https:\/\/protextos.web.ua.pt\/index.php?rest_route=\/wp\/v2\/types\/page"}],"author":[{"embeddable":true,"href":"https:\/\/protextos.web.ua.pt\/index.php?rest_route=\/wp\/v2\/users\/1"}],"replies":[{"embeddable":true,"href":"https:\/\/protextos.web.ua.pt\/index.php?rest_route=%2Fwp%2Fv2%2Fcomments&post=323"}],"version-history":[{"count":4,"href":"https:\/\/protextos.web.ua.pt\/index.php?rest_route=\/wp\/v2\/pages\/323\/revisions"}],"predecessor-version":[{"id":2130,"href":"https:\/\/protextos.web.ua.pt\/index.php?rest_route=\/wp\/v2\/pages\/323\/revisions\/2130"}],"up":[{"embeddable":true,"href":"https:\/\/protextos.web.ua.pt\/index.php?rest_route=\/wp\/v2\/pages\/91"}],"wp:attachment":[{"href":"https:\/\/protextos.web.ua.pt\/index.php?rest_route=%2Fwp%2Fv2%2Fmedia&parent=323"}],"curies":[{"name":"wp","href":"https:\/\/api.w.org\/{rel}","templated":true}]}}