{"id":398,"date":"2014-12-08T21:01:06","date_gmt":"2014-12-08T21:01:06","guid":{"rendered":"http:\/\/protextos.web.ua.pt\/?page_id=398"},"modified":"2018-12-14T16:49:37","modified_gmt":"2018-12-14T16:49:37","slug":"jose-ferreira","status":"publish","type":"page","link":"https:\/\/protextos.web.ua.pt\/?page_id=398","title":{"rendered":"Jos\u00e9 Ferreira"},"content":{"rendered":"<p style=\"text-align: justify;\"><img loading=\"lazy\" decoding=\"async\" class=\"alignnone size-full wp-image-399\" src=\"http:\/\/protextos.web.ua.pt\/wp-content\/uploads\/2014\/12\/Ze.jpg\" alt=\"Ze\" width=\"102\" height=\"125\" \/><\/p>\n<p style=\"text-align: justify;\">Atualmente \u00e9 docente de Portugu\u00eas (Grupo 300) no Agrupamento de Escolas Ferreira da Silva (Cucuj\u00e3es).<\/p>\n<p style=\"text-align: justify;\">Licenciado em <i>Humanidades<\/i>, desde 1994, pela Universidade Cat\u00f3lica de Viseu, mestrado em <i>Estudos Hist\u00f3ricos Europeus<\/i>, em 2003, pela Universidade de \u00c9vora, e doutorado, em <i>Multim\u00e9dia em Educa\u00e7\u00e3o<\/i>, em 2014, pela Universidade de Aveiro (UA), sob a orienta\u00e7\u00e3o cient\u00edfica de Lu\u00eds Barbeiro e Lu\u00edsa \u00c1lvares Pereira<i>.<\/i><\/p>\n<p style=\"text-align: justify;\">Tem lecionado Portugu\u00eas nos Ensinos B\u00e1sico (2.\u00ba e 3.\u00ba ciclos) e Secund\u00e1rio e \u00e9 membro do grupo \u201cPROTEXTOS &#8211; Ensino da produ\u00e7\u00e3o de textos\u201d, do Departamento de Educa\u00e7\u00e3o da UA, coordenado por Lu\u00edsa \u00c1lvares Pereira.<\/p>\n<p style=\"text-align: justify;\">De entre os seus atuais interesses de investiga\u00e7\u00e3o\/forma\u00e7\u00e3o\/ensino, salientam-se os seguintes:<\/p>\n<ul style=\"text-align: justify;\">\n<li>Did\u00e1tica da Escrita<\/li>\n<li>Pr\u00e1ticas de ensino e aprendizagem<\/li>\n<li>Forma\u00e7\u00e3o de Professores no ensino da Escrita<\/li>\n<\/ul>\n<p style=\"text-align: justify;\">\n","protected":false},"excerpt":{"rendered":"<p>Atualmente \u00e9 docente de Portugu\u00eas (Grupo 300) no Agrupamento de Escolas Ferreira da Silva (Cucuj\u00e3es). Licenciado em Humanidades, desde 1994, pela Universidade Cat\u00f3lica de Viseu, mestrado em Estudos Hist\u00f3ricos Europeus, em 2003, pela Universidade de \u00c9vora, e doutorado, em Multim\u00e9dia em Educa\u00e7\u00e3o, em 2014, pela Universidade de Aveiro (UA), sob a orienta\u00e7\u00e3o cient\u00edfica de Lu\u00eds &hellip; <\/p>\n<p class=\"link-more\"><a href=\"https:\/\/protextos.web.ua.pt\/?page_id=398\" class=\"more-link\">Continue reading<span class=\"screen-reader-text\"> &#8220;Jos\u00e9 Ferreira&#8221;<\/span><\/a><\/p>\n","protected":false},"author":1,"featured_media":0,"parent":91,"menu_order":0,"comment_status":"closed","ping_status":"closed","template":"","meta":{"footnotes":""},"class_list":["post-398","page","type-page","status-publish","hentry"],"_links":{"self":[{"href":"https:\/\/protextos.web.ua.pt\/index.php?rest_route=\/wp\/v2\/pages\/398","targetHints":{"allow":["GET"]}}],"collection":[{"href":"https:\/\/protextos.web.ua.pt\/index.php?rest_route=\/wp\/v2\/pages"}],"about":[{"href":"https:\/\/protextos.web.ua.pt\/index.php?rest_route=\/wp\/v2\/types\/page"}],"author":[{"embeddable":true,"href":"https:\/\/protextos.web.ua.pt\/index.php?rest_route=\/wp\/v2\/users\/1"}],"replies":[{"embeddable":true,"href":"https:\/\/protextos.web.ua.pt\/index.php?rest_route=%2Fwp%2Fv2%2Fcomments&post=398"}],"version-history":[{"count":11,"href":"https:\/\/protextos.web.ua.pt\/index.php?rest_route=\/wp\/v2\/pages\/398\/revisions"}],"predecessor-version":[{"id":403,"href":"https:\/\/protextos.web.ua.pt\/index.php?rest_route=\/wp\/v2\/pages\/398\/revisions\/403"}],"up":[{"embeddable":true,"href":"https:\/\/protextos.web.ua.pt\/index.php?rest_route=\/wp\/v2\/pages\/91"}],"wp:attachment":[{"href":"https:\/\/protextos.web.ua.pt\/index.php?rest_route=%2Fwp%2Fv2%2Fmedia&parent=398"}],"curies":[{"name":"wp","href":"https:\/\/api.w.org\/{rel}","templated":true}]}}