{"id":46,"date":"2013-11-12T11:38:51","date_gmt":"2013-11-12T11:38:51","guid":{"rendered":"http:\/\/protextos.web.ua.pt\/?page_id=46"},"modified":"2018-11-13T12:32:20","modified_gmt":"2018-11-13T12:32:20","slug":"v-encontro-int-de-reflexao-sobre-a-escrita","status":"publish","type":"page","link":"https:\/\/protextos.web.ua.pt\/?page_id=46","title":{"rendered":"V Encontro Protextos"},"content":{"rendered":"<p align=\"center\"><strong>Protextos: um Projeto para o Ensino, Forma\u00e7\u00e3o e Aprendizagem da Produ\u00e7\u00e3o Textual<\/strong><\/p>\n<p align=\"center\">(PTDC\/CPE-CED\/101009\/2008)<strong>\u00a0<\/strong><\/p>\n<p align=\"center\"><strong>4, 5 e 6 de julho de 2013<\/strong><\/p>\n<p align=\"center\">\u00a0\u00a0\u00a0<a href=\"http:\/\/protextos.web.ua.pt\/wp-content\/uploads\/2013\/11\/cartaz_encontro_27062013.png\"><img loading=\"lazy\" decoding=\"async\" class=\"alignnone size-large wp-image-47\" alt=\"cartaz_encontro_27062013\" src=\"http:\/\/protextos.web.ua.pt\/wp-content\/uploads\/2013\/11\/cartaz_encontro_27062013-741x1024.png\" width=\"625\" height=\"863\" srcset=\"https:\/\/protextos.web.ua.pt\/wp-content\/uploads\/2013\/11\/cartaz_encontro_27062013-741x1024.png 741w, https:\/\/protextos.web.ua.pt\/wp-content\/uploads\/2013\/11\/cartaz_encontro_27062013-217x300.png 217w, https:\/\/protextos.web.ua.pt\/wp-content\/uploads\/2013\/11\/cartaz_encontro_27062013-624x861.png 624w, https:\/\/protextos.web.ua.pt\/wp-content\/uploads\/2013\/11\/cartaz_encontro_27062013.png 800w\" sizes=\"auto, (max-width: 625px) 100vw, 625px\" \/><\/a><\/p>\n<p>O Encontro ter\u00e1 lugar no Departamento de Educa\u00e7\u00e3o (DE) da Universidade de Aveiro, nos dias 4, 5 e 6 de julho de 2013, e constitui oferta formativa de relevo.\u00a0Destina-se a\u00a0professores de v\u00e1rias disciplinas, formadores, investigadores, estudantes de licenciaturas em ensino e de p\u00f3s-gradua\u00e7\u00e3o.<\/p>\n<p><strong>\u00a0<\/strong><\/p>\n<h3><strong>Comiss\u00e3o Organizadora:<\/strong><\/h3>\n<ul>\n<li>Lu\u00edsa \u00c1lvares Pereira, CIDTFF\/DE &#8211; Universidade de Aveiro (Coordena\u00e7\u00e3o do Grupo PROTEXTOS);<\/li>\n<li>In\u00eas Cardoso,\u00a0CIDTFF\/DE &#8211; Universidade de Aveiro;<\/li>\n<li>Luciana Gra\u00e7a,\u00a0CIDTFF\/DE &#8211;\u00a0Universidade de Aveiro;<\/li>\n<li>Jos\u00e9 Ant\u00f3nio Brand\u00e3o Carvalho, DCSE\/IE &#8211; Universidade do Minho;<\/li>\n<li>Lu\u00eds Filipe Barbeiro, ESECS &#8211; Instituto Polit\u00e9cnico de Leiria;<\/li>\n<li>Rui A. Alves, FPCE &#8211; Universidade do Porto;<\/li>\n<li>Carina Rodrigues,\u00a0CIDTFF\/DE\u00a0&#8211; Universidade de Aveiro \/ CIEC &#8211; Universidade do Minho.<\/li>\n<\/ul>\n<h3><strong>Comiss\u00e3o\u00a0Cient\u00edfica:<\/strong><\/h3>\n<ul>\n<ul>\n<li>Lu\u00edsa \u00c1lvares Pereira, CIDTFF\/DE &#8211; Universidade de Aveiro (Coordena\u00e7\u00e3o do Grupo PROTEXTOS);<\/li>\n<li>Lu\u00eds Filipe Barbeiro, ESECS &#8211; Instituto Polit\u00e9cnico de Leiria;<\/li>\n<li>Jos\u00e9 Ant\u00f3nio Brand\u00e3o Carvalho, DCSE\/IE &#8211; Universidade do Minho;<\/li>\n<li>In\u00eas Cardoso, CIDTFF\/DE &#8211; Universidade de Aveiro;<\/li>\n<li>Luciana Gra\u00e7a, CIDTFF\/DE &#8211; Universidade de Aveiro;<\/li>\n<li>Joaquim Dolz, FAPSE &#8211; Universidade de Gen\u00e8ve, Su\u00ed\u00e7a;<\/li>\n<li>Maria Ant\u00f3nia Coutinho, FCSH\/CLUNL &#8211; Universidade Nova de Lisboa;<\/li>\n<li>Ant\u00f3nio Moreira, CIDTFF\/DE &#8211; Universidade de Aveiro;<\/li>\n<li>Rosa L\u00eddia Coimbra, CLC\/DLC &#8211; Universidade de Aveiro;<\/li>\n<li>Clara Ferr\u00e3o Tavares, ESE de Santar\u00e9m \/ CIDTFF &#8211; Universidade de Aveiro.<\/li>\n<\/ul>\n<\/ul>\n<h3><strong>Destinat\u00e1rios<\/strong>:<\/h3>\n<ul>\n<li>Professores de v\u00e1rias disciplinas;<\/li>\n<li>Formadores;<\/li>\n<li>Investigadores;<\/li>\n<li>Estudantes de licenciaturas em ensino e de p\u00f3s-gradua\u00e7\u00e3o.<\/li>\n<\/ul>\n<h3><strong>Objetivos do Encontro:<\/strong><\/h3>\n<ul>\n<li>Discutir resultados da investiga\u00e7\u00e3o do projeto \u201cProtextos\u201d sobre pr\u00e1ticas de (ensino e aprendizagem da) escrita;<\/li>\n<li>Disseminar materiais did\u00e1ticos produzidos pela equipa do Projeto \u201cProtextos\u201d no contexto do ensino de v\u00e1rios g\u00e9neros de texto;<\/li>\n<li>Dar a conhecer diferentes perspetivas de problematizar o ensino e a aprendizagem da escrita;<\/li>\n<li>Promover a cria\u00e7\u00e3o e estreitamento de redes de colabora\u00e7\u00e3o entre a UA e outras institui\u00e7\u00f5es de ensino\/investiga\u00e7\u00e3o.<\/li>\n<\/ul>\n<p align=\"center\"><strong>\u00a0<\/strong><\/p>\n<p align=\"center\">Encontro\u00a0Acreditado como \u201cCurso de Forma\u00e7\u00e3o\u201d, 25 horas \u2013 1 cr\u00e9dito<strong><br \/>\n<\/strong><\/p>\n<p align=\"center\">\u00a0<strong>Registo n\u00ba<\/strong><a href=\"http:\/\/cms.ua.pt\/protextos\/sites\/default\/files\/Acredita%C3%A7%C3%A3o%20Protextos.pdf\">\u00a0<strong>CCPFC\/ACC-72360\/12<\/strong><\/a>\u00a0\u00a0(Validade:\u00a0qui, 2015-11-12)<\/p>\n<p align=\"center\"><strong>\u00a0<\/strong><\/p>\n<p><strong>Formul\u00e1rio An<strong><sub>2-A<\/sub><\/strong><strong>(raz\u00f5es justificativas da a\u00e7\u00e3o, conte\u00fados, metodologia, avalia\u00e7\u00e3o, bibliografia&#8230;)\u00a0<\/strong><\/strong><a href=\"http:\/\/cms.ua.pt\/protextos\/sites\/default\/files\/AN2A_fundamentacao%20acao.pdf\" target=\"_blank\">[Aceder aqui]<\/a><\/p>\n<p><strong>Programa\u00a0(atualizado a\u00a027 de junho)\u00a0<\/strong><a href=\"http:\/\/cms.ua.pt\/protextos\/sites\/default\/files\/Programa%20Completo_27Junho2013_final.pdf\">[Aceder aqui]<\/a><\/p>\n<p><strong>Inscri\u00e7\u00f5es\u00a0no Encontro\u00a0<strong>(Encerradas a 14 de junho, com a toler\u00e2ncia do fim de semana de 15\/16 de junho)<\/strong>\u00a0<\/strong><a href=\"http:\/\/cms.ua.pt\/protextos\/node\/37\">[Aceder aqui]<\/a><\/p>\n<p><strong>Em\u00a0caso de desist\u00eancia, n\u00e3o haver\u00e1 lugar a devolu\u00e7\u00e3o da taxa de inscri\u00e7\u00e3o.<\/strong><\/p>\n<p><strong>Inscri\u00e7\u00f5es\u00a0nas oficinas\u00a0(S\u00f3 para quem j\u00e1 se inscreveu previamente no Encontro)\u00a0<\/strong><a href=\"http:\/\/cms.ua.pt\/protextos\/node\/43\">[Aceder aqui]<\/a><\/p>\n<p><strong>Listas d<\/strong><strong>as oficinas\u00a0<\/strong><a href=\"http:\/\/cms.ua.pt\/protextos\/sites\/default\/files\/Listas%20Oficinas.pdf\">[Aceder aqui]<\/a><\/p>\n<p><strong>Informa\u00e7\u00f5es pr\u00e1ticas<\/strong>\u00a0<a href=\"http:\/\/cms.ua.pt\/protextos\/sites\/default\/files\/Informa%C3%A7%C3%B5es%20praticas.pdf\">[Aceder aqui]<\/a><\/p>\n<p><strong>Avalia\u00e7\u00e3o<\/strong>\u00a0<strong>(Mais informa\u00e7\u00f5es)<\/strong>\u00a0<a href=\"http:\/\/cms.ua.pt\/protextos\/node\/41\">[Aceder aqui]<\/a><\/p>\n<div><strong>Avisamos de que a data do envio da &#8220;reflex\u00e3o escrita individual&#8221; para\u00a0<a href=\"https:\/\/mailadfs.ua.pt\/owa\/redir.aspx?C=WO2B1X_uWEqHYskwc6cP2Nh3e1L4TtAIjHI6uETeeGpwZ4FHPgwpcjr5i0j5njtFFp8DjIhVNv8.&amp;URL=mailto%3ade-protextos%40ua.pt\" target=\"_blank\">de-protextos@ua.pt<\/a>\u00a0foi prorrogada para\u00a014 de julho. Em consequ\u00eancia, a divulga\u00e7\u00e3o dos resultados poder\u00e1 ser feita tamb\u00e9m mais tardiamente.<\/strong><\/div>\n<div>\n<p><strong>Pauta de classifica\u00e7\u00e3o<\/strong>\u00a0<a href=\"http:\/\/cms.ua.pt\/protextos\/node\/41\">[Aceder aqui]<\/a><\/p>\n<p><strong>Informa\u00e7\u00f5es complementares \u00e0 avalia\u00e7\u00e3o<\/strong>\u00a0<a href=\"http:\/\/cms.ua.pt\/protextos\/sites\/default\/files\/Informa%C3%A7%C3%B5es%20complementares%20%C3%A0%20avalia%C3%A7%C3%A3o.pdf\">[Aceder aqui]<\/a><\/p>\n<\/div>\n<p><strong>Contactos:<\/strong><\/p>\n<p>Lu\u00edsa \u00c1lvares Pereira<\/p>\n<p>(Coordena\u00e7\u00e3o do Grupo PROTEXTOS)<\/p>\n<p>Departamento de Educa\u00e7\u00e3o<\/p>\n<p>Campus Universit\u00e1rio de Santiago<\/p>\n<p>3810 \u2013 193 Aveiro<\/p>\n<p>E-mail: de-protextos@ua.pt<\/p>\n<p>Tel.:\u00a0\u00a0234 372 427<\/p>\n","protected":false},"excerpt":{"rendered":"<p>Protextos: um Projeto para o Ensino, Forma\u00e7\u00e3o e Aprendizagem da Produ\u00e7\u00e3o Textual (PTDC\/CPE-CED\/101009\/2008)\u00a0 4, 5 e 6 de julho de 2013 \u00a0\u00a0\u00a0 O Encontro ter\u00e1 lugar no Departamento de Educa\u00e7\u00e3o (DE) da Universidade de Aveiro, nos dias 4, 5 e 6 de julho de 2013, e constitui oferta formativa de relevo.\u00a0Destina-se a\u00a0professores de v\u00e1rias disciplinas, &hellip; <\/p>\n<p class=\"link-more\"><a href=\"https:\/\/protextos.web.ua.pt\/?page_id=46\" class=\"more-link\">Continue reading<span class=\"screen-reader-text\"> &#8220;V Encontro Protextos&#8221;<\/span><\/a><\/p>\n","protected":false},"author":1,"featured_media":0,"parent":137,"menu_order":0,"comment_status":"closed","ping_status":"closed","template":"","meta":{"footnotes":""},"class_list":["post-46","page","type-page","status-publish","hentry"],"_links":{"self":[{"href":"https:\/\/protextos.web.ua.pt\/index.php?rest_route=\/wp\/v2\/pages\/46","targetHints":{"allow":["GET"]}}],"collection":[{"href":"https:\/\/protextos.web.ua.pt\/index.php?rest_route=\/wp\/v2\/pages"}],"about":[{"href":"https:\/\/protextos.web.ua.pt\/index.php?rest_route=\/wp\/v2\/types\/page"}],"author":[{"embeddable":true,"href":"https:\/\/protextos.web.ua.pt\/index.php?rest_route=\/wp\/v2\/users\/1"}],"replies":[{"embeddable":true,"href":"https:\/\/protextos.web.ua.pt\/index.php?rest_route=%2Fwp%2Fv2%2Fcomments&post=46"}],"version-history":[{"count":8,"href":"https:\/\/protextos.web.ua.pt\/index.php?rest_route=\/wp\/v2\/pages\/46\/revisions"}],"predecessor-version":[{"id":173,"href":"https:\/\/protextos.web.ua.pt\/index.php?rest_route=\/wp\/v2\/pages\/46\/revisions\/173"}],"up":[{"embeddable":true,"href":"https:\/\/protextos.web.ua.pt\/index.php?rest_route=\/wp\/v2\/pages\/137"}],"wp:attachment":[{"href":"https:\/\/protextos.web.ua.pt\/index.php?rest_route=%2Fwp%2Fv2%2Fmedia&parent=46"}],"curies":[{"name":"wp","href":"https:\/\/api.w.org\/{rel}","templated":true}]}}