{"id":542,"date":"2015-08-03T14:28:40","date_gmt":"2015-08-03T14:28:40","guid":{"rendered":"http:\/\/protextos.web.ua.pt\/?page_id=542"},"modified":"2018-11-07T12:32:46","modified_gmt":"2018-11-07T12:32:46","slug":"aurora-cerqueira","status":"publish","type":"page","link":"https:\/\/protextos.web.ua.pt\/?page_id=542","title":{"rendered":"Aurora Cerqueira"},"content":{"rendered":"<p><a href=\"http:\/\/protextos.web.ua.pt\/wp-content\/uploads\/2015\/08\/foto_Aurora.png\"><img loading=\"lazy\" decoding=\"async\" class=\"alignnone size-full wp-image-545\" src=\"http:\/\/protextos.web.ua.pt\/wp-content\/uploads\/2015\/08\/foto_Aurora.png\" alt=\"foto_Aurora\" width=\"131\" height=\"145\" \/><\/a><\/p>\n<p>Atualmente, \u00e9 <i>PQE<\/i> do Agrupamento de Escolas Dr. M\u00e1rio Sacramento, de Aveiro, no qual leciona a disciplina de Portugu\u00eas nos 10.\u00ba e 12.\u00ba anos de escolaridade.<\/p>\n<p>Licenciada em <i>ensino de Portugu\u00eas-Franc\u00eas<\/i>, desde 1987, pela Universidade de Aveiro (UA), e mestre, em 2001, em Did\u00e1tica de L\u00ednguas, sob a orienta\u00e7\u00e3o cient\u00edfica de Ana Isabel Andrade, na mesma institui\u00e7\u00e3o, com um trabalho intitulado <i>A integra\u00e7\u00e3o em contexto escolar dos alunos com Portugu\u00eas l\u00edngua n\u00e3o materna: um estudo das representa\u00e7\u00f5es e conhecimento dos professores.<\/i><\/p>\n<p>Tem lecionado Portugu\u00eas nos 3.\u00ba ciclo do Ensino B\u00e1sico e do ensino secund\u00e1rio.<\/p>\n<p>De entre os seus atuais interesses de investiga\u00e7\u00e3o\/forma\u00e7\u00e3o\/ensino, salientam-se os seguintes:<\/p>\n<ul>\n<li>Did\u00e1tica do Portugu\u00eas como l\u00edngua materna<\/li>\n<li>Did\u00e1tica da Escrita<\/li>\n<li>Did\u00e1tica da Oralidade<\/li>\n<li>Forma\u00e7\u00e3o de Professores no ensino da Escrita e da Oralidade<\/li>\n<li>Materiais did\u00e1ticos<\/li>\n<li>Progress\u00e3o na produ\u00e7\u00e3o de g\u00e9neros de textos escritos e orais<\/li>\n<\/ul>\n<p>\u00c9 membro do grupo \u201cPROTEXTOS &#8211; Ensino da produ\u00e7\u00e3o de textos\u201d e \u00e9 co-autora da publica\u00e7\u00e3o:<\/p>\n<p>Cerqueira, A. &amp; Martins, B. (2013) (trans)formar pr\u00e1ticas de ensno da escrita: autorreflex\u00e3o e erro. In Pereira, L. \u00c1., &amp; Cardoso, I. (Coord.). (2013). <i>Reflex\u00e3o sobre a escrita. O ensino de diferentes g\u00e9neros de textos.<\/i> (pp. 145-179). Aveiro: UA Editora. ISBN: 978-972-789-358-4.<\/p>\n<p>&nbsp;<\/p>\n","protected":false},"excerpt":{"rendered":"<p>Atualmente, \u00e9 PQE do Agrupamento de Escolas Dr. M\u00e1rio Sacramento, de Aveiro, no qual leciona a disciplina de Portugu\u00eas nos 10.\u00ba e 12.\u00ba anos de escolaridade. Licenciada em ensino de Portugu\u00eas-Franc\u00eas, desde 1987, pela Universidade de Aveiro (UA), e mestre, em 2001, em Did\u00e1tica de L\u00ednguas, sob a orienta\u00e7\u00e3o cient\u00edfica de Ana Isabel Andrade, na &hellip; <\/p>\n<p class=\"link-more\"><a href=\"https:\/\/protextos.web.ua.pt\/?page_id=542\" class=\"more-link\">Continue reading<span class=\"screen-reader-text\"> &#8220;Aurora Cerqueira&#8221;<\/span><\/a><\/p>\n","protected":false},"author":1,"featured_media":0,"parent":91,"menu_order":0,"comment_status":"closed","ping_status":"closed","template":"","meta":{"footnotes":""},"class_list":["post-542","page","type-page","status-publish","hentry"],"_links":{"self":[{"href":"https:\/\/protextos.web.ua.pt\/index.php?rest_route=\/wp\/v2\/pages\/542","targetHints":{"allow":["GET"]}}],"collection":[{"href":"https:\/\/protextos.web.ua.pt\/index.php?rest_route=\/wp\/v2\/pages"}],"about":[{"href":"https:\/\/protextos.web.ua.pt\/index.php?rest_route=\/wp\/v2\/types\/page"}],"author":[{"embeddable":true,"href":"https:\/\/protextos.web.ua.pt\/index.php?rest_route=\/wp\/v2\/users\/1"}],"replies":[{"embeddable":true,"href":"https:\/\/protextos.web.ua.pt\/index.php?rest_route=%2Fwp%2Fv2%2Fcomments&post=542"}],"version-history":[{"count":3,"href":"https:\/\/protextos.web.ua.pt\/index.php?rest_route=\/wp\/v2\/pages\/542\/revisions"}],"predecessor-version":[{"id":1524,"href":"https:\/\/protextos.web.ua.pt\/index.php?rest_route=\/wp\/v2\/pages\/542\/revisions\/1524"}],"up":[{"embeddable":true,"href":"https:\/\/protextos.web.ua.pt\/index.php?rest_route=\/wp\/v2\/pages\/91"}],"wp:attachment":[{"href":"https:\/\/protextos.web.ua.pt\/index.php?rest_route=%2Fwp%2Fv2%2Fmedia&parent=542"}],"curies":[{"name":"wp","href":"https:\/\/api.w.org\/{rel}","templated":true}]}}