{"id":560,"date":"2015-09-14T13:21:48","date_gmt":"2015-09-14T13:21:48","guid":{"rendered":"http:\/\/protextos.web.ua.pt\/?page_id=560"},"modified":"2018-11-12T21:59:30","modified_gmt":"2018-11-12T21:59:30","slug":"celia-lopes","status":"publish","type":"page","link":"https:\/\/protextos.web.ua.pt\/?page_id=560","title":{"rendered":"C\u00e9lia Lopes"},"content":{"rendered":"<p><img decoding=\"async\" src=\"webkit-fake-url:\/\/319e164f-9440-454c-87c6-228bcd9eb728\/application.pdf\" alt=\"\" \/><\/p>\n<p>Atualmente, \u00e9 docente do 1\u00ba Ciclo (Grupo 110), do Quadro do Agrupamento de Escolas Jo\u00e3o da Silva Correia, em S\u00e3o Jo\u00e3o da Madeira, Coordenadora do Departamento do 1\u00ba Ciclo, Colaboradora do IAVE como Formadora e Supervisora da Classifica\u00e7\u00e3o das Provas de Avalia\u00e7\u00e3o Externa do 1\u00ba Ciclo e membro da Sec\u00e7\u00e3o de Forma\u00e7\u00e3o e Monitoriza\u00e7\u00e3o do Centro de Forma\u00e7\u00e3o das Terras de Santa Maria.<\/p>\n<p>Exerceu fun\u00e7\u00f5es de formadora no Centro de Forma\u00e7\u00e3o da Universidade de Aveiro (UINFOC e UNAVE), IAVE e no Centro de Forma\u00e7\u00e3o \u00a0das Terras de Santa Maria.<\/p>\n<p>Concluiu o Curso do Magist\u00e9rio Prim\u00e1rio de Faro, em 1987, o Complemento de Forma\u00e7\u00e3o Cient\u00edfica e Pedag\u00f3gica para professores do 1.\u00ba Ciclo do Ensino B\u00e1sico, com especializa\u00e7\u00e3o em L\u00edngua Portuguesa, pela Universidade Aberta de Lisboa, em 2001.<\/p>\n<p>\u00c9 P\u00f3s \u2013 Graduada em Administra\u00e7\u00e3o Escolar, pelo Instituto Superior Dom Afonso III (INUAF), em Loul\u00e9, no ano de 2003 e\u00a0 Mestre em Ci\u00eancias da Educa\u00e7\u00e3o \u2013 Supervis\u00e3o \u2013 Especializa\u00e7\u00e3o em Ensino B\u00e1sico \u2013 1.\u00ba Ciclo, pela Universidade do Algarve, em 2007.<\/p>\n<p>Encontra-se a frequentar o doutoramento em Multim\u00e9dia em Educa\u00e7\u00e3o, tendo como orientadora a Professora Doutora Lu\u00edsa \u00c1lvares Pereira e como coorientadora a Professora Doutora In\u00eas Cardoso.<\/p>\n<p>\u00c9 Formadora Acreditada pelo Conselho Cient\u00edfico-Pedag\u00f3gico da Forma\u00e7\u00e3o Cont\u00ednua de Braga, com o n.\u00ba de registo CCPFC\/RFO-24618\/08, nas seguintes \u00e1reas e dom\u00ednios: B01 Administra\u00e7\u00e3o Escolar, B05 Educa\u00e7\u00e3o em (Multim\u00e9dia), B11 Pedagogia e Did\u00e1tica, B15 Tecnologia e Comunica\u00e7\u00e3o Educativa, C04 Did\u00e1tica Geral, C15 Tecnologias Educativas (Inform\u00e1tica\/Aplica\u00e7\u00e3o da Inform\u00e1tica), C16 Tecnologias Educativas (Meios Audiovisuais), C17 Tecnologias Educativas (Multim\u00e9dia), C22 Pr\u00e1ticas de Administra\u00e7\u00e3o Escolar; B01 Administra\u00e7\u00e3o Educacional; C04 Did\u00e1tica Geral e C22 Pr\u00e1ticas de Administra\u00e7\u00e3o Escolar.<\/p>\n<p>Tem um Certificado de compet\u00eancias Digitais, obtido no \u00e2mbito do Sistema de Forma\u00e7\u00e3o e de Certifica\u00e7\u00e3o em Compet\u00eancias TIC para docentes, por Certifica\u00e7\u00e3o por reconhecimento de percurso formativo, em 2 de junho de 2010.<\/p>\n<p>\u00c9 membro do grupo \u201cPROTEXTOS \u2013 Ensino da produ\u00e7\u00e3o de textos\u201d, do Departamento de Educa\u00e7\u00e3o da UA, coordenado por Lu\u00edsa \u00c1lvares Pereira, desde 2009.<\/p>\n<p>De entre os seus atuais interesses de investiga\u00e7\u00e3o\/forma\u00e7\u00e3o\/ensino, salientam-se os seguintes:<\/p>\n<ul>\n<li>Did\u00e1tica da Escrita<\/li>\n<li>Pr\u00e1ticas de ensino e aprendizagem<\/li>\n<li>A escrita e as TIC<\/li>\n<li>Forma\u00e7\u00e3o de Professores no ensino da Escrita e nas TIC<\/li>\n<\/ul>\n","protected":false},"excerpt":{"rendered":"<p>Atualmente, \u00e9 docente do 1\u00ba Ciclo (Grupo 110), do Quadro do Agrupamento de Escolas Jo\u00e3o da Silva Correia, em S\u00e3o Jo\u00e3o da Madeira, Coordenadora do Departamento do 1\u00ba Ciclo, Colaboradora do IAVE como Formadora e Supervisora da Classifica\u00e7\u00e3o das Provas de Avalia\u00e7\u00e3o Externa do 1\u00ba Ciclo e membro da Sec\u00e7\u00e3o de Forma\u00e7\u00e3o e Monitoriza\u00e7\u00e3o do &hellip; <\/p>\n<p class=\"link-more\"><a href=\"https:\/\/protextos.web.ua.pt\/?page_id=560\" class=\"more-link\">Continue reading<span class=\"screen-reader-text\"> &#8220;C\u00e9lia Lopes&#8221;<\/span><\/a><\/p>\n","protected":false},"author":1,"featured_media":0,"parent":91,"menu_order":0,"comment_status":"closed","ping_status":"closed","template":"","meta":{"footnotes":""},"class_list":["post-560","page","type-page","status-publish","hentry"],"_links":{"self":[{"href":"https:\/\/protextos.web.ua.pt\/index.php?rest_route=\/wp\/v2\/pages\/560","targetHints":{"allow":["GET"]}}],"collection":[{"href":"https:\/\/protextos.web.ua.pt\/index.php?rest_route=\/wp\/v2\/pages"}],"about":[{"href":"https:\/\/protextos.web.ua.pt\/index.php?rest_route=\/wp\/v2\/types\/page"}],"author":[{"embeddable":true,"href":"https:\/\/protextos.web.ua.pt\/index.php?rest_route=\/wp\/v2\/users\/1"}],"replies":[{"embeddable":true,"href":"https:\/\/protextos.web.ua.pt\/index.php?rest_route=%2Fwp%2Fv2%2Fcomments&post=560"}],"version-history":[{"count":5,"href":"https:\/\/protextos.web.ua.pt\/index.php?rest_route=\/wp\/v2\/pages\/560\/revisions"}],"predecessor-version":[{"id":1599,"href":"https:\/\/protextos.web.ua.pt\/index.php?rest_route=\/wp\/v2\/pages\/560\/revisions\/1599"}],"up":[{"embeddable":true,"href":"https:\/\/protextos.web.ua.pt\/index.php?rest_route=\/wp\/v2\/pages\/91"}],"wp:attachment":[{"href":"https:\/\/protextos.web.ua.pt\/index.php?rest_route=%2Fwp%2Fv2%2Fmedia&parent=560"}],"curies":[{"name":"wp","href":"https:\/\/api.w.org\/{rel}","templated":true}]}}