{"id":572,"date":"2017-04-28T10:00:58","date_gmt":"2017-04-28T10:00:58","guid":{"rendered":"http:\/\/protextos.web.ua.pt\/?page_id=572"},"modified":"2023-08-28T16:28:22","modified_gmt":"2023-08-28T16:28:22","slug":"rosa-lidia-coimbra","status":"publish","type":"page","link":"https:\/\/protextos.web.ua.pt\/?page_id=572","title":{"rendered":"Rosa L\u00eddia Coimbra"},"content":{"rendered":"<p><\/p>\n<p><a href=\"http:\/\/protextos.web.ua.pt\/wp-content\/uploads\/2015\/09\/RosaLCoimbra.png\"><img loading=\"lazy\" decoding=\"async\" class=\"size-full wp-image-571 alignright\" src=\"http:\/\/protextos.web.ua.pt\/wp-content\/uploads\/2015\/09\/RosaLCoimbra.png\" alt=\"RosaLCoimbra\" width=\"209\" height=\"238\"><\/a>Rosa L\u00eddia Coimbra concluiu o doutoramento em Lingu\u00edstica Portuguesa, pela Universidade de Aveiro, Portugal, em 1999, institui\u00e7\u00e3o onde tamb\u00e9m terminou a sua licenciatura, em 1986, em Ensino de Ingl\u00eas e Portugu\u00eas e concluiu as suas PAPCC, em 1991, na \u00e1rea da lingu\u00edstica textual. \u00c9 docente desta institui\u00e7\u00e3o desde 1986, encontrando-se, atualmente, na categoria de Professora Auxiliar. Tem orientado teses de doutoramento e disserta\u00e7\u00f5es de mestrado, bem como lecionado diversas unidades curriculares, sobretudo nas \u00e1reas da lingu\u00edstica textual e da an\u00e1lise do discurso. Os seus trabalhos de investiga\u00e7\u00e3o tamb\u00e9m se enquadram nessas \u00e1reas, com especial enfoque na lingu\u00edstica cognitiva e na varia\u00e7\u00e3o lingu\u00edstica, incluindo fon\u00e9tica experimental em geopros\u00f3dia. Tem publicado artigos em revistas especializadas nacionais e internacionais, em atas de eventos, e livros. Tem participado regularmente em comiss\u00f5es organizadoras e cient\u00edficas de eventos cient\u00edficos e tem apresentado comunica\u00e7\u00f5es orais, confer\u00eancias e p\u00f3steres. \u00c9 membro do projeto ProTextos desde o seu in\u00edcio.<\/p>\n\n\n<p>Ci\u00eancia ID: <a href=\"https:\/\/www.cienciavitae.pt\/portal\/2D1A-3A11-6E60\" target=\"_blank\" rel=\"noreferrer noopener\">2D1A-3A11-6E60<\/a><\/p>\n","protected":false},"excerpt":{"rendered":"<p>Rosa L\u00eddia Coimbra concluiu o doutoramento em Lingu\u00edstica Portuguesa, pela Universidade de Aveiro, Portugal, em 1999, institui\u00e7\u00e3o onde tamb\u00e9m terminou a sua licenciatura, em 1986, em Ensino de Ingl\u00eas e Portugu\u00eas e concluiu as suas PAPCC, em 1991, na \u00e1rea da lingu\u00edstica textual. \u00c9 docente desta institui\u00e7\u00e3o desde 1986, encontrando-se, atualmente, na categoria de Professora &hellip; <\/p>\n<p class=\"link-more\"><a href=\"https:\/\/protextos.web.ua.pt\/?page_id=572\" class=\"more-link\">Continue reading<span class=\"screen-reader-text\"> &#8220;Rosa L\u00eddia Coimbra&#8221;<\/span><\/a><\/p>\n","protected":false},"author":1,"featured_media":0,"parent":91,"menu_order":0,"comment_status":"closed","ping_status":"closed","template":"","meta":{"footnotes":""},"class_list":["post-572","page","type-page","status-publish","hentry"],"_links":{"self":[{"href":"https:\/\/protextos.web.ua.pt\/index.php?rest_route=\/wp\/v2\/pages\/572","targetHints":{"allow":["GET"]}}],"collection":[{"href":"https:\/\/protextos.web.ua.pt\/index.php?rest_route=\/wp\/v2\/pages"}],"about":[{"href":"https:\/\/protextos.web.ua.pt\/index.php?rest_route=\/wp\/v2\/types\/page"}],"author":[{"embeddable":true,"href":"https:\/\/protextos.web.ua.pt\/index.php?rest_route=\/wp\/v2\/users\/1"}],"replies":[{"embeddable":true,"href":"https:\/\/protextos.web.ua.pt\/index.php?rest_route=%2Fwp%2Fv2%2Fcomments&post=572"}],"version-history":[{"count":8,"href":"https:\/\/protextos.web.ua.pt\/index.php?rest_route=\/wp\/v2\/pages\/572\/revisions"}],"predecessor-version":[{"id":2416,"href":"https:\/\/protextos.web.ua.pt\/index.php?rest_route=\/wp\/v2\/pages\/572\/revisions\/2416"}],"up":[{"embeddable":true,"href":"https:\/\/protextos.web.ua.pt\/index.php?rest_route=\/wp\/v2\/pages\/91"}],"wp:attachment":[{"href":"https:\/\/protextos.web.ua.pt\/index.php?rest_route=%2Fwp%2Fv2%2Fmedia&parent=572"}],"curies":[{"name":"wp","href":"https:\/\/api.w.org\/{rel}","templated":true}]}}