{"id":585,"date":"2015-09-17T16:47:12","date_gmt":"2015-09-17T16:47:12","guid":{"rendered":"http:\/\/protextos.web.ua.pt\/?page_id=585"},"modified":"2018-05-21T14:42:59","modified_gmt":"2018-05-21T14:42:59","slug":"ines-moura","status":"publish","type":"page","link":"https:\/\/protextos.web.ua.pt\/?page_id=585","title":{"rendered":"In\u00eas Moura"},"content":{"rendered":"<p><a href=\"http:\/\/protextos.web.ua.pt\/wp-content\/uploads\/2015\/09\/InesMoura.png\"><img loading=\"lazy\" decoding=\"async\" class=\"wp-image-584 alignright\" alt=\"InesMoura\" src=\"http:\/\/protextos.web.ua.pt\/wp-content\/uploads\/2015\/09\/InesMoura-265x300.png\" width=\"170\" height=\"192\" srcset=\"https:\/\/protextos.web.ua.pt\/wp-content\/uploads\/2015\/09\/InesMoura-265x300.png 265w, https:\/\/protextos.web.ua.pt\/wp-content\/uploads\/2015\/09\/InesMoura.png 290w\" sizes=\"auto, (max-width: 170px) 100vw, 170px\" \/><\/a><\/p>\n<p>&nbsp;<\/p>\n<p>&nbsp;<\/p>\n<p>Natural de Aveiro, encontra-se a realizar um Doutoramento em Educa\u00e7\u00e3o na Universidade de Aveiro sob orienta\u00e7\u00e3o cient\u00edfica de Lu\u00edsa \u00c1lvares Pereira e de Rosa L\u00eddia Coimbra. Obteve financiamento por parte da Funda\u00e7\u00e3o para a Ci\u00eancia e a Tecnologia (FCT) em 2015 com o objetivo de desenvolver o seu projeto de Doutoramento intitulado \u201cCompet\u00eancias de escrita no Ensino B\u00e1sico \u2013 um estudo longitudinal num Agrupamento de Escolas.<\/p>\n<p>Nasceu a 19 de agosto de 1988, licenciou-se em 1.\u00ba Ciclo do Ensino B\u00e1sico na Escola Superior de Educa\u00e7\u00e3o de Coimbra (ESEC), recebeu uma bolsa de m\u00e9rito pelo Instituto Polit\u00e9cnico de Coimbra pelo ano letivo 2008\/2009 e concluiu o Mestrado em Did\u00e1tica no ano de 2012, na Universidade de Aveiro.<\/p>\n<p>Desde a conclus\u00e3o da licenciatura em 2010 tem dinamizado Atividades de Enriquecimento Curricular em Escolas do concelho de Aveiro e Covilh\u00e3, e ministrado forma\u00e7\u00e3o na \u00e1rea das Tecnologias da Informa\u00e7\u00e3o e Comunica\u00e7\u00e3o (TIC) atrav\u00e9s do Programa Escolhas.<\/p>\n<p>De entre os seus atuais interesses de investiga\u00e7\u00e3o\/forma\u00e7\u00e3o\/ensino, salientam-se os seguintes:<\/p>\n<ul>\n<li>Did\u00e1tica da Escrita<\/li>\n<li>Did\u00e1tica da Ortografia<\/li>\n<li>Forma\u00e7\u00e3o de Professores no ensino da Escrita<\/li>\n<\/ul>\n<p>&nbsp;<\/p>\n<p>Colaborou em projetos como:<\/p>\n<ul>\n<li>Oficina\/a\u00e7\u00e3o de forma\u00e7\u00e3o &#8220;Cooperar na Diversidade&#8221;;<\/li>\n<li>IV Encontro Pedag\u00f3gico do PETIz \u2013 Projeto Escola a Tempo Inteiro;<\/li>\n<li>Encontro do LEIP \u2013 \u201cEnsinar Portugu\u00eas hoje: problemas e desafios\u201d pela Universidade de Aveiro;<\/li>\n<li>Curso de Forma\u00e7\u00e3o de formadores para a Intercompreens\u00e3o;<\/li>\n<li>Congresso Internacional \u201cA Europa das Nacionalidades \u2013 Mitos de origem: Discursos Modernos e P\u00f3s-modernos\u201d com a comunica\u00e7\u00e3o intitulada \u201cA Padeira de Aljubarrota \u2013 um mito glorioso contado a duas vozes\u201d;<\/li>\n<li>Forma\u00e7\u00e3o \u201cPartilhar Saberes\u201d enquanto dinamizadora do M\u00f3dulo \u201cBoas Pr\u00e1ticas \u2013 Concursos\u201d pelo Projeto PETIz (Universidade de Aveiro);<\/li>\n<li>III Encontro Internacional de Portugu\u00eas &amp; III Simp\u00f3sio Internacional de L\u00edngua Portuguesa, onde apresentou uma comunica\u00e7\u00e3o intitulada \u201cOrtografia e produ\u00e7\u00e3o textual em diferentes n\u00edveis do Ensino B\u00e1sico &#8211; um estudo de caso num Agrupamento de escolas de Aveiro\u201d.<\/li>\n<\/ul>\n","protected":false},"excerpt":{"rendered":"<p>&nbsp; &nbsp; Natural de Aveiro, encontra-se a realizar um Doutoramento em Educa\u00e7\u00e3o na Universidade de Aveiro sob orienta\u00e7\u00e3o cient\u00edfica de Lu\u00edsa \u00c1lvares Pereira e de Rosa L\u00eddia Coimbra. Obteve financiamento por parte da Funda\u00e7\u00e3o para a Ci\u00eancia e a Tecnologia (FCT) em 2015 com o objetivo de desenvolver o seu projeto de Doutoramento intitulado \u201cCompet\u00eancias &hellip; <\/p>\n<p class=\"link-more\"><a href=\"https:\/\/protextos.web.ua.pt\/?page_id=585\" class=\"more-link\">Continue reading<span class=\"screen-reader-text\"> &#8220;In\u00eas Moura&#8221;<\/span><\/a><\/p>\n","protected":false},"author":1,"featured_media":0,"parent":91,"menu_order":0,"comment_status":"closed","ping_status":"closed","template":"","meta":{"footnotes":""},"class_list":["post-585","page","type-page","status-publish","hentry"],"_links":{"self":[{"href":"https:\/\/protextos.web.ua.pt\/index.php?rest_route=\/wp\/v2\/pages\/585","targetHints":{"allow":["GET"]}}],"collection":[{"href":"https:\/\/protextos.web.ua.pt\/index.php?rest_route=\/wp\/v2\/pages"}],"about":[{"href":"https:\/\/protextos.web.ua.pt\/index.php?rest_route=\/wp\/v2\/types\/page"}],"author":[{"embeddable":true,"href":"https:\/\/protextos.web.ua.pt\/index.php?rest_route=\/wp\/v2\/users\/1"}],"replies":[{"embeddable":true,"href":"https:\/\/protextos.web.ua.pt\/index.php?rest_route=%2Fwp%2Fv2%2Fcomments&post=585"}],"version-history":[{"count":1,"href":"https:\/\/protextos.web.ua.pt\/index.php?rest_route=\/wp\/v2\/pages\/585\/revisions"}],"predecessor-version":[{"id":587,"href":"https:\/\/protextos.web.ua.pt\/index.php?rest_route=\/wp\/v2\/pages\/585\/revisions\/587"}],"up":[{"embeddable":true,"href":"https:\/\/protextos.web.ua.pt\/index.php?rest_route=\/wp\/v2\/pages\/91"}],"wp:attachment":[{"href":"https:\/\/protextos.web.ua.pt\/index.php?rest_route=%2Fwp%2Fv2%2Fmedia&parent=585"}],"curies":[{"name":"wp","href":"https:\/\/api.w.org\/{rel}","templated":true}]}}