{"id":596,"date":"2015-09-22T12:35:05","date_gmt":"2015-09-22T12:35:05","guid":{"rendered":"http:\/\/protextos.web.ua.pt\/?page_id=596"},"modified":"2018-05-21T14:44:09","modified_gmt":"2018-05-21T14:44:09","slug":"fatima-mesquita","status":"publish","type":"page","link":"https:\/\/protextos.web.ua.pt\/?page_id=596","title":{"rendered":"F\u00e1tima Mesquita"},"content":{"rendered":"<p><a href=\"http:\/\/protextos.web.ua.pt\/wp-content\/uploads\/2015\/09\/FatimaMesquita.jpg\"><img loading=\"lazy\" decoding=\"async\" class=\"size-medium wp-image-595 alignright\" style=\"width: 179px; height: 203px;\" alt=\"FatimaMesquita\" src=\"http:\/\/protextos.web.ua.pt\/wp-content\/uploads\/2015\/09\/FatimaMesquita-286x300.jpg\" width=\"286\" height=\"300\" srcset=\"https:\/\/protextos.web.ua.pt\/wp-content\/uploads\/2015\/09\/FatimaMesquita-286x300.jpg 286w, https:\/\/protextos.web.ua.pt\/wp-content\/uploads\/2015\/09\/FatimaMesquita.jpg 327w\" sizes=\"auto, (max-width: 286px) 100vw, 286px\" \/><\/a><a href=\"http:\/\/protextos.web.ua.pt\/wp-content\/uploads\/2015\/09\/FatimaMesquita.jpg\"><br \/>\n<\/a><\/p>\n<p>Atualmente, \u00e9 docente do 1\u00ba Ciclo &#8211; Grupo 110, do Quadro do Agrupamento de Escolas de Esgueira, concelho de Aveiro.<\/p>\n<p>De forma\u00e7\u00e3o acad\u00e9mica possui:<\/p>\n<p>&#8211; Doutoramento em Educa\u00e7\u00e3o, em 2013, na Universidade de Aveiro, com a Tese intitulada &#8220;Avalia\u00e7\u00e3o do Desempenho Docente e Supervis\u00e3o Pedag\u00f3gica: um estudo de caso num agrupamento de escolas&#8221;;<\/p>\n<p>&#8211; Mestrado em An\u00e1lise Social e Administra\u00e7\u00e3o da Educa\u00e7\u00e3o, em 2006, na Universidade de Aveiro, com a Disserta\u00e7\u00e3o intitulada &#8220;L\u00f3gicas de Comunica\u00e7\u00e3o do Conselho Executivo num Agrupamento de Escolas&#8221;;<\/p>\n<p>&#8211; Licenciatura em Educa\u00e7\u00e3o &#8211; Curso de Qualifica\u00e7\u00e3o para o exerc\u00edcio de outras Fun\u00e7\u00f5es Educativas na \u00c1rea de Administra\u00e7\u00e3o Escolar e Administra\u00e7\u00e3o Educacional, Porto, Instituto Superior de Educa\u00e7\u00e3o e Trabalho, em 2002;<\/p>\n<p>&#8211; Curso do Magist\u00e9rio Prim\u00e1rio, Escola do Magist\u00e9rio Prim\u00e1rio de Coimbra, em 1986.<\/p>\n<p>\u00c9 membro do grupo \u201cPROTEXTOS \u2013 Ensino da produ\u00e7\u00e3o de textos\u201d, do Departamento de Educa\u00e7\u00e3o da UA, coordenado por Lu\u00edsa \u00c1lvares Pereira, desde setembro de 2013.<\/p>\n<p>Foi membro da equipa do Projeto de investiga\u00e7\u00e3o da Universidade de Aveiro sobre Avalia\u00e7\u00e3o do Desempenho Docente \u2013 ADDin &#8211; \u201c Avalia\u00e7\u00e3o do desempenho docente: compreendendo a sua complexidade para a tomada de decis\u00f5es fundamentadas na investiga\u00e7\u00e3o\u201d, financiado pela Funda\u00e7\u00e3o para a Ci\u00eancia e Tecnologia com a refer\u00eancia PTDC\/CPE-CED\/104786\/2008.<\/p>\n<p>\u00c9 Supervisora Cooperante da Universidade de Aveiro desde 2008, inicialmente no \u00e2mbito da disciplina da Pr\u00e1tica Pedag\u00f3gica do 4\u00ba ano da Licenciatura em Ensino B\u00e1sico &#8211; 1\u00ba Ciclo e posteriormente no Mestrado em Educa\u00e7\u00e3o Ensino do 1\u00ba e 2\u00ba Ciclo do Ensino B\u00e1sico &#8211; Pr\u00e1tica Pedag\u00f3gica Supervisionada B1 (PPS B1);<\/p>\n<p>\u00c9 Formadora Acreditada pelo Conselho Cient\u00edfico-Pedag\u00f3gico da Forma\u00e7\u00e3o Cont\u00ednua de Braga, com o n.\u00ba de registo CCPFC\/RFO-29302\/11, nas seguintes \u00e1reas e dom\u00ednios:<\/p>\n<p>B01 Administra\u00e7\u00e3o Educacional; B02 Avalia\u00e7\u00e3o; B09 Organiza\u00e7\u00e3o do Sistema Educativo; C10 Pr\u00e1ticas de Avalia\u00e7\u00e3o do Rendimento Escolar; C22 Pr\u00e1ticas de Administra\u00e7\u00e3o Escolar.<\/p>\n<p>De entre os seus atuais interesses de investiga\u00e7\u00e3o\/forma\u00e7\u00e3o\/ensino, salientam-se os seguintes:<\/p>\n<p>\u2022 Did\u00e1tica do Portugu\u00eas como l\u00edngua materna<\/p>\n<p>\u2022 Did\u00e1tica da Escrita<\/p>\n<p>\u2022 Did\u00e1tica da Oralidade<\/p>\n<p>\u2022 Forma\u00e7\u00e3o e Supervis\u00e3o de Professores no ensino da Escrita e da Oralidade<\/p>\n<p>\u2022 Progress\u00e3o na produ\u00e7\u00e3o de g\u00e9neros de textos escritos e orais.<\/p>\n","protected":false},"excerpt":{"rendered":"<p>Atualmente, \u00e9 docente do 1\u00ba Ciclo &#8211; Grupo 110, do Quadro do Agrupamento de Escolas de Esgueira, concelho de Aveiro. De forma\u00e7\u00e3o acad\u00e9mica possui: &#8211; Doutoramento em Educa\u00e7\u00e3o, em 2013, na Universidade de Aveiro, com a Tese intitulada &#8220;Avalia\u00e7\u00e3o do Desempenho Docente e Supervis\u00e3o Pedag\u00f3gica: um estudo de caso num agrupamento de escolas&#8221;; &#8211; Mestrado &hellip; <\/p>\n<p class=\"link-more\"><a href=\"https:\/\/protextos.web.ua.pt\/?page_id=596\" class=\"more-link\">Continue reading<span class=\"screen-reader-text\"> &#8220;F\u00e1tima Mesquita&#8221;<\/span><\/a><\/p>\n","protected":false},"author":1,"featured_media":0,"parent":91,"menu_order":0,"comment_status":"closed","ping_status":"closed","template":"","meta":{"footnotes":""},"class_list":["post-596","page","type-page","status-publish","hentry"],"_links":{"self":[{"href":"https:\/\/protextos.web.ua.pt\/index.php?rest_route=\/wp\/v2\/pages\/596","targetHints":{"allow":["GET"]}}],"collection":[{"href":"https:\/\/protextos.web.ua.pt\/index.php?rest_route=\/wp\/v2\/pages"}],"about":[{"href":"https:\/\/protextos.web.ua.pt\/index.php?rest_route=\/wp\/v2\/types\/page"}],"author":[{"embeddable":true,"href":"https:\/\/protextos.web.ua.pt\/index.php?rest_route=\/wp\/v2\/users\/1"}],"replies":[{"embeddable":true,"href":"https:\/\/protextos.web.ua.pt\/index.php?rest_route=%2Fwp%2Fv2%2Fcomments&post=596"}],"version-history":[{"count":1,"href":"https:\/\/protextos.web.ua.pt\/index.php?rest_route=\/wp\/v2\/pages\/596\/revisions"}],"predecessor-version":[{"id":598,"href":"https:\/\/protextos.web.ua.pt\/index.php?rest_route=\/wp\/v2\/pages\/596\/revisions\/598"}],"up":[{"embeddable":true,"href":"https:\/\/protextos.web.ua.pt\/index.php?rest_route=\/wp\/v2\/pages\/91"}],"wp:attachment":[{"href":"https:\/\/protextos.web.ua.pt\/index.php?rest_route=%2Fwp%2Fv2%2Fmedia&parent=596"}],"curies":[{"name":"wp","href":"https:\/\/api.w.org\/{rel}","templated":true}]}}