{"id":63,"date":"2013-12-02T12:45:13","date_gmt":"2013-12-02T12:45:13","guid":{"rendered":"http:\/\/protextos.web.ua.pt\/?page_id=63"},"modified":"2023-08-29T14:45:51","modified_gmt":"2023-08-29T14:45:51","slug":"chain","status":"publish","type":"page","link":"https:\/\/protextos.web.ua.pt\/?page_id=63","title":{"rendered":"Normas APA"},"content":{"rendered":"\n<p><strong><a rel=\"noreferrer noopener\" href=\"https:\/\/www.google.com\/url?sa=t&amp;rct=j&amp;q=&amp;esrc=s&amp;source=web&amp;cd=&amp;ved=2ahUKEwig7NiRjIKBAxUhYKQEHY8BCLAQFnoECBQQAQ&amp;url=https%3A%2F%2Fwww.ua.pt%2Ffile%2F62230&amp;usg=AOvVaw1FFHRk2RlyJ5iSjdhTdokW&amp;opi=89978449\" target=\"_blank\">APA 7.\u00aa edi\u00e7\u00e3o: Manual para a realiza\u00e7\u00e3o de cita\u00e7\u00f5es em texto e refer\u00eancias bibliogr\u00e1ficas<\/a> <\/strong>(Universidade de Aveiro)<\/p>\n\n\n\n<p><strong><a rel=\"noreferrer noopener\" href=\"http:\/\/farol.web.ua.pt\/subjects\/faq.php?coll_id=29\" target=\"_blank\">FAQs: refer\u00eancias segundo o estilo APA 7th<\/a><\/strong> (Universidade de Aveiro)<\/p>\n\n\n\n<p><strong><a rel=\"noreferrer noopener\" href=\"http:\/\/www.apastyle.org\/\" target=\"_blank\">Normas APA<\/a><\/strong><\/p>\n","protected":false},"excerpt":{"rendered":"<p>APA 7.\u00aa edi\u00e7\u00e3o: Manual para a realiza\u00e7\u00e3o de cita\u00e7\u00f5es em texto e refer\u00eancias bibliogr\u00e1ficas (Universidade de Aveiro) FAQs: refer\u00eancias segundo o estilo APA 7th (Universidade de Aveiro) Normas APA<\/p>\n","protected":false},"author":1,"featured_media":0,"parent":57,"menu_order":0,"comment_status":"closed","ping_status":"open","template":"","meta":{"footnotes":""},"class_list":["post-63","page","type-page","status-publish","hentry"],"_links":{"self":[{"href":"https:\/\/protextos.web.ua.pt\/index.php?rest_route=\/wp\/v2\/pages\/63","targetHints":{"allow":["GET"]}}],"collection":[{"href":"https:\/\/protextos.web.ua.pt\/index.php?rest_route=\/wp\/v2\/pages"}],"about":[{"href":"https:\/\/protextos.web.ua.pt\/index.php?rest_route=\/wp\/v2\/types\/page"}],"author":[{"embeddable":true,"href":"https:\/\/protextos.web.ua.pt\/index.php?rest_route=\/wp\/v2\/users\/1"}],"replies":[{"embeddable":true,"href":"https:\/\/protextos.web.ua.pt\/index.php?rest_route=%2Fwp%2Fv2%2Fcomments&post=63"}],"version-history":[{"count":9,"href":"https:\/\/protextos.web.ua.pt\/index.php?rest_route=\/wp\/v2\/pages\/63\/revisions"}],"predecessor-version":[{"id":2581,"href":"https:\/\/protextos.web.ua.pt\/index.php?rest_route=\/wp\/v2\/pages\/63\/revisions\/2581"}],"up":[{"embeddable":true,"href":"https:\/\/protextos.web.ua.pt\/index.php?rest_route=\/wp\/v2\/pages\/57"}],"wp:attachment":[{"href":"https:\/\/protextos.web.ua.pt\/index.php?rest_route=%2Fwp%2Fv2%2Fmedia&parent=63"}],"curies":[{"name":"wp","href":"https:\/\/api.w.org\/{rel}","templated":true}]}}