{"id":700,"date":"2018-05-07T09:02:51","date_gmt":"2018-05-07T09:02:51","guid":{"rendered":"http:\/\/protextos.web.ua.pt\/?page_id=700"},"modified":"2018-05-21T14:47:01","modified_gmt":"2018-05-21T14:47:01","slug":"rosa-oliveira","status":"publish","type":"page","link":"https:\/\/protextos.web.ua.pt\/?page_id=700","title":{"rendered":"Rosa Oliveira"},"content":{"rendered":"<p><a href=\"http:\/\/protextos.web.ua.pt\/wp-content\/uploads\/2018\/05\/rosa-oliveira.jpg\"><img loading=\"lazy\" decoding=\"async\" class=\"size-medium wp-image-703 alignright\" src=\"http:\/\/protextos.web.ua.pt\/wp-content\/uploads\/2018\/05\/rosa-oliveira-225x300.jpg\" alt=\"\" width=\"225\" height=\"300\" srcset=\"https:\/\/protextos.web.ua.pt\/wp-content\/uploads\/2018\/05\/rosa-oliveira-225x300.jpg 225w, https:\/\/protextos.web.ua.pt\/wp-content\/uploads\/2018\/05\/rosa-oliveira-768x1024.jpg 768w, https:\/\/protextos.web.ua.pt\/wp-content\/uploads\/2018\/05\/rosa-oliveira-624x832.jpg 624w, https:\/\/protextos.web.ua.pt\/wp-content\/uploads\/2018\/05\/rosa-oliveira.jpg 1200w\" sizes=\"auto, (max-width: 225px) 100vw, 225px\" \/><\/a>Rosa Maria Oliveira nasceu em 1959, em Souto, Santa Maria da Feira. \u00c9 professora de Portugu\u00eas e Franc\u00eas na Escola Secund\u00e1ria Jos\u00e9 Macedo Fragateiro em Ovar. Enriquece a sua voca\u00e7\u00e3o de professora com a sua paix\u00e3o pela escrita liter\u00e1ria.<\/p>\n<p>Dinamiza oficinas de escrita criativa e de fic\u00e7\u00e3o com base em mem\u00f3rias\/ hist\u00f3rias de vida, o que lhe permite conhecer melhor os alunos bem como promover o autoconhecimento e a consci\u00eancia do grupo. Desenvolve, desde 2010, um m\u00e9todo de investiga\u00e7\u00e3o\/a\u00e7\u00e3o que ajuda os alunos a suplantar a escolariza\u00e7\u00e3o com imagina\u00e7\u00e3o e criatividade, dando-lhes a possibilidade de terem acesso \u00e0 sua voca\u00e7\u00e3o liter\u00e1ria natural e de recuperar o gosto por aprender, atrav\u00e9s do &#8220;educurar&#8221;: isto \u00e9, educar e, ao mesmo tempo, curar.<\/p>\n<p>Dinamiza oficinas de escrita e palestras para professores e pais com o prop\u00f3sito de ajudar a cocriar a nova realidade no ensino.<\/p>\n<p>Tem divulgado o projeto das &#8220;Narrativas de Vida&#8221;\u00a0 em algumas escolas portuguesas e no Instituto\u00a0 Ibero-americano da Comunica\u00e7\u00e3o Educativa (ILCE), no M\u00e9xico.<\/p>\n<p>Tem v\u00e1rios livros publicados na \u00e1rea da poesia, ensaio e romance.<\/p>\n","protected":false},"excerpt":{"rendered":"<p>Rosa Maria Oliveira nasceu em 1959, em Souto, Santa Maria da Feira. \u00c9 professora de Portugu\u00eas e Franc\u00eas na Escola Secund\u00e1ria Jos\u00e9 Macedo Fragateiro em Ovar. Enriquece a sua voca\u00e7\u00e3o de professora com a sua paix\u00e3o pela escrita liter\u00e1ria. Dinamiza oficinas de escrita criativa e de fic\u00e7\u00e3o com base em mem\u00f3rias\/ hist\u00f3rias de vida, o &hellip; <\/p>\n<p class=\"link-more\"><a href=\"https:\/\/protextos.web.ua.pt\/?page_id=700\" class=\"more-link\">Continue reading<span class=\"screen-reader-text\"> &#8220;Rosa Oliveira&#8221;<\/span><\/a><\/p>\n","protected":false},"author":1,"featured_media":0,"parent":91,"menu_order":0,"comment_status":"closed","ping_status":"closed","template":"","meta":{"footnotes":""},"class_list":["post-700","page","type-page","status-publish","hentry"],"_links":{"self":[{"href":"https:\/\/protextos.web.ua.pt\/index.php?rest_route=\/wp\/v2\/pages\/700","targetHints":{"allow":["GET"]}}],"collection":[{"href":"https:\/\/protextos.web.ua.pt\/index.php?rest_route=\/wp\/v2\/pages"}],"about":[{"href":"https:\/\/protextos.web.ua.pt\/index.php?rest_route=\/wp\/v2\/types\/page"}],"author":[{"embeddable":true,"href":"https:\/\/protextos.web.ua.pt\/index.php?rest_route=\/wp\/v2\/users\/1"}],"replies":[{"embeddable":true,"href":"https:\/\/protextos.web.ua.pt\/index.php?rest_route=%2Fwp%2Fv2%2Fcomments&post=700"}],"version-history":[{"count":1,"href":"https:\/\/protextos.web.ua.pt\/index.php?rest_route=\/wp\/v2\/pages\/700\/revisions"}],"predecessor-version":[{"id":706,"href":"https:\/\/protextos.web.ua.pt\/index.php?rest_route=\/wp\/v2\/pages\/700\/revisions\/706"}],"up":[{"embeddable":true,"href":"https:\/\/protextos.web.ua.pt\/index.php?rest_route=\/wp\/v2\/pages\/91"}],"wp:attachment":[{"href":"https:\/\/protextos.web.ua.pt\/index.php?rest_route=%2Fwp%2Fv2%2Fmedia&parent=700"}],"curies":[{"name":"wp","href":"https:\/\/api.w.org\/{rel}","templated":true}]}}