{"id":766,"date":"2018-05-21T14:52:09","date_gmt":"2018-05-21T14:52:09","guid":{"rendered":"http:\/\/protextos.web.ua.pt\/?page_id=766"},"modified":"2018-11-07T12:56:07","modified_gmt":"2018-11-07T12:56:07","slug":"maria-manuel-santos","status":"publish","type":"page","link":"https:\/\/protextos.web.ua.pt\/?page_id=766","title":{"rendered":"Maria Manuel Santos"},"content":{"rendered":"<p>&nbsp;<\/p>\n<p><a href=\"http:\/\/protextos.web.ua.pt\/wp-content\/uploads\/2018\/05\/Maria-Manuel-dos-Santos.jpg\"><img loading=\"lazy\" decoding=\"async\" class=\"size-medium wp-image-769 alignright\" src=\"http:\/\/protextos.web.ua.pt\/wp-content\/uploads\/2018\/05\/Maria-Manuel-dos-Santos-300x300.jpg\" alt=\"\" width=\"300\" height=\"300\" srcset=\"https:\/\/protextos.web.ua.pt\/wp-content\/uploads\/2018\/05\/Maria-Manuel-dos-Santos-300x300.jpg 300w, https:\/\/protextos.web.ua.pt\/wp-content\/uploads\/2018\/05\/Maria-Manuel-dos-Santos-150x150.jpg 150w, https:\/\/protextos.web.ua.pt\/wp-content\/uploads\/2018\/05\/Maria-Manuel-dos-Santos-768x770.jpg 768w, https:\/\/protextos.web.ua.pt\/wp-content\/uploads\/2018\/05\/Maria-Manuel-dos-Santos-624x625.jpg 624w, https:\/\/protextos.web.ua.pt\/wp-content\/uploads\/2018\/05\/Maria-Manuel-dos-Santos.jpg 833w\" sizes=\"auto, (max-width: 300px) 100vw, 300px\" \/><\/a>Maria Manuel Santos\u00a0\u00e9\u00a0professora do 1\u00ba CEB e de Educa\u00e7\u00e3o Especial no Agrupamento de Escolas de Vagos.\u00a0Integra, desde o seu in\u00edcio,\u00a0o Projeto de Investiga\u00e7\u00e3o PROTEXTOS, do Departamento de Educa\u00e7\u00e3o e Psicologia da Universidade de Aveiro.\u00a0Encontra-se a concluir o doutoramento em Multim\u00e9dia em Educa\u00e7\u00e3o na Universidade de Aveiro.\u00a0 Desenvolve investiga\u00e7\u00e3o no ensino da escrita e da leitura, a partir dos g\u00e9neros textuais, com especial interesse pela fase inicial de aprendizagem. \u00c9 tamb\u00e9m formadora da UNAVE (Associa\u00e7\u00e3o para a Forma\u00e7\u00e3o Profissional e Investiga\u00e7\u00e3o da Universidade de Aveiro) e do\u00a0CFAECIVOB\u00a0(Centro de Forma\u00e7\u00e3o de Associa\u00e7\u00e3o de Escolas dos Concelhos de \u00cdlhavo, Vagos e Oliveira do Bairro). \u00c9 ainda autora de manuais escolares e de livros para-escolares na Porto Editora.<\/p>\n","protected":false},"excerpt":{"rendered":"<p>&nbsp; Maria Manuel Santos\u00a0\u00e9\u00a0professora do 1\u00ba CEB e de Educa\u00e7\u00e3o Especial no Agrupamento de Escolas de Vagos.\u00a0Integra, desde o seu in\u00edcio,\u00a0o Projeto de Investiga\u00e7\u00e3o PROTEXTOS, do Departamento de Educa\u00e7\u00e3o e Psicologia da Universidade de Aveiro.\u00a0Encontra-se a concluir o doutoramento em Multim\u00e9dia em Educa\u00e7\u00e3o na Universidade de Aveiro.\u00a0 Desenvolve investiga\u00e7\u00e3o no ensino da escrita e da &hellip; <\/p>\n<p class=\"link-more\"><a href=\"https:\/\/protextos.web.ua.pt\/?page_id=766\" class=\"more-link\">Continue reading<span class=\"screen-reader-text\"> &#8220;Maria Manuel Santos&#8221;<\/span><\/a><\/p>\n","protected":false},"author":1,"featured_media":0,"parent":91,"menu_order":0,"comment_status":"closed","ping_status":"closed","template":"","meta":{"footnotes":""},"class_list":["post-766","page","type-page","status-publish","hentry"],"_links":{"self":[{"href":"https:\/\/protextos.web.ua.pt\/index.php?rest_route=\/wp\/v2\/pages\/766","targetHints":{"allow":["GET"]}}],"collection":[{"href":"https:\/\/protextos.web.ua.pt\/index.php?rest_route=\/wp\/v2\/pages"}],"about":[{"href":"https:\/\/protextos.web.ua.pt\/index.php?rest_route=\/wp\/v2\/types\/page"}],"author":[{"embeddable":true,"href":"https:\/\/protextos.web.ua.pt\/index.php?rest_route=\/wp\/v2\/users\/1"}],"replies":[{"embeddable":true,"href":"https:\/\/protextos.web.ua.pt\/index.php?rest_route=%2Fwp%2Fv2%2Fcomments&post=766"}],"version-history":[{"count":2,"href":"https:\/\/protextos.web.ua.pt\/index.php?rest_route=\/wp\/v2\/pages\/766\/revisions"}],"predecessor-version":[{"id":1548,"href":"https:\/\/protextos.web.ua.pt\/index.php?rest_route=\/wp\/v2\/pages\/766\/revisions\/1548"}],"up":[{"embeddable":true,"href":"https:\/\/protextos.web.ua.pt\/index.php?rest_route=\/wp\/v2\/pages\/91"}],"wp:attachment":[{"href":"https:\/\/protextos.web.ua.pt\/index.php?rest_route=%2Fwp%2Fv2%2Fmedia&parent=766"}],"curies":[{"name":"wp","href":"https:\/\/api.w.org\/{rel}","templated":true}]}}