{"id":778,"date":"2018-05-21T15:02:44","date_gmt":"2018-05-21T15:02:44","guid":{"rendered":"http:\/\/protextos.web.ua.pt\/?page_id=778"},"modified":"2023-08-28T16:54:26","modified_gmt":"2023-08-28T16:54:26","slug":"conceicao-siopa","status":"publish","type":"page","link":"https:\/\/protextos.web.ua.pt\/?page_id=778","title":{"rendered":"Concei\u00e7\u00e3o Siopa"},"content":{"rendered":"<p><a href=\"http:\/\/protextos.web.ua.pt\/wp-content\/uploads\/2018\/05\/conceicao-siopa_2.jpg\"><img loading=\"lazy\" decoding=\"async\" class=\"size-medium wp-image-784 alignright\" src=\"http:\/\/protextos.web.ua.pt\/wp-content\/uploads\/2018\/05\/conceicao-siopa_2-215x300.jpg\" alt=\"\" width=\"215\" height=\"300\" srcset=\"https:\/\/protextos.web.ua.pt\/wp-content\/uploads\/2018\/05\/conceicao-siopa_2-215x300.jpg 215w, https:\/\/protextos.web.ua.pt\/wp-content\/uploads\/2018\/05\/conceicao-siopa_2.jpg 387w\" sizes=\"auto, (max-width: 215px) 100vw, 215px\" \/><\/a>Concei\u00e7\u00e3o Siopa, doutorada em Educa\u00e7\u00e3o pela Universidade de Aveiro (Portugal), tem experi\u00eancia de ensino de Portugu\u00eas desde 1982, quer no ensino secund\u00e1rio em Portugal, quer ainda ao n\u00edvel do ensino universit\u00e1rio em Mo\u00e7ambique, onde actualmente leciona disciplinas de Portugu\u00eas na licenciatura em Ensino de Portugu\u00eas e no mestrado em Ensino de Portugu\u00eas como l\u00edngua segunda, destinados \u00e0 forma\u00e7\u00e3o de futuros professores de Portugu\u00eas em Mo\u00e7ambique.<\/p>\n<p>\u00c9 leitora de Portugu\u00eas do Cam\u00f5es, Instituto da Coopera\u00e7\u00e3o e da L\u00edngua, na Universidade Eduardo Mondlane, Faculdade de Letras e Ci\u00eancias Sociais, em Maputo, desde 2000. Nesta universidade faz parte da equipa de investiga\u00e7\u00e3o da C\u00e1tedra de Portugu\u00eas L\u00edngua Segunda e Estrangeira para a \u00e1rea da Did\u00e1tica da L\u00edngua Portuguesa como l\u00edngua segunda. No \u00e2mbito do seu trabalho de investiga\u00e7\u00e3o, tem apresentado comunica\u00e7\u00f5es em diversos pa\u00edses e tem artigos publicados em Portugal, Mo\u00e7ambique e Brasil.<\/p>\n\n\n<p>Ci\u00eancia ID: <a href=\"https:\/\/www.cienciavitae.pt\/\/pt\/8718-8C9C-BDAA\" target=\"_blank\" rel=\"noreferrer noopener\">8718-8C9C-BDAA<\/a><\/p>\n\n\n\n<p>ORCID-iD: <a rel=\"noreferrer noopener\" href=\"https:\/\/orcid.org\/0000-0003-0143-1139\" target=\"_blank\">0000-0003-0143-1139<\/a><\/p>\n","protected":false},"excerpt":{"rendered":"<p>Concei\u00e7\u00e3o Siopa, doutorada em Educa\u00e7\u00e3o pela Universidade de Aveiro (Portugal), tem experi\u00eancia de ensino de Portugu\u00eas desde 1982, quer no ensino secund\u00e1rio em Portugal, quer ainda ao n\u00edvel do ensino universit\u00e1rio em Mo\u00e7ambique, onde actualmente leciona disciplinas de Portugu\u00eas na licenciatura em Ensino de Portugu\u00eas e no mestrado em Ensino de Portugu\u00eas como l\u00edngua segunda, &hellip; <\/p>\n<p class=\"link-more\"><a href=\"https:\/\/protextos.web.ua.pt\/?page_id=778\" class=\"more-link\">Continue reading<span class=\"screen-reader-text\"> &#8220;Concei\u00e7\u00e3o Siopa&#8221;<\/span><\/a><\/p>\n","protected":false},"author":1,"featured_media":0,"parent":91,"menu_order":0,"comment_status":"closed","ping_status":"closed","template":"","meta":{"footnotes":""},"class_list":["post-778","page","type-page","status-publish","hentry"],"_links":{"self":[{"href":"https:\/\/protextos.web.ua.pt\/index.php?rest_route=\/wp\/v2\/pages\/778","targetHints":{"allow":["GET"]}}],"collection":[{"href":"https:\/\/protextos.web.ua.pt\/index.php?rest_route=\/wp\/v2\/pages"}],"about":[{"href":"https:\/\/protextos.web.ua.pt\/index.php?rest_route=\/wp\/v2\/types\/page"}],"author":[{"embeddable":true,"href":"https:\/\/protextos.web.ua.pt\/index.php?rest_route=\/wp\/v2\/users\/1"}],"replies":[{"embeddable":true,"href":"https:\/\/protextos.web.ua.pt\/index.php?rest_route=%2Fwp%2Fv2%2Fcomments&post=778"}],"version-history":[{"count":3,"href":"https:\/\/protextos.web.ua.pt\/index.php?rest_route=\/wp\/v2\/pages\/778\/revisions"}],"predecessor-version":[{"id":2443,"href":"https:\/\/protextos.web.ua.pt\/index.php?rest_route=\/wp\/v2\/pages\/778\/revisions\/2443"}],"up":[{"embeddable":true,"href":"https:\/\/protextos.web.ua.pt\/index.php?rest_route=\/wp\/v2\/pages\/91"}],"wp:attachment":[{"href":"https:\/\/protextos.web.ua.pt\/index.php?rest_route=%2Fwp%2Fv2%2Fmedia&parent=778"}],"curies":[{"name":"wp","href":"https:\/\/api.w.org\/{rel}","templated":true}]}}