{"id":861,"date":"2018-08-27T12:32:15","date_gmt":"2018-08-27T12:32:15","guid":{"rendered":"http:\/\/protextos.web.ua.pt\/?page_id=861"},"modified":"2018-11-12T20:20:25","modified_gmt":"2018-11-12T20:20:25","slug":"formacao-de-professores","status":"publish","type":"page","link":"https:\/\/protextos.web.ua.pt\/?page_id=861","title":{"rendered":"Forma\u00e7\u00e3o de Professores"},"content":{"rendered":"<h2><span style=\"color: #ff6600;\"><b>Forma\u00e7\u00e3o inicial<\/b><span style=\"font-weight: 400;\"> (professores cooperantes)<\/span><\/span><\/h2>\n<p><strong>F\u00e1tima Mesquita <\/strong><\/p>\n<p><strong>Filomena Rocha <\/strong><\/p>\n<p><strong>Paula Carvalho<\/strong><\/p>\n<h2><span style=\"color: #ff6600;\"><b>Forma\u00e7\u00e3o cont\u00ednua<\/b>\u00a0(dom\u00ednios cient\u00edficos de forma\u00e7\u00e3o e institui\u00e7\u00f5es)<\/span><\/h2>\n<p style=\"padding-left: 30px;\"><span style=\"font-weight: 400;\">BANCO DE FORMADORES <\/span><\/p>\n<p><strong>Ana Almeida da Silva<\/strong><\/p>\n<ul>\n<li style=\"font-weight: 400;\"><span style=\"font-weight: 400;\">Formadora acreditada pelo Conselho Cient\u00edfico-Pedag\u00f3gico da Forma\u00e7\u00e3o Cont\u00ednua de Braga, n.\u00ba de registo CCPFC\/RFO-27394\/10 nos dom\u00ednios: <\/span>\n<ul>\n<li style=\"font-weight: 400;\"><span style=\"font-weight: 400;\">C05 &#8211; Did\u00e1ticas Espec\u00edficas; <\/span><\/li>\n<li style=\"font-weight: 400;\"><span style=\"font-weight: 400;\">A30 &#8211; Estudos Sociais; <\/span><\/li>\n<li style=\"font-weight: 400;\"><span style=\"font-weight: 400;\">B11 &#8211; Pedagogia e Did\u00e1tica; <\/span><\/li>\n<li style=\"font-weight: 400;\"><span style=\"font-weight: 400;\">C13 &#8211; Sensibiliza\u00e7\u00e3o \u00e0 Educa\u00e7\u00e3o Especial.<\/span><\/li>\n<\/ul>\n<\/li>\n<\/ul>\n<p>&nbsp;<\/p>\n<p><strong>Ana Maria Teixeira Soares Ferreira<\/strong><\/p>\n<ul>\n<li style=\"font-weight: 400;\"><span style=\"font-weight: 400;\">Formadora acreditada pelo Conselho Cient\u00edfico-Pedag\u00f3gico da Forma\u00e7\u00e3o Cont\u00ednua de Braga, com o n.\u00ba de registo CCPFC\/RFO-14777\/02, nas seguintes \u00e1reas e dom\u00ednios: <\/span>\n<ul>\n<li style=\"font-weight: 400;\"><span style=\"font-weight: 400;\">A46 &#8211; Portugu\u00eas\/L\u00edngua Portuguesa, <\/span><\/li>\n<li style=\"font-weight: 400;\"><span style=\"font-weight: 400;\">A57 &#8211; Literatura e Literatura Portuguesa <\/span><\/li>\n<li style=\"font-weight: 400;\"><span style=\"font-weight: 400;\">A59 &#8211; Teoria Liter\u00e1ria<\/span><\/li>\n<\/ul>\n<\/li>\n<\/ul>\n<p>&nbsp;<\/p>\n<p><strong>C\u00e9lia da Gra\u00e7a Lopes<\/strong><\/p>\n<ul>\n<li style=\"font-weight: 400;\"><span style=\"font-weight: 400;\">Formadora Acreditada pelo Conselho Cient\u00edfico-Pedag\u00f3gico da Forma\u00e7\u00e3o Cont\u00ednua de Braga, com o n.\u00ba de registo CCPFC\/RFO-24618\/08, nas seguintes \u00e1reas e dom\u00ednios:<\/span>\n<ul>\n<li style=\"font-weight: 400;\"><span style=\"font-weight: 400;\">B01 Administra\u00e7\u00e3o Escolar, <\/span><\/li>\n<li style=\"font-weight: 400;\"><span style=\"font-weight: 400;\">B05 Educa\u00e7\u00e3o em (Multim\u00e9dia), <\/span><\/li>\n<li style=\"font-weight: 400;\"><span style=\"font-weight: 400;\">B11 Pedagogia e Did\u00e1tica, <\/span><\/li>\n<li style=\"font-weight: 400;\"><span style=\"font-weight: 400;\">B15 Tecnologia e Comunica\u00e7\u00e3o Educativa, <\/span><\/li>\n<li style=\"font-weight: 400;\"><span style=\"font-weight: 400;\">C04 Did\u00e1tica Geral, <\/span><\/li>\n<li style=\"font-weight: 400;\"><span style=\"font-weight: 400;\">C15 Tecnologias Educativas (Inform\u00e1tica\/Aplica\u00e7\u00e3o da Inform\u00e1tica),<\/span><\/li>\n<li style=\"font-weight: 400;\"><span style=\"font-weight: 400;\">C16 Tecnologias Educativas (Meios Audiovisuais), <\/span><\/li>\n<li style=\"font-weight: 400;\"><span style=\"font-weight: 400;\">C17 Tecnologias Educativas (Multim\u00e9dia), <\/span><\/li>\n<li style=\"font-weight: 400;\"><span style=\"font-weight: 400;\">C22 Pr\u00e1ticas de Administra\u00e7\u00e3o Escolar; <\/span><\/li>\n<li style=\"font-weight: 400;\"><span style=\"font-weight: 400;\">B01 Administra\u00e7\u00e3o Educacional;<\/span><\/li>\n<\/ul>\n<\/li>\n<li style=\"font-weight: 400;\">\u00a0 Formadora do IAVE, I.P.; Centro de Forma\u00e7\u00e3o Terras de Santa Maria e UNAVE &#8211; UA<\/li>\n<\/ul>\n<p><strong>In\u00eas Cardoso<\/strong><\/p>\n<ul>\n<li><span class=\"TextRun SCXW21710331\" lang=\"PT-PT\" xml:lang=\"PT-PT\"><span class=\"NormalTextRun SCXW21710331\">F<\/span><\/span><span class=\"TextRun SCXW21710331\" lang=\"PT-PT\" xml:lang=\"PT-PT\"><span class=\"NormalTextRun SCXW21710331\">ormadora na \u00e1rea e dom\u00ednio \u201cDid\u00e1ticas espec\u00edficas (<\/span><\/span><span class=\"TextRun SCXW21710331\" lang=\"PT-PT\" xml:lang=\"PT-PT\"><span class=\"NormalTextRun SCXW21710331\">Portugu\u00eas)<\/span><\/span><span class=\"TextRun SCXW21710331\" lang=\"PT-PT\" xml:lang=\"PT-PT\"><span class=\"NormalTextRun SCXW21710331\">\u201d, com aplica\u00e7\u00e3o a Professores dos Ensinos B\u00e1sico e Secund\u00e1rio (CCPFC\/RFO-24456\/08).<\/span><\/span><\/li>\n<\/ul>\n<p><strong>Jos\u00e9 Ferreira<\/strong><\/p>\n<ul>\n<li style=\"font-weight: 400;\"><span style=\"font-weight: 400;\">Formador pelo Conselho Cient\u00edfico-Pedag\u00f3gico da Forma\u00e7\u00e3o Cont\u00ednua com o registo n.\u00ba CCPFC\/RFO-30289\/11, nas \u00e1reas e dom\u00ednios: <\/span>\n<ul>\n<li style=\"font-weight: 400;\"><i><span style=\"font-weight: 400;\">C05 Did\u00e1ticas Espec\u00edficas (Portugu\u00eas\/L\u00edngua Portuguesa)<\/span><\/i><\/li>\n<li style=\"font-weight: 400;\"><i><span style=\"font-weight: 400;\">C15 Tecnologias Educativas (Inform\u00e1tica\/Aplica\u00e7\u00e3o da Inform\u00e1tica<\/span><\/i><\/li>\n<\/ul>\n<\/li>\n<\/ul>\n<p>&nbsp;<\/p>\n<p><strong>Maria Manuel Santos<\/strong><\/p>\n<ul>\n<li style=\"font-weight: 400;\"><span style=\"font-weight: 400;\">Formadora Acreditada pelo Conselho Cient\u00edfico-Pedag\u00f3gico da Forma\u00e7\u00e3o Cont\u00ednua de Braga, com o n.\u00ba de registo CCPFC\/RFO-22485\/07, nas seguintes \u00e1reas e dom\u00ednios:<\/span>\n<ul>\n<li style=\"font-weight: 400;\"><span style=\"font-weight: 400;\"> B05 Educa\u00e7\u00e3o em (Multim\u00e9dia); <\/span><\/li>\n<li style=\"font-weight: 400;\"><span style=\"font-weight: 400;\">B06 Educa\u00e7\u00e3o Especial; <\/span><\/li>\n<li style=\"font-weight: 400;\"><span style=\"font-weight: 400;\">B11 Pedagogia e Did\u00e1tica; <\/span><\/li>\n<li style=\"font-weight: 400;\"><span style=\"font-weight: 400;\">C05 Did\u00e1ticas Espec\u00edficas (Portugu\u00eas &#8211; 1.\u00ba Ciclo).<\/span><\/li>\n<\/ul>\n<\/li>\n<li style=\"font-weight: 400;\"><span style=\"font-weight: 400;\">Formadora do Centro de Forma\u00e7\u00e3o de Associa\u00e7\u00e3o de Escolas de \u00cdlhavo, Vagos e Oliveira de Bairro e UNAVE &#8211; UA.<\/span><\/li>\n<\/ul>\n<p>&nbsp;<\/p>\n<p><strong>Olga Maria Madanelo<\/strong><\/p>\n<ul>\n<li style=\"font-weight: 400;\"><span style=\"font-weight: 400;\">Coordenadora da Flexibilidade Curricular (acompanhamento e monitoriza\u00e7\u00e3o dos AE da Regi\u00e3o do Centro de Forma\u00e7\u00e3o de Associa\u00e7\u00e3o de Escolas de Castro Daire e Laf\u00f5es &#8211; CFAECDL) &#8211; Mobilidade Estatut\u00e1ria na DGE 2018\/2019<\/span><\/li>\n<li style=\"font-weight: 400;\"><span style=\"font-weight: 400;\">Consultora de Forma\u00e7\u00e3o Acreditada Conselho Cient\u00edfico-Pedag\u00f3gico da Forma\u00e7\u00e3o Cont\u00ednua de Braga, com o n.\u00ba de registo CCPFC\/CF \u2013 0306\/17<\/span><\/li>\n<li style=\"font-weight: 400;\"><span style=\"font-weight: 400;\">Formadora Acreditada pelo Conselho Cient\u00edfico-Pedag\u00f3gico da Forma\u00e7\u00e3o Cont\u00ednua de Braga, com o n.\u00ba de registo CCPFC\/RFO-270033\/10, nas seguintes \u00e1reas e dom\u00ednios: <\/span>\n<ul>\n<li style=\"font-weight: 400;\"><span style=\"font-weight: 400;\">A46 Portugu\u00eas\/ L\u00edngua Portuguesa; <\/span><\/li>\n<li style=\"font-weight: 400;\"><span style=\"font-weight: 400;\">B11 Pedagogia e Did\u00e1tica; <\/span><\/li>\n<li style=\"font-weight: 400;\"><span style=\"font-weight: 400;\">C05 Did\u00e1ticas Espec\u00edficas (Portugu\u00eas \/ L\u00edngua Portuguesa); <\/span><\/li>\n<li style=\"font-weight: 400;\"><span style=\"font-weight: 400;\">C9l (Avalia\u00e7\u00e3o)<\/span><\/li>\n<\/ul>\n<\/li>\n<li style=\"font-weight: 400;\">\u00a0 \u00a0Especialista de Forma\u00e7\u00e3o do Programa Nacional de Promo\u00e7\u00e3o do Sucesso Escolar (PNPSE)<\/li>\n<li style=\"font-weight: 400;\">Pertence \u00e0 Bolsa de Formadores e Supervisores da Avalia\u00e7\u00e3o Externa da <span style=\"font-weight: 400;\">Dire\u00e7\u00e3o de Servi\u00e7os de Forma\u00e7\u00e3o e Supervis\u00e3o do IAVE<\/span><\/li>\n<\/ul>\n<p>&nbsp;<\/p>\n<p><strong>Rosa L\u00eddia Coimbra<\/strong><\/p>\n<ul>\n<li style=\"font-weight: 400;\"><span style=\"font-weight: 400;\">Formadora Acreditada pelo Conselho Cient\u00edfico-Pedag\u00f3gico da Forma\u00e7\u00e3o Cont\u00ednua de Braga, com o n.\u00ba de registo CCPFC\/RFO-33173\/13, nas seguintes \u00e1reas e dom\u00ednios: <\/span>\n<ul>\n<li style=\"font-weight: 400;\"><span style=\"font-weight: 400;\">A46 Portugu\u00eas\/L\u00edngua Portuguesa; <\/span><\/li>\n<li style=\"font-weight: 400;\"><span style=\"font-weight: 400;\">A61 Lingu\u00edstica.<\/span><\/li>\n<\/ul>\n<\/li>\n<\/ul>\n<p>&nbsp;<\/p>\n<p><strong>Teresa Dias<\/strong><\/p>\n<p><span style=\"font-weight: 400;\"> \u00a0\u00a0&#8211; Formadora Acreditada pelo Conselho Cient\u00edfico-Pedag\u00f3gico da Forma\u00e7\u00e3o Cont\u00ednua de Braga, com o n.\u00ba de registo \u00a0CCPFC\/RFO-24718\/08, nas seguintes \u00e1reas e dom\u00ednios:<\/span><\/p>\n<p><span style=\"font-weight: 400;\">&#8211; \u00a0B11 Pedagogia e Did\u00e1tica;<\/span><\/p>\n<p><span style=\"font-weight: 400;\">&#8211; C05 Did\u00e1ticas Espec\u00edficas (L\u00edngua Portuguesa \u2013 1.\u00ba Ciclo).<\/span><\/p>\n<p>&nbsp;<\/p>\n<p style=\"padding-left: 30px;\"><span style=\"color: #ff6600;\"><strong>(ALGUMAS) FORMA\u00c7\u00d5ES REALIZADAS NOS \u00daLTIMOS ANOS (2017\/2018)<\/strong><\/span><\/p>\n<p><span style=\"font-weight: 400;\"> \u201cA oralidade como objeto de ensino e aprendizagem nas aulas de Portugu\u00eas\u201d, curso de forma\u00e7\u00e3o, 20 horas presenciais &#8211; Centro de Forma\u00e7\u00e3o Intermunicipal de Estarreja, Murtosa e Ovar &#8211; professores dos grupos 210, 300 e 320 (Dinamizada por <strong>Ana Maria Teixeira Soares Ferreira<\/strong>) <\/span><\/p>\n<p><span style=\"font-weight: 400;\">\u201cAprendizagem da leitura e da escrita: metodologias de a\u00e7\u00e3o curricular integrada e contextualizada\u201d, 15 horas presenciais\u201d &#8211; Centro de Forma\u00e7\u00e3o e Associa\u00e7\u00e3o de Escolas Coimbra Interior &#8211; professores GR 110 (Dinamizada por <strong>Ana Almeida Silva<\/strong>)<\/span><\/p>\n<p><span style=\"font-weight: 400;\">\u201cArticula\u00e7\u00e3o: \u201ca ferramenta na nossa m\u00e3o\u201d\u201d, A\u00e7\u00e3o de Curta Dura\u00e7\u00e3o, 6 horas, \u00a0CFAECDL (Castro Daire) &#8211; professores dos grupos 100 e 110 (Dinamizada por <strong>Olga Madanelo<\/strong>) <\/span><\/p>\n<p><span style=\"font-weight: 400;\"> \u201cEnsino inicial da leitura e da escrita \u2013 abordagens did\u00e1ticas para o ensino b\u00e1sico\u201d, oficina de forma\u00e7\u00e3o 25 horas presenciais + 25 horas trabalho aut\u00f3nomo -Centro de Forma\u00e7\u00e3o de Associa\u00e7\u00e3o de Escolas de \u00cdlhavo, Vagos e Oliveira de Bairro &#8211; \u00a0professores do 1.\u00ba ciclo do ensino b\u00e1sico (Dinamizada por <strong>Maria Manuel dos Santos<\/strong>)<\/span><\/p>\n<p><span style=\"font-weight: 400;\">\u201cEntrada no mundo da escrita-abordagens did\u00e1ticas para a educa\u00e7\u00e3o pr\u00e9-escolar\u201d, oficina de forma\u00e7\u00e3o 25 horas presenciais + 25 horas trabalho aut\u00f3nomo &#8211; Centro de Forma\u00e7\u00e3o de Associa\u00e7\u00e3o de Escolas de \u00cdlhavo, Vagos e Oliveira de Bairro &#8211; educadores de inf\u00e2ncia; (Dinamizada por <strong>Maria Manuel dos Santos)<\/strong><\/span><\/p>\n<p>&nbsp;<\/p>\n<p><span style=\"font-weight: 400;\">\u201cFlexibiliza\u00e7\u00e3o e Integra\u00e7\u00e3o Curricular\u201d, 25 horas presenciais &#8211; Centro de Forma\u00e7\u00e3o Professor Jo\u00e3o Soares (Alvalade) &#8211; professores de todos os grupos de recrutamento (Dinamiza\u00e7\u00e3o Ana Almeida Silva) <\/span><\/p>\n<p>&nbsp;<\/p>\n<p><span style=\"font-weight: 400;\">\u201cFlexibiliza\u00e7\u00e3o e Integra\u00e7\u00e3o Curricular\u201d, 25 horas presenciais &#8211; Centro de Forma\u00e7\u00e3o Maria Borges Medeiros (Benfica) &#8211; professores de todos os grupos de recrutamento (Dinamizada <strong>Ana Almeida Silva<\/strong>)<\/span><\/p>\n<p>&nbsp;<\/p>\n<p><span style=\"font-weight: 400;\">\u201cFomentar a leitura e a escrita no 1\u00ba ciclo do Ensino B\u00e1sico\u201d, oficina de forma\u00e7\u00e3o 15 horas presenciais + 15 horas trabalho aut\u00f3nomo &#8211; \u00a0Centro de Forma\u00e7\u00e3o Terras de Santa Maria &#8211; professores do 1\u00ba ciclo (Dinamizada por <strong>C\u00e9lia da Gra\u00e7a Lopes<\/strong>)<\/span><\/p>\n<p>&nbsp;<\/p>\n<p><span style=\"font-weight: 400;\"> \u201cNovos desafios no Ensino da L\u00edngua\u201d, oficina de forma\u00e7\u00e3o 25 horas presenciais + 25 horas trabalho aut\u00f3nomo &#8211; Centro de Forma\u00e7\u00e3o Terras de Santa Maria &#8211; educadoras de inf\u00e2ncia (Dinamizada por <strong>C\u00e9lia da Gra\u00e7a Lopes<\/strong>)<\/span><\/p>\n<p>&nbsp;<\/p>\n<p><span style=\"font-weight: 400;\">\u201cO Ensino da Leitura na Educa\u00e7\u00e3o Especial\u201d, oficina de forma\u00e7\u00e3o 25 horas presenciais + 25 horas trabalho aut\u00f3nomo &#8211; Centro de Forma\u00e7\u00e3o Terras de Santa Maria &#8211; professores dos grupos 110, 200, 210, 220, 300, 910, 920 e 930 (Dinamizada por <strong>C\u00e9lia da Gra\u00e7a Lopes<\/strong>)<\/span><\/p>\n<p>&nbsp;<\/p>\n<p><span style=\"font-weight: 400;\">\u201cPotencialidades de escrita l\u00fadica e criativa na motiva\u00e7\u00e3o dos alunos para a escrita formal e utilit\u00e1ria\u201d, Oficina de Forma\u00e7\u00e3o, 25 horas presenciais &#8211; Centro de Forma\u00e7\u00e3o e Associa\u00e7\u00e3o de Escolas Coimbra Interior &#8211; professores GR 110 (Dinamizada por <strong>Ana Almeida Silva<\/strong>)<\/span><\/p>\n<p>&nbsp;<\/p>\n<p><span style=\"font-weight: 400;\">\u201cSupervis\u00e3o Pedag\u00f3gica: um galo sozinho n\u00e3o tece o amanh\u00e3\u201d, A\u00e7\u00e3o de Curta Dura\u00e7\u00e3o, 6 horas &#8211; Centro de Forma\u00e7\u00e3o e Associa\u00e7\u00e3o de Escolas Coimbra Interior, Conselho Pedag\u00f3gico e membros da Dire\u00e7\u00e3o do Agrupamento de Escolas de Arganil (Dinamizada por <strong>Olga Madanelo<\/strong>)<\/span><\/p>\n<p>&nbsp;<\/p>\n<p><span style=\"font-weight: 400;\">\u201cSupervis\u00e3o Pedag\u00f3gica: um galo sozinho n\u00e3o tece o amanh\u00e3\u201d, Oficina de Forma\u00e7\u00e3o, 20 horas presenciais &#8211; <\/span><span style=\"font-weight: 400;\">CFAECDL<\/span><span style=\"font-weight: 400;\"> (Vouzela) &#8211; professores de todos os grupos de recrutamento (Dinamizada por <strong>Olga Madanelo<\/strong>)<\/span><\/p>\n<p>&nbsp;<\/p>\n","protected":false},"excerpt":{"rendered":"<p>Forma\u00e7\u00e3o inicial (professores cooperantes) F\u00e1tima Mesquita Filomena Rocha Paula Carvalho Forma\u00e7\u00e3o cont\u00ednua\u00a0(dom\u00ednios cient\u00edficos de forma\u00e7\u00e3o e institui\u00e7\u00f5es) BANCO DE FORMADORES Ana Almeida da Silva Formadora acreditada pelo Conselho Cient\u00edfico-Pedag\u00f3gico da Forma\u00e7\u00e3o Cont\u00ednua de Braga, n.\u00ba de registo CCPFC\/RFO-27394\/10 nos dom\u00ednios: C05 &#8211; Did\u00e1ticas Espec\u00edficas; A30 &#8211; Estudos Sociais; B11 &#8211; Pedagogia e Did\u00e1tica; C13 &#8211; &hellip; <\/p>\n<p class=\"link-more\"><a href=\"https:\/\/protextos.web.ua.pt\/?page_id=861\" class=\"more-link\">Continue reading<span class=\"screen-reader-text\"> &#8220;Forma\u00e7\u00e3o de Professores&#8221;<\/span><\/a><\/p>\n","protected":false},"author":1,"featured_media":0,"parent":0,"menu_order":0,"comment_status":"closed","ping_status":"closed","template":"","meta":{"footnotes":""},"class_list":["post-861","page","type-page","status-publish","hentry"],"_links":{"self":[{"href":"https:\/\/protextos.web.ua.pt\/index.php?rest_route=\/wp\/v2\/pages\/861","targetHints":{"allow":["GET"]}}],"collection":[{"href":"https:\/\/protextos.web.ua.pt\/index.php?rest_route=\/wp\/v2\/pages"}],"about":[{"href":"https:\/\/protextos.web.ua.pt\/index.php?rest_route=\/wp\/v2\/types\/page"}],"author":[{"embeddable":true,"href":"https:\/\/protextos.web.ua.pt\/index.php?rest_route=\/wp\/v2\/users\/1"}],"replies":[{"embeddable":true,"href":"https:\/\/protextos.web.ua.pt\/index.php?rest_route=%2Fwp%2Fv2%2Fcomments&post=861"}],"version-history":[{"count":8,"href":"https:\/\/protextos.web.ua.pt\/index.php?rest_route=\/wp\/v2\/pages\/861\/revisions"}],"predecessor-version":[{"id":1455,"href":"https:\/\/protextos.web.ua.pt\/index.php?rest_route=\/wp\/v2\/pages\/861\/revisions\/1455"}],"wp:attachment":[{"href":"https:\/\/protextos.web.ua.pt\/index.php?rest_route=%2Fwp%2Fv2%2Fmedia&parent=861"}],"curies":[{"name":"wp","href":"https:\/\/api.w.org\/{rel}","templated":true}]}}