{"id":879,"date":"2018-08-27T12:12:33","date_gmt":"2018-08-27T12:12:33","guid":{"rendered":"http:\/\/protextos.web.ua.pt\/?page_id=879"},"modified":"2018-09-07T17:07:03","modified_gmt":"2018-09-07T17:07:03","slug":"teresa-dias","status":"publish","type":"page","link":"https:\/\/protextos.web.ua.pt\/?page_id=879","title":{"rendered":"Teresa Dias"},"content":{"rendered":"<p>&nbsp;<\/p>\n<p><a href=\"http:\/\/protextos.web.ua.pt\/wp-content\/uploads\/2018\/08\/teresa-e1535372595273.png\"><img loading=\"lazy\" decoding=\"async\" class=\"alignright size-medium wp-image-888\" src=\"http:\/\/protextos.web.ua.pt\/wp-content\/uploads\/2018\/08\/teresa-300x244.png\" alt=\"\" width=\"300\" height=\"244\" \/><\/a>Maria Teresa Dias \u00e9 professora do 1.\u00ba Ciclo no Agrupamento de Escolas de Ovar. Concluiu os cursos de Forma\u00e7\u00e3o Especializada em Educa\u00e7\u00e3o Especial \u2013 Problemas Intelectuais e Multidefici\u00eancia \u2013 especialidade de dom\u00ednio cognitivo e motor no Instituto Superior de Ci\u00eancias da Informa\u00e7\u00e3o e da Administra\u00e7\u00e3o no Porto e o Curso de Forma\u00e7\u00e3o Especializada em Supervis\u00e3o Pedag\u00f3gica e Forma\u00e7\u00e3o de Formadores no Instituto Superior de Educa\u00e7\u00e3o e Trabalho. \u00c9 formadora nas \u00e1reas e dom\u00ednios \u2013 B11 Pedagogia e Did\u00e1tica; C05 Did\u00e1ticas Espec\u00edficas (L\u00edngua Portuguesa \u2013 1.\u00ba Ciclo). Licenciou-se em Hist\u00f3ria pela Universidade Aut\u00f3noma de Lisboa. Concluiu o Mestrado em Rela\u00e7\u00f5es Interculturais na Universidade Aberta. \u00c9 doutoranda do doutoramento em Educa\u00e7\u00e3o (ramo: Did\u00e1tica e Desenvolvimento Curricular) na Universidade de Aveiro.<\/p>\n","protected":false},"excerpt":{"rendered":"<p>&nbsp; Maria Teresa Dias \u00e9 professora do 1.\u00ba Ciclo no Agrupamento de Escolas de Ovar. Concluiu os cursos de Forma\u00e7\u00e3o Especializada em Educa\u00e7\u00e3o Especial \u2013 Problemas Intelectuais e Multidefici\u00eancia \u2013 especialidade de dom\u00ednio cognitivo e motor no Instituto Superior de Ci\u00eancias da Informa\u00e7\u00e3o e da Administra\u00e7\u00e3o no Porto e o Curso de Forma\u00e7\u00e3o Especializada em &hellip; <\/p>\n<p class=\"link-more\"><a href=\"https:\/\/protextos.web.ua.pt\/?page_id=879\" class=\"more-link\">Continue reading<span class=\"screen-reader-text\"> &#8220;Teresa Dias&#8221;<\/span><\/a><\/p>\n","protected":false},"author":1,"featured_media":0,"parent":91,"menu_order":0,"comment_status":"closed","ping_status":"closed","template":"","meta":{"footnotes":""},"class_list":["post-879","page","type-page","status-publish","hentry"],"_links":{"self":[{"href":"https:\/\/protextos.web.ua.pt\/index.php?rest_route=\/wp\/v2\/pages\/879","targetHints":{"allow":["GET"]}}],"collection":[{"href":"https:\/\/protextos.web.ua.pt\/index.php?rest_route=\/wp\/v2\/pages"}],"about":[{"href":"https:\/\/protextos.web.ua.pt\/index.php?rest_route=\/wp\/v2\/types\/page"}],"author":[{"embeddable":true,"href":"https:\/\/protextos.web.ua.pt\/index.php?rest_route=\/wp\/v2\/users\/1"}],"replies":[{"embeddable":true,"href":"https:\/\/protextos.web.ua.pt\/index.php?rest_route=%2Fwp%2Fv2%2Fcomments&post=879"}],"version-history":[{"count":4,"href":"https:\/\/protextos.web.ua.pt\/index.php?rest_route=\/wp\/v2\/pages\/879\/revisions"}],"predecessor-version":[{"id":1125,"href":"https:\/\/protextos.web.ua.pt\/index.php?rest_route=\/wp\/v2\/pages\/879\/revisions\/1125"}],"up":[{"embeddable":true,"href":"https:\/\/protextos.web.ua.pt\/index.php?rest_route=\/wp\/v2\/pages\/91"}],"wp:attachment":[{"href":"https:\/\/protextos.web.ua.pt\/index.php?rest_route=%2Fwp%2Fv2%2Fmedia&parent=879"}],"curies":[{"name":"wp","href":"https:\/\/api.w.org\/{rel}","templated":true}]}}