{"id":91,"date":"2013-12-02T15:33:31","date_gmt":"2013-12-02T15:33:31","guid":{"rendered":"http:\/\/protextos.web.ua.pt\/?page_id=91"},"modified":"2023-08-28T16:56:57","modified_gmt":"2023-08-28T16:56:57","slug":"membros-2","status":"publish","type":"page","link":"https:\/\/protextos.web.ua.pt\/?page_id=91","title":{"rendered":"Membros"},"content":{"rendered":"\n<p><strong><a href=\"http:\/\/protextos.web.ua.pt\/?page_id=297\" target=\"_blank\" rel=\"noreferrer noopener\">In\u00eas Cardoso<\/a> (Coordenadora)<\/strong><\/p>\n\n\n\n<p><a href=\"http:\/\/protextos.web.ua.pt\/?page_id=151\" target=\"_blank\" rel=\"noreferrer noopener\">Lu\u00edsa \u00c1lvares Pereira<\/a>&nbsp;(primeira&nbsp;coordenadora;&nbsp;atualmente, membro e consultora)<\/p>\n\n\n\n<p><a href=\"http:\/\/protextos.web.ua.pt\/?page_id=572\" target=\"_blank\" rel=\"noreferrer noopener\">Rosa L\u00eddia Coimbra<\/a>&nbsp;(membro e consultora)<\/p>\n\n\n\n<p><a href=\"http:\/\/protextos.web.ua.pt\/?page_id=1050\" target=\"_blank\" rel=\"noreferrer noopener\">Ana Almeida da Silva<\/a><\/p>\n\n\n\n<p>Ana Isabel Pinto<\/p>\n\n\n\n<p><a rel=\"noreferrer noopener\" href=\"http:\/\/protextos.web.ua.pt\/?page_id=1323\" target=\"_blank\">Ana Maria Soares Ferreira<\/a><\/p>\n\n\n\n<p><a href=\"http:\/\/protextos.web.ua.pt\/?page_id=542\" target=\"_blank\" rel=\"noreferrer noopener\">Aurora Cerqueira<\/a><\/p>\n\n\n\n<p>Beatriz Gil<\/p>\n\n\n\n<p><a rel=\"noreferrer noopener\" href=\"http:\/\/protextos.web.ua.pt\/?page_id=512\" target=\"_blank\">Betina Martins<\/a><\/p>\n\n\n\n<p><a href=\"https:\/\/www.cienciavitae.pt\/portal\/6112-217F-5103\" target=\"_blank\" rel=\"noreferrer noopener\">Carina Rodrigues<\/a><\/p>\n\n\n\n<p><a href=\"http:\/\/protextos.web.ua.pt\/?page_id=560\" target=\"_blank\" rel=\"noreferrer noopener\">C\u00e9lia Gra\u00e7a Lopes<\/a><\/p>\n\n\n\n<p><a href=\"http:\/\/protextos.web.ua.pt\/?page_id=778\" target=\"_blank\" rel=\"noreferrer noopener\">Concei\u00e7\u00e3o Siopa<\/a><\/p>\n\n\n\n<p><a href=\"http:\/\/protextos.web.ua.pt\/?page_id=323\" target=\"_blank\" rel=\"noreferrer noopener\">Elsa Direito<\/a><\/p>\n\n\n\n<p>Emmy Gonzalez Lillo<\/p>\n\n\n\n<p><a rel=\"noreferrer noopener\" href=\"http:\/\/protextos.web.ua.pt\/?page_id=596\" target=\"_blank\">F\u00e1tima Mesquita<\/a><\/p>\n\n\n\n<p><a href=\"http:\/\/protextos.web.ua.pt\/?page_id=1728\" target=\"_blank\" rel=\"noreferrer noopener\">Filipa Fidalgo Reis<\/a><\/p>\n\n\n\n<p><a href=\"http:\/\/protextos.web.ua.pt\/?page_id=1557&amp;preview=true\" target=\"_blank\" rel=\"noreferrer noopener\">Filomena Rocha<\/a><\/p>\n\n\n\n<p><a href=\"http:\/\/protextos.web.ua.pt\/?page_id=585\" target=\"_blank\" rel=\"noreferrer noopener\">In\u00eas Moura<\/a><\/p>\n\n\n\n<p><a href=\"http:\/\/protextos.web.ua.pt\/?page_id=398\" target=\"_blank\" rel=\"noreferrer noopener\">Jos\u00e9 Ferreira<\/a><\/p>\n\n\n\n<p><a rel=\"noreferrer noopener\" href=\"https:\/\/www.cienciavitae.pt\/portal\/5C18-3D5D-75B5\" target=\"_blank\">L\u00e9nia Carvalhais<\/a><\/p>\n\n\n\n<p><a href=\"http:\/\/protextos.web.ua.pt\/?page_id=2434\" target=\"_blank\" rel=\"noreferrer noopener\">L\u00facia Gomes Lemos<\/a><\/p>\n\n\n\n<p><a href=\"http:\/\/protextos.web.ua.pt\/?page_id=733\" target=\"_blank\" rel=\"noreferrer noopener\">Luciana Gra\u00e7a<\/a><\/p>\n\n\n\n<p><a href=\"http:\/\/protextos.web.ua.pt\/?page_id=766\" target=\"_blank\" rel=\"noreferrer noopener\">Maria Manuel Santos<\/a><\/p>\n\n\n\n<p><a href=\"http:\/\/protextos.web.ua.pt\/?page_id=1335\" target=\"_blank\" rel=\"noreferrer noopener\">Mariana Pinto<\/a><\/p>\n\n\n\n<p>Narciso Montanha Narciso<\/p>\n\n\n\n<p><a rel=\"noreferrer noopener\" href=\"http:\/\/protextos.web.ua.pt\/?page_id=1059\" target=\"_blank\">Olga Madanelo<\/a><\/p>\n\n\n\n<p>Paula Bambo<\/p>\n\n\n\n<p><a rel=\"noreferrer noopener\" href=\"https:\/\/www.wook.pt\/autor\/paula-pessanha-isidoro\/4482895\" target=\"_blank\">Paula Pessanha Isidoro<\/a><\/p>\n\n\n\n<p><a rel=\"noreferrer noopener\" href=\"http:\/\/protextos.web.ua.pt\/?page_id=700\" target=\"_blank\">Rosa Maria Oliveira<\/a><\/p>\n\n\n\n<p><a href=\"https:\/\/www.cienciavitae.pt\/\/pt\/4418-61E0-233E\" target=\"_blank\" rel=\"noreferrer noopener\">Tatiana Braz Pereira<\/a><\/p>\n\n\n\n<p><a href=\"http:\/\/protextos.web.ua.pt\/?page_id=2422\" target=\"_blank\" rel=\"noreferrer noopener\">Teresa da Costa<\/a><\/p>\n\n\n\n<p><a rel=\"noreferrer noopener\" href=\"http:\/\/protextos.web.ua.pt\/?page_id=879\" target=\"_blank\">Teresa Dias<\/a><br><\/p>\n\n\n\n<p><strong><span class=\"has-inline-color has-luminous-vivid-orange-color\">Consultores Externos:\u00a0<\/span>\u00a0<\/strong><a rel=\"noreferrer noopener\" href=\"https:\/\/www.unige.ch\/fapse\/grafe\/membres\/dolcv\/\" target=\"_blank\">Joaquim Dolz<\/a>; <a rel=\"noreferrer noopener\" href=\"http:\/\/buscatextual.cnpq.br\/buscatextual\/visualizacv.do?id=K4784169T3\" target=\"_blank\">Eduardo Calil<\/a><\/p>\n\n\n\n<p><strong><span class=\"has-inline-color has-luminous-vivid-orange-color\">Outros Colaboradores<\/span><\/strong><br><a rel=\"noreferrer noopener\" href=\"http:\/\/buscatextual.cnpq.br\/buscatextual\/visualizacv.do?id=K4783277P1\" target=\"_blank\">Ana Maria Mattos Guimar\u00e3es<\/a>\u00a0| In\u00eas Sim-Sim\u00a0|\u00a0 <a rel=\"noreferrer noopener\" href=\"http:\/\/www.degois.pt\/visualizador\/curriculum.jsp?key=4759695621847461\" target=\"_blank\">Jos\u00e9 Ant\u00f3nio Brand\u00e3o<\/a>\u00a0|\u00a0L\u00facia Lopes-Dam\u00e1sio | Lu\u00eds Barbeiro\u00a0|\u00a0\u00a0<a rel=\"noreferrer noopener\" href=\"http:\/\/www.degois.pt\/visualizador\/curriculum.jsp?key=583230571196099\" target=\"_blank\">Maria Ant\u00f3nia Coutinho\u00a0<\/a>\u00a0|\u00a0<a rel=\"noreferrer noopener\" href=\"https:\/\/dialnet.unirioja.es\/servlet\/autor?codigo=178821\" target=\"_blank\">Paulina Ribera<\/a>\u00a0\u00a0|\u00a0<a rel=\"noreferrer noopener\" href=\"http:\/\/www.degois.pt\/visualizador\/curriculum.jsp?key=4367724991832876\" target=\"_blank\">Rosalice Pinto<\/a>\u00a0| Vera L\u00facia Crist\u00f3v\u00e3o <\/p>\n\n\n\n<p><strong><span class=\"has-inline-color has-luminous-vivid-orange-color\">Antigos Membros do Grupo<\/span><\/strong><br><a rel=\"noreferrer noopener\" href=\"http:\/\/protextos.web.ua.pt\/?page_id=1371&amp;preview=true\" target=\"_blank\">Ana Catarina Costa<\/a> | C\u00e9lia Brito | C\u00e9u Bastos | Gra\u00e7a Trindade |\u00a0Helena Borges | Helena Gomes | Madalena Relv\u00e3o | Margarida Cortes\u00e3o | <a rel=\"noreferrer noopener\" href=\"http:\/\/protextos.web.ua.pt\/?page_id=1356&amp;preview=true\" target=\"_blank\">Paula Carvalho<\/a> | S\u00f3nia Pereira<\/p>\n","protected":false},"excerpt":{"rendered":"<p>In\u00eas Cardoso (Coordenadora) Lu\u00edsa \u00c1lvares Pereira&nbsp;(primeira&nbsp;coordenadora;&nbsp;atualmente, membro e consultora) Rosa L\u00eddia Coimbra&nbsp;(membro e consultora) Ana Almeida da Silva Ana Isabel Pinto Ana Maria Soares Ferreira Aurora Cerqueira Beatriz Gil Betina Martins Carina Rodrigues C\u00e9lia Gra\u00e7a Lopes Concei\u00e7\u00e3o Siopa Elsa Direito Emmy Gonzalez Lillo F\u00e1tima Mesquita Filipa Fidalgo Reis Filomena Rocha In\u00eas Moura Jos\u00e9 Ferreira L\u00e9nia &hellip; <\/p>\n<p class=\"link-more\"><a href=\"https:\/\/protextos.web.ua.pt\/?page_id=91\" class=\"more-link\">Continue reading<span class=\"screen-reader-text\"> &#8220;Membros&#8221;<\/span><\/a><\/p>\n","protected":false},"author":1,"featured_media":0,"parent":2,"menu_order":0,"comment_status":"closed","ping_status":"open","template":"","meta":{"footnotes":""},"class_list":["post-91","page","type-page","status-publish","hentry"],"_links":{"self":[{"href":"https:\/\/protextos.web.ua.pt\/index.php?rest_route=\/wp\/v2\/pages\/91","targetHints":{"allow":["GET"]}}],"collection":[{"href":"https:\/\/protextos.web.ua.pt\/index.php?rest_route=\/wp\/v2\/pages"}],"about":[{"href":"https:\/\/protextos.web.ua.pt\/index.php?rest_route=\/wp\/v2\/types\/page"}],"author":[{"embeddable":true,"href":"https:\/\/protextos.web.ua.pt\/index.php?rest_route=\/wp\/v2\/users\/1"}],"replies":[{"embeddable":true,"href":"https:\/\/protextos.web.ua.pt\/index.php?rest_route=%2Fwp%2Fv2%2Fcomments&post=91"}],"version-history":[{"count":63,"href":"https:\/\/protextos.web.ua.pt\/index.php?rest_route=\/wp\/v2\/pages\/91\/revisions"}],"predecessor-version":[{"id":2449,"href":"https:\/\/protextos.web.ua.pt\/index.php?rest_route=\/wp\/v2\/pages\/91\/revisions\/2449"}],"up":[{"embeddable":true,"href":"https:\/\/protextos.web.ua.pt\/index.php?rest_route=\/wp\/v2\/pages\/2"}],"wp:attachment":[{"href":"https:\/\/protextos.web.ua.pt\/index.php?rest_route=%2Fwp%2Fv2%2Fmedia&parent=91"}],"curies":[{"name":"wp","href":"https:\/\/api.w.org\/{rel}","templated":true}]}}