{"id":1057,"date":"2019-05-15T07:50:08","date_gmt":"2019-05-15T07:50:08","guid":{"rendered":"http:\/\/protextos.web.ua.pt\/vi-eire2019\/?page_id=1057"},"modified":"2019-05-15T07:50:08","modified_gmt":"2019-05-15T07:50:08","slug":"onde-ficar","status":"publish","type":"page","link":"https:\/\/protextos.web.ua.pt\/vi-eire2019\/?page_id=1057","title":{"rendered":"Onde ficar"},"content":{"rendered":"\n<p><strong>HI HOSTEL AVEIRO &#8211; POUSADA DE JUVENTUDE<\/strong><br>Rua das Pombas, Edif\u00edcio do IPDJ<br>3810-150 Aveiro<\/p>\n\n\n\n<p>Telf. (+351) 234 482 233 \/ 961 705 214<\/p>\n\n\n\n<p>Email: <a href=\"mailto:aveiro@movijovem.pt\">aveiro@movijovem.pt<\/a><\/p>\n\n\n\n<p><a href=\"https:\/\/pousadasjuventude.pt\/pt\/pousadas\/aveiro\/\" target=\"_blank\" rel=\"noreferrer noopener\" aria-label=\" (abre num novo separador)\">https:\/\/pousadasjuventude.pt\/pt\/pousadas\/aveiro\/<\/a><br><br><\/p>\n\n\n\n<p><strong>HOTEL AVEIRO CENTER<\/strong><br>Rua da Arrochela, 6<br>3810-052 Aveiro<\/p>\n\n\n\n<p>Telf: +351 234 380\u00a0390<br>Fax: +351 234 380 391<\/p>\n\n\n\n<p>Email: <a href=\"mailto:reservas@hotelaveirocenter.pt\">reservas@hotelaveirocenter.pt<\/a><\/p>\n\n\n\n<p><a rel=\"noreferrer noopener\" href=\"http:\/\/www.hotelaveirocenter.pt\/\" target=\"_blank\">www.hotelaveirocenter.pt<\/a><br><br><\/p>\n\n\n\n<p><strong>HOTEL JARDIM\u00a0\u200b<\/strong><br>Rua Lu\u00eds Gomes de Carvalho, n\u00ba23<br>3800-211 Aveiro<\/p>\n\n\n\n<p>Telefone: (+351) 234 40 44 00<br>Fax: (+351) 234 40 44 01<\/p>\n\n\n\n<p>GPS:\u00a0N40\u00ba 38&#8242; 39,6&#8243; W 8\u00ba 38&#8242; 34,95&#8243;\u00a0<\/p>\n\n\n\n<p>Email:\u00a0<a href=\"mailto:info@venezahotel.pt\">info@venezahotel.pt<\/a> ; <a href=\"mailto:reservas@venezahotel.pt\">reservas@venezahotel.pt<\/a> <br><br><\/p>\n\n\n\n<p><strong>HOTEL MELI\u00c1 RIA****<\/strong><br>Cais da Fonte Nova, Lote 5<br>3810-200, Aveiro<\/p>\n\n\n\n<p>Telf.: + 351 234 401\u00a0000<br>Fax: +351 234 401 009<\/p>\n\n\n\n<p>E-mail: <a href=\"mailto:melia.ria@meliaportugal.com\">melia.ria@meliaportugal.com<\/a><\/p>\n\n\n\n<p><a rel=\"noreferrer noopener\" href=\"http:\/\/www.meliaria.com\/\" target=\"_blank\">www.meliaria.com<\/a><br><br><\/p>\n\n\n\n<p><strong>HOTEL MOLICEIRO ****<\/strong><br>Rua Jo\u00e3o Mendon\u00e7a\/barbosa de Magalh\u00e3es, 15\/17<br>3800-154 Aveiro<\/p>\n\n\n\n<p>Telf.: +351 234 377\u00a0400<br>Fax: +351 234 377\u00a0401<br>Telm: +351 964 649 619<\/p>\n\n\n\n<p>Email:&nbsp;<a href=\"mailto:hotelmoliceiro@hotelmoliceiro.pt\">hotelmoliceiro@hotelmoliceiro.pt<\/a>\n<\/p>\n\n\n\n<p>GPS:\n40.641923, -8.655915<\/p>\n\n\n\n<p><a rel=\"noreferrer noopener\" href=\"http:\/\/www.hotelmoliceiro.pt\/\" target=\"_blank\">www.hotelmoliceiro.pt<\/a><br><br><\/p>\n\n\n\n<p><strong>HOTEL SALINAS<\/strong><br>Rua da Arrochela, 6<br>3810-052 Aveiro<\/p>\n\n\n\n<p>Telf: +351 234 404\u00a0190<br>Fax: +351 234 404\u00a0191<\/p>\n\n\n\n<p>Email: <a href=\"mailto:reservas@hoteldassalinas.pt\">reservas@hoteldassalinas.pt<\/a> <\/p>\n\n\n\n<p><a rel=\"noreferrer noopener\" href=\"http:\/\/www.hoteldassalinas.pt\/\" target=\"_blank\">www.hoteldassalinas.pt<\/a><br><br><\/p>\n\n\n\n<p><strong>HOTEL VENEZA<\/strong><br>Rua Lu\u00eds Gomes de Carvalho, n\u00ba 23<br>3800-211 Aveiro<\/p>\n\n\n\n<p>Telf.: +351 234 404\u00a0400<br>Fax.: +351 324 404 401<\/p>\n\n\n\n<p>GPS: N 40\u00ba 38\u201939,6\u201d | W 8\u00ba 38\u2032 34,95\u201d<\/p>\n\n\n\n<p>Email:&nbsp;<a href=\"mailto:info@venezahotel.com\">info@venezahotel.com<\/a>\n; <a href=\"mailto:reservas@venezahotel.com\">reservas@venezahotel.com<\/a> <\/p>\n\n\n\n<p><a rel=\"noreferrer noopener\" href=\"http:\/\/www.venezahotel.pt\/\" target=\"_blank\">www.venezahotel.pt<\/a><br><br><\/p>\n\n\n\n<p><strong>WELCOME IN\u200b<\/strong><br>Avendida Dr. Louren\u00e7o Peixinho, N\u00ba 119<br>3800-166 Aveiro<\/p>\n\n\n\n<p>Telefone: (+351) 234 34 60 30 \/ 1 \/ 2 \/ 3<br>Fax: (+351) 234 34 60 39<\/p>\n\n\n\n<p>GPS:\u00a0N 40\u00ba 38.568 W 8\u00ba 38.851<\/p>\n\n\n\n<p>Email:\u00a0<a href=\"mailto:info@welcomein.pt\">info@welcomein.pt<\/a> <br><br><\/p>\n\n\n\n<p><strong>AVEIRO CITY LODGE<\/strong><br>Rua dos Mercadores, 24<br>3800-225 Aveiro<\/p>\n\n\n\n<p>Telf.: +351\n234 383 130<\/p>\n\n\n\n<p>Email: <a href=\"mailto:info@aveirolodge.pt\">info@aveirolodge.pt<\/a><\/p>\n\n\n\n<p><a rel=\"noreferrer noopener\" aria-label=\" (abre num novo separador)\" href=\"http:\/\/www.aveirolodge.pt\/\" target=\"_blank\">http:\/\/www.aveirolodge.pt\/<\/a><br><br><\/p>\n\n\n\n<p><strong>HOTEL AFONSO V***<\/strong><br>Rua Dr\u00ba Manuel das Neves, N\u00ba 65<br>3810-101, Aveiro<\/p>\n\n\n\n<p>Telf.: +351 234 425&nbsp;191 \/ +351 234 424&nbsp;334 \/ +351\n234 424 202<\/p>\n\n\n\n<p><a href=\"http:\/\/www.hotelafonsov.pt\/\" target=\"_blank\" rel=\"noreferrer noopener\">www.hotelafonsov.pt<\/a><\/p>\n\n\n\n<p>\u200b<\/p>\n\n\n\n<p><strong>HOTEL AVEIRO PALACE<\/strong><br>Rua de Viana do Castelo, 4<br>3800-275 Aveiro<\/p>\n\n\n\n<p>Telf.: (+351) 234 421\u00a0885<br>Fax: (+351) 234 421\u00a0886<br>Reservas: (+351) 234 421 885<\/p>\n\n\n\n<p>Email: <a href=\"mailto:geral@hotelaveiropalace.com\">geral@hotelaveiropalace.com<\/a> &nbsp;<\/p>\n\n\n\n<p><a rel=\"noreferrer noopener\" href=\"http:\/\/www.hotelaveiropalace.com\/\" target=\"_blank\">www.hotelaveiropalace.com<\/a><br><br><\/p>\n\n\n\n<p><strong>HOTEL AS AM\u00c9RICAS****<\/strong><br>Rua Eng. Von Haffe, 20<br>3800 \u2013 176 Aveiro<\/p>\n\n\n\n<p>GPS: 40,644420, -8,645921<\/p>\n\n\n\n<p>Tel.: +351 234 346\u00a0010<br>Fax: +351 234 346 019<\/p>\n\n\n\n<p>Email: <a href=\"mailto:info@hotelasamericas.com\">info@hotelasamericas.com<\/a> ;&nbsp;<a href=\"mailto:comercial@hotelasamericas.com\">comercial@hotelasamericas.com<\/a> <\/p>\n\n\n\n<p><a rel=\"noreferrer noopener\" href=\"http:\/\/www.hotelasamericas.com\/\" target=\"_blank\">www.hotelasamericas.com<\/a><br><br><\/p>\n\n\n\n<p><strong>HOTEL IMPERIAL<\/strong><br>Rua Dr. Nascimento Leit\u00e3o<br>3810-108 Aveiro<\/p>\n\n\n\n<p>Telf. Geral: +351 234 380\u00a0150<br>Fax Reservas: +351 234 380 159<\/p>\n\n\n\n<p>Email: <a href=\"mailto:reservas@hotelimperial.pt\">reservas@hotelimperial.pt<\/a> <\/p>\n\n\n\n<p><a rel=\"noreferrer noopener\" href=\"http:\/\/www.hotelimperial.pt\/\" target=\"_blank\">www.hotelimperial.pt<\/a><br><br><\/p>\n\n\n\n<p><strong>HOTEL JOS\u00c9 EST\u00caV\u00c3O **<\/strong><br>Rua Jos\u00e9 Est\u00eav\u00e3o, n\u00ba 23<br>3800-202 Aveiro<\/p>\n\n\n\n<p>Telf.: +351 234 38 39 64<br>Fax: +351 234 38 25 70<\/p>\n\n\n\n<p><a href=\"http:\/\/www.joseestevao.com\/\" target=\"_blank\" rel=\"noreferrer noopener\">www.joseestevao.com<\/a><\/p>\n","protected":false},"excerpt":{"rendered":"<p>HI HOSTEL AVEIRO &#8211; POUSADA DE JUVENTUDERua das Pombas, Edif\u00edcio do IPDJ3810-150 Aveiro Telf. (+351) 234 482 233 \/ 961 705 214 Email: aveiro@movijovem.pt https:\/\/pousadasjuventude.pt\/pt\/pousadas\/aveiro\/ HOTEL AVEIRO CENTERRua da Arrochela, 63810-052 Aveiro Telf: +351 234 380\u00a0390Fax: +351 234 380 391 Email: reservas@hotelaveirocenter.pt www.hotelaveirocenter.pt HOTEL JARDIM\u00a0\u200bRua Lu\u00eds Gomes de Carvalho, n\u00ba233800-211 Aveiro Telefone: (+351) 234 40 44 00Fax: (+351) 234 40<\/p>\n<p><a class=\"more-link\" href=\"https:\/\/protextos.web.ua.pt\/vi-eire2019\/?page_id=1057\">Read More<\/a><\/p>\n","protected":false},"author":2,"featured_media":0,"parent":182,"menu_order":0,"comment_status":"closed","ping_status":"closed","template":"","meta":{"footnotes":""},"class_list":["post-1057","page","type-page","status-publish","hentry"],"_links":{"self":[{"href":"https:\/\/protextos.web.ua.pt\/vi-eire2019\/index.php?rest_route=\/wp\/v2\/pages\/1057","targetHints":{"allow":["GET"]}}],"collection":[{"href":"https:\/\/protextos.web.ua.pt\/vi-eire2019\/index.php?rest_route=\/wp\/v2\/pages"}],"about":[{"href":"https:\/\/protextos.web.ua.pt\/vi-eire2019\/index.php?rest_route=\/wp\/v2\/types\/page"}],"author":[{"embeddable":true,"href":"https:\/\/protextos.web.ua.pt\/vi-eire2019\/index.php?rest_route=\/wp\/v2\/users\/2"}],"replies":[{"embeddable":true,"href":"https:\/\/protextos.web.ua.pt\/vi-eire2019\/index.php?rest_route=%2Fwp%2Fv2%2Fcomments&post=1057"}],"version-history":[{"count":2,"href":"https:\/\/protextos.web.ua.pt\/vi-eire2019\/index.php?rest_route=\/wp\/v2\/pages\/1057\/revisions"}],"predecessor-version":[{"id":1066,"href":"https:\/\/protextos.web.ua.pt\/vi-eire2019\/index.php?rest_route=\/wp\/v2\/pages\/1057\/revisions\/1066"}],"up":[{"embeddable":true,"href":"https:\/\/protextos.web.ua.pt\/vi-eire2019\/index.php?rest_route=\/wp\/v2\/pages\/182"}],"wp:attachment":[{"href":"https:\/\/protextos.web.ua.pt\/vi-eire2019\/index.php?rest_route=%2Fwp%2Fv2%2Fmedia&parent=1057"}],"curies":[{"name":"wp","href":"https:\/\/api.w.org\/{rel}","templated":true}]}}