{"id":113,"date":"2019-01-15T10:45:00","date_gmt":"2019-01-15T10:45:00","guid":{"rendered":"http:\/\/protextos.web.ua.pt\/vi-eire2019\/?page_id=113"},"modified":"2019-06-11T09:03:22","modified_gmt":"2019-06-11T09:03:22","slug":"keynote-speakers","status":"publish","type":"page","link":"https:\/\/protextos.web.ua.pt\/vi-eire2019\/?page_id=113","title":{"rendered":"Keynote Speakers"},"content":{"rendered":"\n<p><a href=\"http:\/\/protextos.web.ua.pt\/vi-eire2019\/?page_id=395\">Carlos Gouveia<\/a> &#8211; FLUL &#8211; Portugal<\/p>\n\n\n\n<p><a href=\"http:\/\/protextos.web.ua.pt\/vi-eire2019\/?page_id=356\" target=\"_blank\" rel=\"noreferrer noopener\" aria-label=\" (abre num novo separador)\">Joaquim Dolz<\/a> &#8211; UNIGE &#8211; Su\u00ed\u00e7a<\/p>\n\n\n\n<p><a href=\"http:\/\/protextos.web.ua.pt\/vi-eire2019\/?page_id=416\">Rui Alves<\/a> &#8211; FPCE_UP &#8211; Portugal<\/p>\n\n\n\n<p><a href=\"http:\/\/protextos.web.ua.pt\/vi-eire2019\/?page_id=619\" target=\"_blank\" rel=\"noreferrer noopener\" aria-label=\" (abre num novo separador)\">Eduardo Calil<\/a> &#8211; UFAL &#8211; Brasil<\/p>\n\n\n\n<p><a href=\"http:\/\/protextos.web.ua.pt\/vi-eire2019\/?page_id=661\">Rosalice Pinto<\/a> &#8211;   IFILNOVA\/CEDIS  &#8211; Portugal<\/p>\n\n\n\n<p><a href=\"http:\/\/protextos.web.ua.pt\/vi-eire2019\/?page_id=466\" target=\"_blank\" rel=\"noreferrer noopener\" aria-label=\" (abre num novo separador)\">Margarida Alves Martins<\/a> &#8211; ISPA &#8211; Portugal<\/p>\n\n\n\n<p><a href=\"http:\/\/protextos.web.ua.pt\/vi-eire2019\/?page_id=380\">Gla\u00eds Sales Cordeiro<\/a> &#8211; UNIGE &#8211; Su\u00ed\u00e7a<\/p>\n","protected":false},"excerpt":{"rendered":"<p>Carlos Gouveia &#8211; FLUL &#8211; Portugal Joaquim Dolz &#8211; UNIGE &#8211; Su\u00ed\u00e7a Rui Alves &#8211; FPCE_UP &#8211; Portugal Eduardo Calil &#8211; UFAL &#8211; Brasil Rosalice Pinto &#8211; IFILNOVA\/CEDIS &#8211; Portugal Margarida Alves Martins &#8211; ISPA &#8211; Portugal Gla\u00eds Sales Cordeiro &#8211; UNIGE &#8211; Su\u00ed\u00e7a<\/p>\n","protected":false},"author":2,"featured_media":0,"parent":0,"menu_order":0,"comment_status":"closed","ping_status":"closed","template":"","meta":{"footnotes":""},"class_list":["post-113","page","type-page","status-publish","hentry"],"_links":{"self":[{"href":"https:\/\/protextos.web.ua.pt\/vi-eire2019\/index.php?rest_route=\/wp\/v2\/pages\/113","targetHints":{"allow":["GET"]}}],"collection":[{"href":"https:\/\/protextos.web.ua.pt\/vi-eire2019\/index.php?rest_route=\/wp\/v2\/pages"}],"about":[{"href":"https:\/\/protextos.web.ua.pt\/vi-eire2019\/index.php?rest_route=\/wp\/v2\/types\/page"}],"author":[{"embeddable":true,"href":"https:\/\/protextos.web.ua.pt\/vi-eire2019\/index.php?rest_route=\/wp\/v2\/users\/2"}],"replies":[{"embeddable":true,"href":"https:\/\/protextos.web.ua.pt\/vi-eire2019\/index.php?rest_route=%2Fwp%2Fv2%2Fcomments&post=113"}],"version-history":[{"count":15,"href":"https:\/\/protextos.web.ua.pt\/vi-eire2019\/index.php?rest_route=\/wp\/v2\/pages\/113\/revisions"}],"predecessor-version":[{"id":1488,"href":"https:\/\/protextos.web.ua.pt\/vi-eire2019\/index.php?rest_route=\/wp\/v2\/pages\/113\/revisions\/1488"}],"wp:attachment":[{"href":"https:\/\/protextos.web.ua.pt\/vi-eire2019\/index.php?rest_route=%2Fwp%2Fv2%2Fmedia&parent=113"}],"curies":[{"name":"wp","href":"https:\/\/api.w.org\/{rel}","templated":true}]}}