{"id":125,"date":"2019-01-15T11:22:11","date_gmt":"2019-01-15T11:22:11","guid":{"rendered":"http:\/\/protextos.web.ua.pt\/vi-eire2019\/?page_id=125"},"modified":"2019-03-19T15:35:18","modified_gmt":"2019-03-19T15:35:18","slug":"comissoes","status":"publish","type":"page","link":"https:\/\/protextos.web.ua.pt\/vi-eire2019\/?page_id=125","title":{"rendered":"Comiss\u00f5es"},"content":{"rendered":"\n<h2 class=\"wp-block-heading\">Comiss\u00e3o Organizadora<\/h2>\n\n\n\n<p>Lu\u00edsa \u00c1lvares Pereira<br> Jos\u00e9 Ant\u00f3nio Brand\u00e3o Carvalho<br> Lu\u00eds Filipe Barbeiro<br> In\u00eas Cardoso<br> Rosa L\u00eddia Coimbra<br> Fausto Caels<br> Marta Alexandre<br> Maria Jos\u00e9 Gamboa<br> Luciana Gra\u00e7a <br> Mariana Oliveira Pinto<br> Filipa Fidalgo Reis<br><br><\/p>\n\n\n\n<p><br><\/p>\n\n\n\n<h2 class=\"wp-block-heading\">Comiss\u00e3o Cient\u00edfica<\/h2>\n\n\n\n<p>Adriana Cardoso<br>Ana Lu\u00edsa Costa<br>Ana Maria de Mattos Guimar\u00e3es <br>Carlos Gouveia<br>Concei\u00e7\u00e3o Siopa<br>Eduardo Calil<br>Fausto Caels<br>Gla\u00eds Sales Cordeiro<br>In\u00eas Cardoso<br>In\u00eas Sim-Sim<br>Joaquim Dolz<br>Jos\u00e9 Ant\u00f3nio Brand\u00e3o Carvalho<br>Luciana Gra\u00e7a <br>Lu\u00eds Filipe Barbeiro<br>Lu\u00edsa \u00c1lvares Pereira<br>Matilde Gon\u00e7alves <br>Margarida Alves Martins<br>Maria Ant\u00f3nia Coutinho<br>Maria Jos\u00e9 Loureiro<br> Mariana Oliveira Pinto<br>No\u00e9mia Jorge<br>Maria Jos\u00e9 Gamboa<br>Marta Alexandre<br>Rosa L\u00eddia Coimbra<br>Rosalice Pinto<br>Rui Alves<br>Vera L\u00facia Crist\u00f3v\u00e3o<br><\/p>\n","protected":false},"excerpt":{"rendered":"<p>Comiss\u00e3o Organizadora Lu\u00edsa \u00c1lvares Pereira Jos\u00e9 Ant\u00f3nio Brand\u00e3o Carvalho Lu\u00eds Filipe Barbeiro In\u00eas Cardoso Rosa L\u00eddia Coimbra Fausto Caels Marta Alexandre Maria Jos\u00e9 Gamboa Luciana Gra\u00e7a Mariana Oliveira Pinto Filipa Fidalgo Reis Comiss\u00e3o Cient\u00edfica Adriana CardosoAna Lu\u00edsa CostaAna Maria de Mattos Guimar\u00e3es Carlos GouveiaConcei\u00e7\u00e3o SiopaEduardo CalilFausto CaelsGla\u00eds Sales CordeiroIn\u00eas CardosoIn\u00eas Sim-SimJoaquim DolzJos\u00e9 Ant\u00f3nio Brand\u00e3o CarvalhoLuciana Gra\u00e7a Lu\u00eds Filipe BarbeiroLu\u00edsa \u00c1lvares<\/p>\n<p><a class=\"more-link\" href=\"https:\/\/protextos.web.ua.pt\/vi-eire2019\/?page_id=125\">Read More<\/a><\/p>\n","protected":false},"author":2,"featured_media":0,"parent":0,"menu_order":0,"comment_status":"closed","ping_status":"closed","template":"","meta":{"footnotes":""},"class_list":["post-125","page","type-page","status-publish","hentry"],"_links":{"self":[{"href":"https:\/\/protextos.web.ua.pt\/vi-eire2019\/index.php?rest_route=\/wp\/v2\/pages\/125","targetHints":{"allow":["GET"]}}],"collection":[{"href":"https:\/\/protextos.web.ua.pt\/vi-eire2019\/index.php?rest_route=\/wp\/v2\/pages"}],"about":[{"href":"https:\/\/protextos.web.ua.pt\/vi-eire2019\/index.php?rest_route=\/wp\/v2\/types\/page"}],"author":[{"embeddable":true,"href":"https:\/\/protextos.web.ua.pt\/vi-eire2019\/index.php?rest_route=\/wp\/v2\/users\/2"}],"replies":[{"embeddable":true,"href":"https:\/\/protextos.web.ua.pt\/vi-eire2019\/index.php?rest_route=%2Fwp%2Fv2%2Fcomments&post=125"}],"version-history":[{"count":15,"href":"https:\/\/protextos.web.ua.pt\/vi-eire2019\/index.php?rest_route=\/wp\/v2\/pages\/125\/revisions"}],"predecessor-version":[{"id":868,"href":"https:\/\/protextos.web.ua.pt\/vi-eire2019\/index.php?rest_route=\/wp\/v2\/pages\/125\/revisions\/868"}],"wp:attachment":[{"href":"https:\/\/protextos.web.ua.pt\/vi-eire2019\/index.php?rest_route=%2Fwp%2Fv2%2Fmedia&parent=125"}],"curies":[{"name":"wp","href":"https:\/\/api.w.org\/{rel}","templated":true}]}}