{"id":215,"date":"2019-01-21T12:14:48","date_gmt":"2019-01-21T12:14:48","guid":{"rendered":"http:\/\/protextos.web.ua.pt\/vi-eire2019\/?page_id=215"},"modified":"2019-06-08T09:11:32","modified_gmt":"2019-06-08T09:11:32","slug":"incricoes","status":"publish","type":"page","link":"https:\/\/protextos.web.ua.pt\/vi-eire2019\/?page_id=215","title":{"rendered":"Inscri\u00e7\u00f5es"},"content":{"rendered":"\n<h2 class=\"wp-block-heading\"><strong>Datas relativas \u00e0 submiss\u00e3o de\npropostas e inscri\u00e7\u00e3o<\/strong>:<\/h2>\n\n\n\n<p> Prazo para submiss\u00e3o das propostas de comunica\u00e7\u00e3o: <strike>31 de mar\u00e7o de 2019<\/strike><br><strong>2\u00aa chamada: 15&nbsp;de&nbsp;abril&nbsp;de&nbsp;2019<\/strong><br>Comunica\u00e7\u00e3o aos proponentes do resultado da avalia\u00e7\u00e3o: <strike>30 de abril de 2019<\/strike> <br><strong>2\u00aa chamada: 15 de maio de 2019<\/strong><br> <br>As submiss\u00f5es dever\u00e3o ser realizadas atrav\u00e9s da plataforma EasyChair, atrav\u00e9s do link <a rel=\"noreferrer noopener\" target=\"_blank\" href=\"https:\/\/easychair.org\/conferences\/?conf=vieire2019\">https:\/\/easychair.org\/conferences\/?conf=vieire2019<\/a>  <br><a href=\"http:\/\/protextos.web.ua.pt\/vi-eire2019\/?page_id=272\" target=\"_blank\" rel=\"noreferrer noopener\" aria-label=\" (abre num novo separador)\">ver mais<\/a> <\/p>\n\n\n\n<table class=\"wp-block-table\"><tbody style=\"color:#FFFFFF; font-size:12pt\"><tr><td><\/td><td><strong>at\u00e9 25 de maio<\/strong><\/td><td><strong>at\u00e9 7 de junho<\/strong><\/td><\/tr><tr><td><strong>professores<\/strong><\/td><td>25\u20ac<\/td><td>35\u20ac<\/td><\/tr><tr><td><strong>estudantes*<\/strong><br>(licenciatura, mestrado, doutoramento)<\/td><td>15\u20ac<\/td><td>20\u20ac<\/td><\/tr><\/tbody><\/table>\n\n\n\n<p><\/p>\n\n\n\n<p><strong>As inscri\u00e7\u00f5es para o VI EIRE encontram-se encerradas.<\/strong><\/p>\n\n\n\n<p>Aos inscritos que j\u00e1 possam ter pagos e ainda n\u00e3o enviaram o comprovativo de pagamento, relembramos que o seu envio \u00e9 imprescind\u00edvel  para validar a inscri\u00e7\u00e3o.<strong> Sem a rece\u00e7\u00e3o do comprovativo a inscri\u00e7\u00e3o e o pagamento ficam sem efeito. <\/strong><br>O envio do comprovativo deve ser feito at\u00e9 ao dia 10 de junho \u00e0s 24h, para o e-mail do secretariado (<a rel=\"noreferrer noopener\" href=\"mailto:vi.eire2019@gmail.com\" target=\"_blank\">vi.eire2019@gmail.com<\/a>) .<\/p>\n\n\n\n<p><\/p>\n\n\n\n<p>As inscri\u00e7\u00f5es para o VI EIRE encontram-se encerradas. \u00c0s pessoas que tenham realizado a inscri\u00e7\u00e3o e n\u00e3o tenham efetuado o pagamento dentro do prazo estipulado, poder\u00e3o enviar e-mail ao secretariado do Encontro (<a rel=\"noreferrer noopener\" href=\"mailto:vi.eire2019@gmail.com\" target=\"_blank\">vi.eire2019@gmail.com<\/a>) a pedir os dados de pagamento &#8211; sujeito ao limite de vagas. <\/p>\n\n\n\n<p>Os estudantes ter\u00e3o tamb\u00e9m de enviar, junto do comprovativo de pagamento, o comprovativo desse seu estatuto para o email.<\/p>\n\n\n\n<p>Os participantes&nbsp;que desejarem certificado da acredita\u00e7\u00e3o da&nbsp;a\u00e7\u00e3o, devem&nbsp;informar o secretariado&nbsp;do congresso via email.<br><br><strong>O certificado de aproveitamento, a ser emitido pela UINFOC, tem um custo adicional de 10\u20ac que dever\u00e1 ser pago no ato de levantamento do mesmo nas instala\u00e7\u00f5es da UINFOC (ap\u00f3s o processo de avalia\u00e7\u00e3o).<\/strong> <\/p>\n","protected":false},"excerpt":{"rendered":"<p>Datas relativas \u00e0 submiss\u00e3o de propostas e inscri\u00e7\u00e3o: Prazo para submiss\u00e3o das propostas de comunica\u00e7\u00e3o: 31 de mar\u00e7o de 20192\u00aa chamada: 15&nbsp;de&nbsp;abril&nbsp;de&nbsp;2019Comunica\u00e7\u00e3o aos proponentes do resultado da avalia\u00e7\u00e3o: 30 de abril de 2019 2\u00aa chamada: 15 de maio de 2019 As submiss\u00f5es dever\u00e3o ser realizadas atrav\u00e9s da plataforma EasyChair, atrav\u00e9s do link https:\/\/easychair.org\/conferences\/?conf=vieire2019 ver mais at\u00e9 25 de maio at\u00e9<\/p>\n<p><a class=\"more-link\" href=\"https:\/\/protextos.web.ua.pt\/vi-eire2019\/?page_id=215\">Read More<\/a><\/p>\n","protected":false},"author":2,"featured_media":0,"parent":0,"menu_order":0,"comment_status":"closed","ping_status":"closed","template":"","meta":{"footnotes":""},"class_list":["post-215","page","type-page","status-publish","hentry"],"_links":{"self":[{"href":"https:\/\/protextos.web.ua.pt\/vi-eire2019\/index.php?rest_route=\/wp\/v2\/pages\/215","targetHints":{"allow":["GET"]}}],"collection":[{"href":"https:\/\/protextos.web.ua.pt\/vi-eire2019\/index.php?rest_route=\/wp\/v2\/pages"}],"about":[{"href":"https:\/\/protextos.web.ua.pt\/vi-eire2019\/index.php?rest_route=\/wp\/v2\/types\/page"}],"author":[{"embeddable":true,"href":"https:\/\/protextos.web.ua.pt\/vi-eire2019\/index.php?rest_route=\/wp\/v2\/users\/2"}],"replies":[{"embeddable":true,"href":"https:\/\/protextos.web.ua.pt\/vi-eire2019\/index.php?rest_route=%2Fwp%2Fv2%2Fcomments&post=215"}],"version-history":[{"count":34,"href":"https:\/\/protextos.web.ua.pt\/vi-eire2019\/index.php?rest_route=\/wp\/v2\/pages\/215\/revisions"}],"predecessor-version":[{"id":1479,"href":"https:\/\/protextos.web.ua.pt\/vi-eire2019\/index.php?rest_route=\/wp\/v2\/pages\/215\/revisions\/1479"}],"wp:attachment":[{"href":"https:\/\/protextos.web.ua.pt\/vi-eire2019\/index.php?rest_route=%2Fwp%2Fv2%2Fmedia&parent=215"}],"curies":[{"name":"wp","href":"https:\/\/api.w.org\/{rel}","templated":true}]}}