{"id":272,"date":"2019-01-21T12:31:35","date_gmt":"2019-01-21T12:31:35","guid":{"rendered":"http:\/\/protextos.web.ua.pt\/vi-eire2019\/?page_id=272"},"modified":"2019-06-19T11:41:19","modified_gmt":"2019-06-19T11:41:19","slug":"submissoes","status":"publish","type":"page","link":"https:\/\/protextos.web.ua.pt\/vi-eire2019\/?page_id=272","title":{"rendered":"Submiss\u00f5es"},"content":{"rendered":"\n<p><strong><a href=\"http:\/\/protextos.web.ua.pt\/vi-eire2019\/wp-content\/uploads\/2019\/06\/VI-EIRE_LIVRO_RESUMOS_19_junho-2019.pdf\" target=\"_blank\" rel=\"noreferrer noopener\" aria-label=\"DESTAQUE: Livro de Resumos (abre num novo separador)\">DESTAQUE: Livro de Resumos<\/a><\/strong><\/p>\n\n\n\n<p>Neste VI Encontro haver\u00e1 lugar \u00e0 apresenta\u00e7\u00e3o de comunica\u00e7\u00f5es, que deem conta de investiga\u00e7\u00e3o realizada, de estrat\u00e9gias levadas \u00e0 pr\u00e1tica e de projetos desenvolvidos. Convidam-se professores, investigadores, formadores e dinamizadores a apresentarem propostas de comunica\u00e7\u00e3o. <\/p>\n\n\n\n<p>O tema geral \u00e9 constitu\u00eddo pelo\ndesenvolvimento das compet\u00eancias de escrita na escola e na sociedade. Entre os aspetos\nespec\u00edficos em foco, poder\u00e3o encontrar-se:<\/p>\n\n\n\n<ul class=\"wp-block-list\"><li>Estrat\u00e9gias e dispositivos para o ensino-aprendizagem da escrita<\/li><li>Percursos de desenvolvimento na escrita<\/li><li>Escrita e Tecnologias da Informa\u00e7\u00e3o e Comunica\u00e7\u00e3o<\/li><li>A escrita para al\u00e9m da escola: as esferas pessoal e social<\/li><li>G\u00e9neros textuais: descri\u00e7\u00e3o, aprendizagem e uso<\/li><li>Dificuldades e desafios na aprendizagem da escrita<\/li><li>Aprendizagem da escrita em PLNM<\/li><li>Rela\u00e7\u00e3o entre leitura e escrita<\/li><li>Rela\u00e7\u00e3o entre oralidade e escrita<\/li><li>Escrita como ferramenta de desenvolvimento pessoal, social, c\u00edvico<\/li><li>Escrita e literatura<\/li><li> Documentos program\u00e1ticos e escrita<\/li><li> Manuais e ensino-aprendizagem da escrita <\/li><\/ul>\n\n\n\n<p>Para a apresenta\u00e7\u00e3o de uma proposta de comunica\u00e7\u00e3o, dever\u00e1 ser submetido um resumo, dando conta de objetivos, quadro te\u00f3rico, metodologia e resultados alcan\u00e7ados ou esperados. Os resumos dever\u00e3o ter entre 300 e 400 palavras (incluindo as refer\u00eancias bibliogr\u00e1ficas). Dever\u00e3o ainda ser indicadas cinco palavras-chave.<\/p>\n\n\n\n<p>A submiss\u00e3o dever\u00e1 ser realizada atrav\u00e9s da plataforma EasyChair, atrav\u00e9s do link <a rel=\"noreferrer noopener\" target=\"_blank\" href=\"https:\/\/easychair.org\/conferences\/?conf=vieire2019\">https:\/\/easychair.org\/conferences\/?conf=vieire2019<\/a> <br><br><\/p>\n\n\n\n<h2 class=\"wp-block-heading\"><strong>Datas relativas \u00e0 submiss\u00e3o de\npropostas e inscri\u00e7\u00e3o<\/strong>:<\/h2>\n\n\n\n<p>Prazo para submiss\u00e3o das propostas de comunica\u00e7\u00e3o: <strike>31 de mar\u00e7o de 2019<br><\/strike><strong>2\u00aa chamada: 15&nbsp;de&nbsp;abril&nbsp;de&nbsp;2019<\/strong><br>Comunica\u00e7\u00e3o aos proponentes do resultado da avalia\u00e7\u00e3o:<strike> 30 de abril de 2019 <\/strike><br><strong>2\u00aa chamada: 15 de maio de 2019<\/strong><br><br><\/p>\n\n\n\n<p>Ap\u00f3s o\nEncontro, est\u00e1 prevista a submiss\u00e3o do texto correspondente \u00e0 comunica\u00e7\u00e3o, at\u00e9\n30 de setembro de 2019, para efeitos de avalia\u00e7\u00e3o-revis\u00e3o e publica\u00e7\u00e3o.<\/p>\n\n\n\n<p>Informa\u00e7\u00f5es\ncomplementares poder\u00e3o ser encontradas no s\u00edtio eletr\u00f3nico do Encontro: &nbsp;<a href=\"http:\/\/protextos.web.ua.pt\/vi-eire2019\/\">http:\/\/protextos.web.ua.pt\/vi-eire2019\/<\/a>\n<\/p>\n\n\n\n<p>Quaisquer quest\u00f5es relativas \u00e0 submiss\u00e3o de propostas ou pedidos de informa\u00e7\u00e3o sobre o Encontro dever\u00e3o ser remetidos para o endere\u00e7o: <a href=\"mailto:vi-eire2019@gmail.com\">vi.eire2019@gmail.com<\/a>. <\/p>\n\n\n\n<p><br><\/p>\n","protected":false},"excerpt":{"rendered":"<p>DESTAQUE: Livro de Resumos Neste VI Encontro haver\u00e1 lugar \u00e0 apresenta\u00e7\u00e3o de comunica\u00e7\u00f5es, que deem conta de investiga\u00e7\u00e3o realizada, de estrat\u00e9gias levadas \u00e0 pr\u00e1tica e de projetos desenvolvidos. Convidam-se professores, investigadores, formadores e dinamizadores a apresentarem propostas de comunica\u00e7\u00e3o. O tema geral \u00e9 constitu\u00eddo pelo desenvolvimento das compet\u00eancias de escrita na escola e na sociedade. Entre os aspetos espec\u00edficos em<\/p>\n<p><a class=\"more-link\" href=\"https:\/\/protextos.web.ua.pt\/vi-eire2019\/?page_id=272\">Read More<\/a><\/p>\n","protected":false},"author":2,"featured_media":0,"parent":0,"menu_order":0,"comment_status":"closed","ping_status":"closed","template":"","meta":{"footnotes":""},"class_list":["post-272","page","type-page","status-publish","hentry"],"_links":{"self":[{"href":"https:\/\/protextos.web.ua.pt\/vi-eire2019\/index.php?rest_route=\/wp\/v2\/pages\/272","targetHints":{"allow":["GET"]}}],"collection":[{"href":"https:\/\/protextos.web.ua.pt\/vi-eire2019\/index.php?rest_route=\/wp\/v2\/pages"}],"about":[{"href":"https:\/\/protextos.web.ua.pt\/vi-eire2019\/index.php?rest_route=\/wp\/v2\/types\/page"}],"author":[{"embeddable":true,"href":"https:\/\/protextos.web.ua.pt\/vi-eire2019\/index.php?rest_route=\/wp\/v2\/users\/2"}],"replies":[{"embeddable":true,"href":"https:\/\/protextos.web.ua.pt\/vi-eire2019\/index.php?rest_route=%2Fwp%2Fv2%2Fcomments&post=272"}],"version-history":[{"count":11,"href":"https:\/\/protextos.web.ua.pt\/vi-eire2019\/index.php?rest_route=\/wp\/v2\/pages\/272\/revisions"}],"predecessor-version":[{"id":1884,"href":"https:\/\/protextos.web.ua.pt\/vi-eire2019\/index.php?rest_route=\/wp\/v2\/pages\/272\/revisions\/1884"}],"wp:attachment":[{"href":"https:\/\/protextos.web.ua.pt\/vi-eire2019\/index.php?rest_route=%2Fwp%2Fv2%2Fmedia&parent=272"}],"curies":[{"name":"wp","href":"https:\/\/api.w.org\/{rel}","templated":true}]}}