{"id":338,"date":"2019-01-21T12:53:13","date_gmt":"2019-01-21T12:53:13","guid":{"rendered":"http:\/\/protextos.web.ua.pt\/vi-eire2019\/?page_id=338"},"modified":"2019-06-20T09:48:28","modified_gmt":"2019-06-20T09:48:28","slug":"programa","status":"publish","type":"page","link":"https:\/\/protextos.web.ua.pt\/vi-eire2019\/?page_id=338","title":{"rendered":"Programa"},"content":{"rendered":"\n<p><strong><a rel=\"noreferrer noopener\" aria-label=\"DESTAQUE: Livro de Resumos (abre num novo separador)\" href=\"http:\/\/protextos.web.ua.pt\/vi-eire2019\/wp-content\/uploads\/2019\/06\/VI-EIRE_LIVRO_RESUMOS_19_junho-2019.pdf\" target=\"_blank\">DESTAQUE: Livro de Resumos<\/a><\/strong><br><br><\/p>\n\n\n\n<p><strong>21 de junho de 2019<\/strong><\/p>\n\n\n\n<table class=\"wp-block-table is-style-regular\"><tbody style=\"color:#FFFFFF; font-size:11pt\"><tr><td width=\"20%\">   <strong>13h30\u201314h30<\/strong><\/td><td width=\"80%\">\n  <strong>Rece\u00e7\u00e3o dos\n  participantes e entrega de documenta\u00e7\u00e3o<\/strong><br>\nHall do Departamento de Educa\u00e7\u00e3o e Psicologia \u2013 DEP (edif\u00edcio 5 da UA)\n  <\/td><\/tr><tr><td>\n  <strong>14h30 \u2013 15h00<\/strong><br> sala 5.2.22\n  <\/td><td>\n  <strong>Sess\u00e3o de\n  abertura<\/strong><br>\nJorge Adelino Costa (Vice Reitor, em representa\u00e7\u00e3o do Reitor da Universidade de Aveiro &#8211; UA)<br>\nDora Fonseca (em representa\u00e7\u00e3o do Diretor do Departamento de Educa\u00e7\u00e3o e Psicologia DEP-UA)<br>\nMaria Helena Ara\u00fajo e S\u00e1 (Coordenadora do CIDTFF, Centro de Investiga\u00e7\u00e3o \u201cDid\u00e1tica e Tecnologia na Forma\u00e7\u00e3o de Formadores\u201d)<br>\nJos\u00e9 Curto (Presidente da \u201cAssocia\u00e7\u00e3o de Estudos Lus\u00f3fonos\/Lusophone Studies Association \u2013 York University, Canad\u00e1)<br>\nLu\u00edsa \u00c1lvares Pereira (Coordenadora do Grupo ProTextos e Representante do grupo Reflex\u00e3o sobre a Escrita)DEP-UA\n  <\/td><\/tr><tr><td>\n  <strong>15h \u2013 16h45<\/strong><br> sala 5.2.22\n  <\/td><td>\n  <strong>Confer\u00eancias em\n  Debate<\/strong><br>\n  <strong>Fundamentos para a Pr\u00e1tica \n&#8211; Diferentes perspetivas te\u00f3ricas: que rela\u00e7\u00e3o com as pr\u00e1ticas?<\/strong><br>\n  Carlos Gouveia (FLUL &#8211; Portugal) | Estrat\u00e9gias de desenvolvimento da escrita na escola de Sydney<br>\n  Joaquim Dolz (UNIGE \u2013 Su\u00ed\u00e7a) | Uma segunda gera\u00e7\u00e3o de sequ\u00eancias did\u00e1ticas para o ensino de produ\u00e7\u00e3o escrita<br>\n  Rui Alves (FPCE_UP &#8211; Portugal) | Como pode a Psicologia Cognitiva informar o Ensino da Escrita<br>\n  Moderador \u2013 Lu\u00eds Barbeiro \n  <\/td><\/tr><tr><td>\n  <strong>16h45-17h15<\/strong>\n  <\/td><td>\n  <strong>INTERVALO<\/strong><br>\u00c1trio do DEP\n  <\/td><\/tr><tr><td>\n  <strong>17h15 \u2013 19h15<\/strong>\n  <\/td><td>\n  <strong>OFICINAS\n  <\/strong><br>\n  <strong>Oficina 1 (sala 5.3.3):<\/strong> Aprecia\u00e7\u00e3o Cr\u00edtica no Ensino Secund\u00e1rio \u2013 Aurora Cerqueira, Betina Martins e Jos\u00e9 Ferreira<br>\n  <strong>Oficina 2 (sala 5.3.4):<\/strong> Como motivar os alunos do ensino b\u00e1sico para a escrita \u2013 Ana Camacho, Mariana Silva, Susana Santos, Teresa Jacques e Rui Alves <br>\n  <strong>Oficina 3 (sala 5.3.5):<\/strong>  Ler para Aprender \u2013 Carlos Gouveia, Fausto Caels e Lu\u00eds Barbeiro<br>\n  <strong>Oficina 4 (sala 5.3.7):<\/strong> Escrita autobiogr\u00e1fica e de fic\u00e7\u00e3o: definindo-nos e conectando-nos \u2013 Rosa Maria Oliveira e In\u00eas Cardoso<br>\n  <strong>Oficina 5 (sala 5.3.10):<\/strong> A escrita no contexto do excerto liter\u00e1rio \u2013 Ana Soares e Marie Manuelle Silva<br>\n  <strong>Oficina 6 (sala 5.3.13):<\/strong> Escrita colaborativa online: ferramentas de partilha e colabora\u00e7\u00e3o \u2013 Maria Jos\u00e9 Loureiro, Filipe Moreira e Susana Senos \n  <\/td><\/tr><\/tbody><\/table>\n\n\n\n<p><strong>22 de junho de 2019<\/strong><\/p>\n\n\n\n<table class=\"wp-block-table\"><tbody style=\"color:#FFFFFF; font-size:11pt\"><tr><td width=\"20%\"><strong>9h00 &#8211; 10h30<\/strong><br><strong>Pain\u00e9is simult\u00e2neos<\/strong>   <\/td><td width=\"80%\"><strong>Painel 1 \u2013 sala 5.3.27<\/strong><br><strong>Balan\u00e7o da Investiga\u00e7\u00e3o sobre a Escrita: ponto de vista dos alunos e dos professores <\/strong><br\/>Coordenador: Lu\u00eds Barbeiro<br\/>Intervenientes:<br\/>Jos\u00e9 Ant\u00f3nio Brand\u00e3o Carvalho (UM \u2013 Portugal) (confer\u00eancia enquadradora) &#8211; Investiga\u00e7\u00e3o em Did\u00e1tica da Escrita \u2013 da constru\u00e7\u00e3o de conhecimento te\u00f3rico \u00e0s pr\u00e1ticas dos professores<br> <br\/>Jos\u00e9 Ant\u00f3nio Brand\u00e3o Carvalho e Lu\u00eds Barbeiro<br>In\u00eas Cardoso e C\u00e9lia Gra\u00e7a Lopes<br\/><br> <br><strong>Painel 2 \u2013 sala 5.3.3<\/strong><br><strong>Escrita e Consci\u00eancia Metalingu\u00edstica \u2013 O que nos dizem os textos das crian\u00e7as (1.\u00ba Ciclo)? O desenvolvimento na produ\u00e7\u00e3o escrita e a reflex\u00e3o sobre a l\u00edngua<\/strong><br>Coordenadora: Rosa L\u00eddia Coimbra <br>Intervenientes:<br>Eduardo Calil (UFA \u2013 Brasil) (confer\u00eancia enquadradora) \u2013 Projeto Interwriting\/DIADE e o Sistema Ramos \u2013 alguns estudos sobre rasuras comentadas por alunos (brasileiros, franceses e portugueses) rec\u00e9m-alfabetizados<br> <br\/>Ana Catarina Costa e Rosa L\u00eddia Coimbra<br>\nFilipa Fidalgo Reis e Lu\u00edsa \u00c1lvares Pereira<br>\nFilomena Rocha<br\/>\nAdriana Cardoso e Mariana Oliveira Pinto<br>\n<br>  <br><strong>Painel 3 \u2013 sala 5.3.4<\/strong><br><strong>A escrita de g\u00e9neros expositivos e argumentativos em diferentes disciplinas ao longo da escolaridade obrigat\u00f3ria<\/strong><br>Coordenadora:Carmen Rodriguez Gonzalo <br>Intervenientes:<br>Rosalice Pinto (IFLNOVA\/CEDIS\u2013 Portugal) (confer\u00eancia enquadradora) \u2013 Argumenta\u00e7\u00e3o em textos escritos: o papel do \u2018savoir-faire\u2019 docente<br>Concei\u00e7\u00e3o Siopa<br>Marta Sitoe<br>No\u00e9mia Jorge e Matilde Gon\u00e7alves<\/td><\/tr><tr><td><strong>10h30 &#8211; 11h00 <\/strong>   <\/td><td>\n  <strong>INTERVALO<\/strong><br\/> \u00c1trio do DEP\n  <\/td><\/tr><tr><td><strong>11h00 &#8211; 13h00 <\/strong><\/td><td><strong>OFICINAS<\/strong><br><strong>Oficina 1 (sala 5.3.3):<\/strong> Sequ\u00eancia de trabalho did\u00e1tico de diferentes g\u00e9neros de texto \u2013 C\u00e9lia Gra\u00e7a Lopes e Jos\u00e9 Ferreira<br><strong>Oficina 2 (sala 5.3.4):<\/strong> Inicia\u00e7\u00e3o \u00e0 Escrita de Textos: Ditado ao Adulto \u2013 Maria Manuel Santos<br><strong>Oficina 3 (sala 5.4.5):<\/strong> (Des)Envolver a escrita na ludicidade \u2013 Ana Almeida da Silva<br><strong>Oficina 4 (sala 5.3.7):<\/strong> Leitura e escrita na escola b\u00e1sica \u2013 Gla\u00eds Sales Cordeiro<br><strong>Oficina 5 (sala 5.3.10):<\/strong> Gen\u00e9tica textual e processo de produ\u00e7\u00e3o de texto na sala de aula do 1\u00ba Ciclo \u2013 Eduardo Calil<br><strong>Oficina 6 (sala 5.3.13):<\/strong> Ensino da escrita em PLNM: abordagens complementares para p\u00fablicos heterog\u00e9neos \u2013 In\u00eas Cardoso e Luciana Gra\u00e7a<\/td><\/tr><tr><td> <strong>13h00 &#8211; 14h30<\/strong>   <strong>&nbsp;<\/strong>   <\/td><td>\n  <strong>INTERVALO PARA O ALMO\u00c7O<\/strong>\n  <strong>&nbsp;<\/strong>\n  <\/td><\/tr><tr><td><strong>14h30 &#8211; 15h45<\/strong><br>[sess\u00f5es de 3 comunica\u00e7\u00f5es: 20\u2019 cada + debate]   <\/td><td><strong>COMUNICA\u00c7\u00d5ES ORAIS I<\/strong><br\/>\n<strong>Sess\u00e3o 1 &#8211; SALA 5.3.3<\/strong><br\/><br\/>\n<strong>Do prescrito ao materializado nos textos dos alunos, o que se diz sobre o ensino da escrita<\/strong> \u2013 Maria Izabel de Bortoli Hentz<br\/>\n<strong>A rece\u00e7\u00e3o do texto escrito e seu impacto no ensino e aprendizagem escrita no 1.\u00ba ciclo do ensino secund\u00e1rio num contexto de cultura ac\u00fastica<\/strong> \u2013 Em\u00edlia Marrengula<br\/>\n<strong>O contributo do kamishibai plurilingue na promo\u00e7\u00e3o da escrita colaborativa de textos narrativos<\/strong> \u2013 Rosa Maria Faneca<br\/>\n<strong>MODERADORA:<\/strong> Ana Almeida Silva<br\/><br\/>\n<br\/>\n<strong>Sess\u00e3o 2 \u2013 SALA 5.3.4<\/strong><br\/><br\/>\n<strong>Inspira\u00e7\u00f5es para a escrita de hist\u00f3rias interativas em contexto de ensino\/aprendizagem de uma l\u00edngua estrangeira<\/strong> \u2013 Jos\u00e9 Carlos Dias<br\/>\n<strong>ESCRIVARTE &#8211; Da pintura \u00e0 escrita: caminhos cruzados entre artes. Uma experi\u00eancia de escrita criativa em Portugu\u00eas L\u00edngua N\u00e3o Materna<\/strong> \u2013 Paula Cristina Pessanha Isidoro, Ana Catarina Coimbra de Matos &#038; \u00c2ngela Carvalho<br\/>\n<strong>Os mecanismos de coes\u00e3o interfr\u00e1sica em produ\u00e7\u00f5es escritas de alunos de PLE<\/strong> &#8211; In\u00eas da Concei\u00e7\u00e3o Oliveira<br\/>\n<strong>MODERADORA:<\/strong> In\u00eas Cardoso<br\/><br\/>\n<br\/>\n\n<strong>Sess\u00e3o 3 \u2013 SALA 5.3.5<\/strong><br\/><br\/>\n<strong>Gram\u00e1tica y uso en la apropiaci\u00f3n de g\u00e9neros discursivos en primer curso de grado<\/strong> \u2013 Jordina Coromina-Subirats<br\/>\n<strong>Producci\u00f3n escrita y ense\u00f1anza de la gram\u00e1tica en los primeros cursos escolares: el adjetivo como modelo<\/strong> \u2013 Al\u00edcia Santol\u00e0ria<br\/>\n<strong>O poder da escrita: entre o substantivo e o verbo<\/strong> \u2013 Debora Lomba<br\/>\n<strong>MODERADORA:<\/strong> C\u00e9lia Gra\u00e7a Lopes  <br\/><br\/>\n<br\/>\n<strong>Sess\u00e3o 4 \u2013 SALA 5.3.7<\/strong><br\/><br\/>\n<strong>Estrat\u00e9gias para o Ensino e a Avalia\u00e7\u00e3o da Escrita \u2013 O caso de uma Oficina de Forma\u00e7\u00e3o para Professores de L\u00edngua Portuguesa do 2.\u00ba ciclo do Ensino B\u00e1sico, em S\u00e3o Tom\u00e9<\/strong> \u2013 Ana Gorgulho, Nilza Costa &#038; Leonor Santos<br\/>\n<strong>RE-WORD-IT, estrat\u00e9gias de aten\u00e7\u00e3o, leitura e escrita<\/strong> \u2013 Margarida Fonseca Santos<br\/>\n<strong>Avalia\u00e7\u00e3o, ensino e aprendizagem: uma abordagem integrada no desenvolvimento de compet\u00eancias de escrita.<\/strong> \u2013 Elisabete Tavares<br\/>\n<strong>MODERADOR:<\/strong> Betina Martins<br\/><br\/>\n<br\/>\n<strong>Sess\u00e3o 5 \u2013 SALA \u2013 5.3.10<\/strong><br\/>\n<br\/>\n<strong>O ensino da escrita para contextos profissionais: a produ\u00e7\u00e3o de carta de apresenta\u00e7\u00e3o de resposta a an\u00fancio de emprego<\/strong> \u2013 Carla Teixeira<br\/>\n<strong>O desenho do texto. Escrita e oralidade no ensino-aprendizagem em Arquitectura<\/strong> \u2013 M\u00e1rio Mesquita<br\/>\n<strong>Creencias y pr\u00e1cticas sobre la escritura acad\u00e9mica en el \u00e1mbito universit\u00e1rio<\/strong> \u2013 Andrea Rivera \u00c1valos &#038; Carmen Rodr\u00edguez Gonzalo<br\/>\n<strong>MODERADOR:<\/strong> Fausto Caels \n\n<\/td><\/tr><tr><td><strong>15h45 &#8211; 17h00<\/strong><br>[sess\u00f5es de 3 comunica\u00e7\u00f5es: 20\u2019 cada + debate]   <\/td><td><strong>COMUNICA\u00c7\u00d5ES ORAIS II<\/strong><br\/>\n\n<strong>Sess\u00e3o 6 \u2013 SALA 5.3.13<\/strong><br> <br>\n<strong>El proceso de revisi\u00f3n textual: los ejemplos protot\u00edpicos de g\u00e9nero como elementos reguladores de la escritura<\/strong> \u2013 Victoria Abad Beltr\u00e1n &#038; Carmen Rodr\u00edguez Gonzalo<br\/>\n<strong>Estrat\u00e9gias de intera\u00e7\u00e3o na reescrita conjunta para o ensino-aprendizagem da escrita<\/strong> \u2013 C\u00e9lia Barbeiro &#038; Lu\u00eds Barbeiro<br\/>\n<strong>Corre\u00e7\u00e3o e revis\u00e3o da produ\u00e7\u00e3o escrita em PLNM \u2013 algumas propostas<\/strong> \u2013 Judite Carecho, Anabela Fernandes &#038; Rute Soares<br\/>\n<strong>MODERADORA:<\/strong> Rosa L\u00eddia Coimbra<br\/><br\/>\n<br\/>\n\n<strong>Sess\u00e3o 7 \u2013 SALA SALA 5.3.3<\/strong><br\/><br\/>\n<strong>O g\u00eanero biodata no processo de ensino e aprendizagem de Portugu\u00eas L\u00edngua Adicional<\/strong> \u2013 Meire Celed\u00f4nio<br\/>\n<strong>Escritas de vida: Uma experi\u00eancia de cria\u00e7\u00e3o autobiogr\u00e1fica na inf\u00e2ncia<\/strong> \u2013 Carolina M. C. Pezzoni, Ana Paula F. de Oliveira &#038; Margarida R. Henriques<br\/>\n<strong>Escrever-sobre-viver<\/strong> \u2013 Hugo Amaral<br\/>\n<strong>MODERADORA:<\/strong> Maria Jos\u00e9 Gamboa<br\/><br\/>\n<br\/>\n\n<strong>Sess\u00e3o 8 \u2013 SALA 5.3.4<\/strong><br\/><br\/>\n<strong>Escriure amb sentit posant el focus en l\u2019objectiu i la funci\u00f3 social de l\u2019escriptura<\/strong> \u2013 Jordina Coromina-Subirats<br\/>\n<strong>Exemplificando estrat\u00e9gias de leitura e escrita de base genol\u00f3gica<\/strong> \u2013 \u00c2ngela Quaresma &#038; Fausto Caels<br\/>\n<strong>Narrativas sobre africanas da pesquisa para educa\u00e7\u00e3o b\u00e1sica: g\u00eaneros textuais para um ensino interdisciplinar<\/strong> \u2013 Cristiane Santos <br\/>\n<strong>MODERADORA:<\/strong> Aurora Cerqueira<br\/><br\/>\n<br\/>\n\n<strong>Sess\u00e3o 9 \u2013 SALA 5.3.5<\/strong><br\/><br\/>\n<strong>Aprender a escribir una autobiograf\u00eda ling\u00fc\u00edstica. Un ejemplo de escritura reflexiva y metacognitiva en la formaci\u00f3n inicial de maestros<\/strong> \u2013 Mariona Casas-Deseures <br\/>\n<strong>La alfabetizaci\u00f3n temprana en Espa\u00f1a: fortalezas y resist\u00eancias<\/strong> \u2013 Al\u00edcia Santol\u00e0ria and Susana S\u00e1nchez<br\/>\n<strong>Ensinar a escrita na educa\u00e7\u00e3o b\u00e1sica e os desafios de uma forma\u00e7\u00e3o na perspectiva de comunidades de desenvolvimento profissional<\/strong> \u2013 Ana Maria de Mattos Guimar\u00e3es, Anderson Carnin &#038; Maria Izabel De Bortoli Hentz<br\/>\n<strong>MODERADORA:<\/strong> Maria Izabel De Bortoli Hentz<br\/><br\/>\n<br\/>\n\n<strong>Sess\u00e3o 10 \u2013 SALA 5.3.7<\/strong><br\/><br\/>\n<strong>El aprendizaje de la escritura de textos de opini\u00f3n en alumnos de primaria: an\u00e1lisis de la actividad metaling\u00fc\u00edstica, de los conceptos sobre la escritura y de los productos finales<\/strong> \u2013 Teresa Ribas Seix, Carmen Rodr\u00edguez Gonzalo &#038; Carme Dur\u00e1n<br\/>\n<strong>Escrever para saber: a relev\u00e2ncia do conhecimento pr\u00e9vio <\/strong> \u2013 Paula Cristina Ferreira<br\/>\n<strong>MODERADORA:<\/strong> Mariana Oliveira Pinto<br\/><br\/>\n<br\/>\n\n<\/td><\/tr><tr><td><strong>17h00 &#8211; 17h30<\/strong>  <\/td><td><strong>INTERVALO<\/strong><br\/> \u00c1trio do DEP   <\/td><\/tr><tr><td><strong>17h30 &#8211; 18h30<\/strong> <br> sala 5.2.22  <strong>&nbsp;<\/strong>   <\/td><td><strong>Que Perspetivas para a Investiga\u00e7\u00e3o e o Ensino da Escrita?<\/strong><br>\nCoordenadora: Teresa Ribas Seix (UAB \u2013 Espanha)<br><br>\nGla\u00eds Sales Cordeiro(UNIGE \u2013 Sui\u00e7a)<br>\n<strong>Debate<\/strong><br>\n<\/td><\/tr><tr><td><strong>18h30<\/strong>  <br> sala 5.2.22 <strong>&nbsp;<\/strong>   <\/td><td>\n  <strong>Sess\u00e3o\n  de encerramento<\/strong>\n  <\/td><\/tr><\/tbody><\/table>\n\n\n\n<p><\/p>\n","protected":false},"excerpt":{"rendered":"<p>DESTAQUE: Livro de Resumos 21 de junho de 2019 13h30\u201314h30 Rece\u00e7\u00e3o dos participantes e entrega de documenta\u00e7\u00e3o Hall do Departamento de Educa\u00e7\u00e3o e Psicologia \u2013 DEP (edif\u00edcio 5 da UA) 14h30 \u2013 15h00 sala 5.2.22 Sess\u00e3o de abertura Jorge Adelino Costa (Vice Reitor, em representa\u00e7\u00e3o do Reitor da Universidade de Aveiro &#8211; UA) Dora Fonseca (em representa\u00e7\u00e3o do Diretor do<\/p>\n<p><a class=\"more-link\" href=\"https:\/\/protextos.web.ua.pt\/vi-eire2019\/?page_id=338\">Read More<\/a><\/p>\n","protected":false},"author":2,"featured_media":0,"parent":0,"menu_order":0,"comment_status":"closed","ping_status":"closed","template":"","meta":{"footnotes":""},"class_list":["post-338","page","type-page","status-publish","hentry"],"_links":{"self":[{"href":"https:\/\/protextos.web.ua.pt\/vi-eire2019\/index.php?rest_route=\/wp\/v2\/pages\/338","targetHints":{"allow":["GET"]}}],"collection":[{"href":"https:\/\/protextos.web.ua.pt\/vi-eire2019\/index.php?rest_route=\/wp\/v2\/pages"}],"about":[{"href":"https:\/\/protextos.web.ua.pt\/vi-eire2019\/index.php?rest_route=\/wp\/v2\/types\/page"}],"author":[{"embeddable":true,"href":"https:\/\/protextos.web.ua.pt\/vi-eire2019\/index.php?rest_route=\/wp\/v2\/users\/2"}],"replies":[{"embeddable":true,"href":"https:\/\/protextos.web.ua.pt\/vi-eire2019\/index.php?rest_route=%2Fwp%2Fv2%2Fcomments&post=338"}],"version-history":[{"count":57,"href":"https:\/\/protextos.web.ua.pt\/vi-eire2019\/index.php?rest_route=\/wp\/v2\/pages\/338\/revisions"}],"predecessor-version":[{"id":1920,"href":"https:\/\/protextos.web.ua.pt\/vi-eire2019\/index.php?rest_route=\/wp\/v2\/pages\/338\/revisions\/1920"}],"wp:attachment":[{"href":"https:\/\/protextos.web.ua.pt\/vi-eire2019\/index.php?rest_route=%2Fwp%2Fv2%2Fmedia&parent=338"}],"curies":[{"name":"wp","href":"https:\/\/api.w.org\/{rel}","templated":true}]}}