{"id":356,"date":"2019-01-30T10:15:56","date_gmt":"2019-01-30T10:15:56","guid":{"rendered":"http:\/\/protextos.web.ua.pt\/vi-eire2019\/?page_id=356"},"modified":"2019-01-30T10:31:51","modified_gmt":"2019-01-30T10:31:51","slug":"joaquim-dolz","status":"publish","type":"page","link":"https:\/\/protextos.web.ua.pt\/vi-eire2019\/?page_id=356","title":{"rendered":"Joaquim Dolz"},"content":{"rendered":"\n<div class=\"wp-block-media-text alignwide is-stacked-on-mobile\" style=\"grid-template-columns:31% auto\"><figure class=\"wp-block-media-text__media\"><img loading=\"lazy\" decoding=\"async\" width=\"768\" height=\"1024\" src=\"http:\/\/protextos.web.ua.pt\/vi-eire2019\/wp-content\/uploads\/2019\/01\/Joaquim-Dolz-768x1024.jpg\" alt=\"\" class=\"wp-image-359\"\/><\/figure><div class=\"wp-block-media-text__content\">\n<p>\n\nJoaquim Dolz, Morella 1957, catedr\u00e0tic de did\u00e0ctica de les lleng\u00fces i formaci\u00f3 del professorat de la universitat de Ginebra. Expert sobre l\u2019ensenyament de l\u2019expressi\u00f3 oral i de la producci\u00f3 escrita, \u00e9s autor de nombroses publicacions sobre el tema entre les que destaquen Per a un ensenyament de l\u2019oral, Ensenyar (leng\u00fcas) en contextos multiling\u00fces , G\u00eaneros orais e escritos na escola, \u00ab Production \u00e9crite et difficult\u00e9s d\u2019apprentissage, Des objets enseign\u00e9s en classe de fran\u00e7ais, Former \u00e0 l\u2019enseignement de la production \u00e9crite. Entre les seves preocupacions, l\u2019an\u00e0lisi dels factors socioling\u00fc\u00edstics que tenen una influencia en l\u2019ensenyament de les lleng\u00fces. Per aquesta ra\u00f3, \u00e9s un dels creadors d\u2019una xarxa internacional de investigadors que s\u2019anomena socio-did\u00e0ctica de les lleng\u00fces. Responsable de l\u2019equip de recerca GRAFE, dirigeix actualment dues recerques a Su\u00efssa sobre la formaci\u00f3 del professorat i sobre l\u2019ensenyament de l\u2019oral.\n\n<\/p>\n<\/div><\/div>\n","protected":false},"excerpt":{"rendered":"<p>Joaquim Dolz, Morella 1957, catedr\u00e0tic de did\u00e0ctica de les lleng\u00fces i formaci\u00f3 del professorat de la universitat de Ginebra. Expert sobre l\u2019ensenyament de l\u2019expressi\u00f3 oral i de la producci\u00f3 escrita, \u00e9s autor de nombroses publicacions sobre el tema entre les que destaquen Per a un ensenyament de l\u2019oral, Ensenyar (leng\u00fcas) en contextos multiling\u00fces , G\u00eaneros orais e escritos na escola,<\/p>\n<p><a class=\"more-link\" href=\"https:\/\/protextos.web.ua.pt\/vi-eire2019\/?page_id=356\">Read More<\/a><\/p>\n","protected":false},"author":2,"featured_media":0,"parent":113,"menu_order":2,"comment_status":"closed","ping_status":"closed","template":"","meta":{"footnotes":""},"class_list":["post-356","page","type-page","status-publish","hentry"],"_links":{"self":[{"href":"https:\/\/protextos.web.ua.pt\/vi-eire2019\/index.php?rest_route=\/wp\/v2\/pages\/356","targetHints":{"allow":["GET"]}}],"collection":[{"href":"https:\/\/protextos.web.ua.pt\/vi-eire2019\/index.php?rest_route=\/wp\/v2\/pages"}],"about":[{"href":"https:\/\/protextos.web.ua.pt\/vi-eire2019\/index.php?rest_route=\/wp\/v2\/types\/page"}],"author":[{"embeddable":true,"href":"https:\/\/protextos.web.ua.pt\/vi-eire2019\/index.php?rest_route=\/wp\/v2\/users\/2"}],"replies":[{"embeddable":true,"href":"https:\/\/protextos.web.ua.pt\/vi-eire2019\/index.php?rest_route=%2Fwp%2Fv2%2Fcomments&post=356"}],"version-history":[{"count":5,"href":"https:\/\/protextos.web.ua.pt\/vi-eire2019\/index.php?rest_route=\/wp\/v2\/pages\/356\/revisions"}],"predecessor-version":[{"id":377,"href":"https:\/\/protextos.web.ua.pt\/vi-eire2019\/index.php?rest_route=\/wp\/v2\/pages\/356\/revisions\/377"}],"up":[{"embeddable":true,"href":"https:\/\/protextos.web.ua.pt\/vi-eire2019\/index.php?rest_route=\/wp\/v2\/pages\/113"}],"wp:attachment":[{"href":"https:\/\/protextos.web.ua.pt\/vi-eire2019\/index.php?rest_route=%2Fwp%2Fv2%2Fmedia&parent=356"}],"curies":[{"name":"wp","href":"https:\/\/api.w.org\/{rel}","templated":true}]}}