{"id":380,"date":"2019-01-30T10:22:16","date_gmt":"2019-01-30T10:22:16","guid":{"rendered":"http:\/\/protextos.web.ua.pt\/vi-eire2019\/?page_id=380"},"modified":"2019-01-30T10:32:02","modified_gmt":"2019-01-30T10:32:02","slug":"glais-sales-cordeiro","status":"publish","type":"page","link":"https:\/\/protextos.web.ua.pt\/vi-eire2019\/?page_id=380","title":{"rendered":"Gla\u00eds Sales Cordeiro"},"content":{"rendered":"\n<div class=\"wp-block-media-text alignwide\" style=\"grid-template-columns:37% auto\"><figure class=\"wp-block-media-text__media\"><img loading=\"lazy\" decoding=\"async\" width=\"1024\" height=\"683\" src=\"http:\/\/protextos.web.ua.pt\/vi-eire2019\/wp-content\/uploads\/2019\/01\/Glais-Cordeiro-1024x683.jpg\" alt=\"\" class=\"wp-image-383\" srcset=\"https:\/\/protextos.web.ua.pt\/vi-eire2019\/wp-content\/uploads\/2019\/01\/Glais-Cordeiro-1024x683.jpg 1024w, https:\/\/protextos.web.ua.pt\/vi-eire2019\/wp-content\/uploads\/2019\/01\/Glais-Cordeiro-300x200.jpg 300w, https:\/\/protextos.web.ua.pt\/vi-eire2019\/wp-content\/uploads\/2019\/01\/Glais-Cordeiro-768x512.jpg 768w, https:\/\/protextos.web.ua.pt\/vi-eire2019\/wp-content\/uploads\/2019\/01\/Glais-Cordeiro-800x533.jpg 800w\" sizes=\"auto, (max-width: 1024px) 100vw, 1024px\" \/><\/figure><div class=\"wp-block-media-text__content\">\n<p>Gla\u00eds Sales\nCordeiro \u00e9 professora de did\u00e1tica do franc\u00eas na Faculdade de Psicologia e\nCi\u00eancias da Educa\u00e7\u00e3o da Universidade de Genebra. \u00c9 l\u00edder do grupo GRAFE-PRISME\n(Groupe de Recherche pour l&#8217;Analyse du Fran\u00e7ais Enseign\u00e9-Programme de Recherche\nen Ing\u00e9nierie didactique : Savoirs, M\u00e9diation \u00e9ducative et Enseignement) e\nco-respons\u00e1vel do \u00ab R\u00e9seau Maison des Petits \u00bb. Obteve o t\u00edtulo de doutora em\nling\u00fc\u00edstica aplicada na PUC-SP sob a orienta\u00e7\u00e3o de Roxane Rojo e Jean-Paul\nBronckart.<\/p>\n\n\n\n<p>Suas\npesquisas abordam quest\u00f5es ligadas \u00e0 did\u00e1tica das l\u00ednguas, ao ensino e \u00e0\naprendizagem da produ\u00e7\u00e3o e compreens\u00e3o oral e escrita em contexto escolar e\npr\u00e9-escolar a partir de uma perspectiva s\u00f3cio-hist\u00f3rica.<\/p>\n<\/div><\/div>\n","protected":false},"excerpt":{"rendered":"<p>Gla\u00eds Sales Cordeiro \u00e9 professora de did\u00e1tica do franc\u00eas na Faculdade de Psicologia e Ci\u00eancias da Educa\u00e7\u00e3o da Universidade de Genebra. \u00c9 l\u00edder do grupo GRAFE-PRISME (Groupe de Recherche pour l&#8217;Analyse du Fran\u00e7ais Enseign\u00e9-Programme de Recherche en Ing\u00e9nierie didactique : Savoirs, M\u00e9diation \u00e9ducative et Enseignement) e co-respons\u00e1vel do \u00ab R\u00e9seau Maison des Petits \u00bb. Obteve o t\u00edtulo de doutora em<\/p>\n<p><a class=\"more-link\" href=\"https:\/\/protextos.web.ua.pt\/vi-eire2019\/?page_id=380\">Read More<\/a><\/p>\n","protected":false},"author":2,"featured_media":0,"parent":113,"menu_order":5,"comment_status":"closed","ping_status":"closed","template":"","meta":{"footnotes":""},"class_list":["post-380","page","type-page","status-publish","hentry"],"_links":{"self":[{"href":"https:\/\/protextos.web.ua.pt\/vi-eire2019\/index.php?rest_route=\/wp\/v2\/pages\/380","targetHints":{"allow":["GET"]}}],"collection":[{"href":"https:\/\/protextos.web.ua.pt\/vi-eire2019\/index.php?rest_route=\/wp\/v2\/pages"}],"about":[{"href":"https:\/\/protextos.web.ua.pt\/vi-eire2019\/index.php?rest_route=\/wp\/v2\/types\/page"}],"author":[{"embeddable":true,"href":"https:\/\/protextos.web.ua.pt\/vi-eire2019\/index.php?rest_route=\/wp\/v2\/users\/2"}],"replies":[{"embeddable":true,"href":"https:\/\/protextos.web.ua.pt\/vi-eire2019\/index.php?rest_route=%2Fwp%2Fv2%2Fcomments&post=380"}],"version-history":[{"count":3,"href":"https:\/\/protextos.web.ua.pt\/vi-eire2019\/index.php?rest_route=\/wp\/v2\/pages\/380\/revisions"}],"predecessor-version":[{"id":392,"href":"https:\/\/protextos.web.ua.pt\/vi-eire2019\/index.php?rest_route=\/wp\/v2\/pages\/380\/revisions\/392"}],"up":[{"embeddable":true,"href":"https:\/\/protextos.web.ua.pt\/vi-eire2019\/index.php?rest_route=\/wp\/v2\/pages\/113"}],"wp:attachment":[{"href":"https:\/\/protextos.web.ua.pt\/vi-eire2019\/index.php?rest_route=%2Fwp%2Fv2%2Fmedia&parent=380"}],"curies":[{"name":"wp","href":"https:\/\/api.w.org\/{rel}","templated":true}]}}