{"id":395,"date":"2019-01-30T10:27:57","date_gmt":"2019-01-30T10:27:57","guid":{"rendered":"http:\/\/protextos.web.ua.pt\/vi-eire2019\/?page_id=395"},"modified":"2019-01-30T10:27:57","modified_gmt":"2019-01-30T10:27:57","slug":"carlos-gouveia","status":"publish","type":"page","link":"https:\/\/protextos.web.ua.pt\/vi-eire2019\/?page_id=395","title":{"rendered":"Carlos Gouveia"},"content":{"rendered":"\n<div class=\"wp-block-media-text alignwide is-stacked-on-mobile\" style=\"grid-template-columns:30% auto\"><figure class=\"wp-block-media-text__media\"><img loading=\"lazy\" decoding=\"async\" width=\"200\" height=\"200\" src=\"http:\/\/protextos.web.ua.pt\/vi-eire2019\/wp-content\/uploads\/2019\/01\/Carlos-Gouveia.jpg\" alt=\"\" class=\"wp-image-398\" srcset=\"https:\/\/protextos.web.ua.pt\/vi-eire2019\/wp-content\/uploads\/2019\/01\/Carlos-Gouveia.jpg 200w, https:\/\/protextos.web.ua.pt\/vi-eire2019\/wp-content\/uploads\/2019\/01\/Carlos-Gouveia-150x150.jpg 150w\" sizes=\"auto, (max-width: 200px) 100vw, 200px\" \/><\/figure><div class=\"wp-block-media-text__content\">\n<p>Carlos A.M. Gouveia \u00e9 doutorado em Lingu\u00edstica Aplicada e \u00e9\nProfessor Associado (com agrega\u00e7\u00e3o) no Departamento de Estudos Angl\u00edsticos da\nFaculdade de Letras da Universidade de Lisboa e pesquisador no\nCELGA-ILTEC-Centro de Estudos Lingu\u00edsticos Gerais e Aplicados e Instituto de\nLingu\u00edstica Te\u00f3rica e Computacional da Universidade de Coimbra. Atualmente \u00e9\nDiretor do Programa de P\u00f3s-Gradua\u00e7\u00e3o em Portugu\u00eas como L\u00edngua Estrangeira\/\nL\u00edngua Segunda da Faculdade de Letras da Universidade de Lisboa. Esteve\nenvolvido em v\u00e1rios projetos de investiga\u00e7\u00e3o e coordenou a equipa portuguesa do\nProjeto Europeu Forma\u00e7\u00e3o de professores para o desenvolvimento da literacia na\nEuropa (2011-2013). As suas \u00e1reas de investiga\u00e7\u00e3o s\u00e3o a Lingu\u00edstica\nSist\u00e9mico-Funcional, a An\u00e1lise do Discurso e a An\u00e1lise Cr\u00edtica do Discurso, com\n\u00eanfase particular nos estudos literacia e de desenvolvimento profissional. As\nsuas publica\u00e7\u00f5es incluem diversos artigos e a organiza\u00e7\u00e3o de alguns livros\nnessas \u00e1reas, tanto em portugu\u00eas como em ingl\u00eas.<\/p>\n<\/div><\/div>\n","protected":false},"excerpt":{"rendered":"<p>Carlos A.M. Gouveia \u00e9 doutorado em Lingu\u00edstica Aplicada e \u00e9 Professor Associado (com agrega\u00e7\u00e3o) no Departamento de Estudos Angl\u00edsticos da Faculdade de Letras da Universidade de Lisboa e pesquisador no CELGA-ILTEC-Centro de Estudos Lingu\u00edsticos Gerais e Aplicados e Instituto de Lingu\u00edstica Te\u00f3rica e Computacional da Universidade de Coimbra. Atualmente \u00e9 Diretor do Programa de P\u00f3s-Gradua\u00e7\u00e3o em Portugu\u00eas como L\u00edngua Estrangeira\/<\/p>\n<p><a class=\"more-link\" href=\"https:\/\/protextos.web.ua.pt\/vi-eire2019\/?page_id=395\">Read More<\/a><\/p>\n","protected":false},"author":2,"featured_media":0,"parent":113,"menu_order":0,"comment_status":"closed","ping_status":"closed","template":"","meta":{"footnotes":""},"class_list":["post-395","page","type-page","status-publish","hentry"],"_links":{"self":[{"href":"https:\/\/protextos.web.ua.pt\/vi-eire2019\/index.php?rest_route=\/wp\/v2\/pages\/395","targetHints":{"allow":["GET"]}}],"collection":[{"href":"https:\/\/protextos.web.ua.pt\/vi-eire2019\/index.php?rest_route=\/wp\/v2\/pages"}],"about":[{"href":"https:\/\/protextos.web.ua.pt\/vi-eire2019\/index.php?rest_route=\/wp\/v2\/types\/page"}],"author":[{"embeddable":true,"href":"https:\/\/protextos.web.ua.pt\/vi-eire2019\/index.php?rest_route=\/wp\/v2\/users\/2"}],"replies":[{"embeddable":true,"href":"https:\/\/protextos.web.ua.pt\/vi-eire2019\/index.php?rest_route=%2Fwp%2Fv2%2Fcomments&post=395"}],"version-history":[{"count":2,"href":"https:\/\/protextos.web.ua.pt\/vi-eire2019\/index.php?rest_route=\/wp\/v2\/pages\/395\/revisions"}],"predecessor-version":[{"id":404,"href":"https:\/\/protextos.web.ua.pt\/vi-eire2019\/index.php?rest_route=\/wp\/v2\/pages\/395\/revisions\/404"}],"up":[{"embeddable":true,"href":"https:\/\/protextos.web.ua.pt\/vi-eire2019\/index.php?rest_route=\/wp\/v2\/pages\/113"}],"wp:attachment":[{"href":"https:\/\/protextos.web.ua.pt\/vi-eire2019\/index.php?rest_route=%2Fwp%2Fv2%2Fmedia&parent=395"}],"curies":[{"name":"wp","href":"https:\/\/api.w.org\/{rel}","templated":true}]}}