{"id":416,"date":"2019-01-30T10:39:29","date_gmt":"2019-01-30T10:39:29","guid":{"rendered":"http:\/\/protextos.web.ua.pt\/vi-eire2019\/?page_id=416"},"modified":"2019-01-30T10:42:03","modified_gmt":"2019-01-30T10:42:03","slug":"rui-alves","status":"publish","type":"page","link":"https:\/\/protextos.web.ua.pt\/vi-eire2019\/?page_id=416","title":{"rendered":"Rui Alves"},"content":{"rendered":"\n<div class=\"wp-block-media-text alignwide\" style=\"grid-template-columns:36% auto\"><figure class=\"wp-block-media-text__media\"><img loading=\"lazy\" decoding=\"async\" width=\"563\" height=\"562\" src=\"http:\/\/protextos.web.ua.pt\/vi-eire2019\/wp-content\/uploads\/2019\/01\/Rui-Alves.png\" alt=\"\" class=\"wp-image-419\" srcset=\"https:\/\/protextos.web.ua.pt\/vi-eire2019\/wp-content\/uploads\/2019\/01\/Rui-Alves.png 563w, https:\/\/protextos.web.ua.pt\/vi-eire2019\/wp-content\/uploads\/2019\/01\/Rui-Alves-150x150.png 150w, https:\/\/protextos.web.ua.pt\/vi-eire2019\/wp-content\/uploads\/2019\/01\/Rui-Alves-300x300.png 300w\" sizes=\"auto, (max-width: 563px) 100vw, 563px\" \/><\/figure><div class=\"wp-block-media-text__content\">\n<p>Rui A.\u00a0Alves \u00e9 professor auxiliar da Universidade do Porto, FPCE, onde assegura\u00a0disciplinas nas \u00e1reas da psicologia da linguagem,\u00a0neuropsicologia e escrita cient\u00edfica.\u00a0Os seus principais interesses de investiga\u00e7\u00e3o s\u00e3o os processos cognitivos e afectivos\u00a0na escrita, o\u00a0desenvolvimento da literacia e as dificuldades de aprendizagem. \u00c9\u00a0tamb\u00e9m investigador do Centro de Psicologia da Universidade do Porto\u00a0onde tem\u00a0desenvolvido projetos financiados, entre outros, pela FCT e pela Funda\u00e7\u00e3o BIAL.\u00a0Tem tamb\u00e9m intensa actividade editorial,\u00a0sendo editor associado das revistas\u00a0Reading &amp; Writing, Springer e Culture &amp; Education, Routledge. Actualmente,\u00a0\u00e9 o coordenador da rede\u00a0COST European Literacy Network.\u00a0 \u00a0 <\/p>\n<\/div><\/div>\n","protected":false},"excerpt":{"rendered":"<p>Rui A.\u00a0Alves \u00e9 professor auxiliar da Universidade do Porto, FPCE, onde assegura\u00a0disciplinas nas \u00e1reas da psicologia da linguagem,\u00a0neuropsicologia e escrita cient\u00edfica.\u00a0Os seus principais interesses de investiga\u00e7\u00e3o s\u00e3o os processos cognitivos e afectivos\u00a0na escrita, o\u00a0desenvolvimento da literacia e as dificuldades de aprendizagem. \u00c9\u00a0tamb\u00e9m investigador do Centro de Psicologia da Universidade do Porto\u00a0onde tem\u00a0desenvolvido projetos financiados, entre outros, pela FCT e pela<\/p>\n<p><a class=\"more-link\" href=\"https:\/\/protextos.web.ua.pt\/vi-eire2019\/?page_id=416\">Read More<\/a><\/p>\n","protected":false},"author":2,"featured_media":0,"parent":113,"menu_order":6,"comment_status":"closed","ping_status":"closed","template":"","meta":{"footnotes":""},"class_list":["post-416","page","type-page","status-publish","hentry"],"_links":{"self":[{"href":"https:\/\/protextos.web.ua.pt\/vi-eire2019\/index.php?rest_route=\/wp\/v2\/pages\/416","targetHints":{"allow":["GET"]}}],"collection":[{"href":"https:\/\/protextos.web.ua.pt\/vi-eire2019\/index.php?rest_route=\/wp\/v2\/pages"}],"about":[{"href":"https:\/\/protextos.web.ua.pt\/vi-eire2019\/index.php?rest_route=\/wp\/v2\/types\/page"}],"author":[{"embeddable":true,"href":"https:\/\/protextos.web.ua.pt\/vi-eire2019\/index.php?rest_route=\/wp\/v2\/users\/2"}],"replies":[{"embeddable":true,"href":"https:\/\/protextos.web.ua.pt\/vi-eire2019\/index.php?rest_route=%2Fwp%2Fv2%2Fcomments&post=416"}],"version-history":[{"count":3,"href":"https:\/\/protextos.web.ua.pt\/vi-eire2019\/index.php?rest_route=\/wp\/v2\/pages\/416\/revisions"}],"predecessor-version":[{"id":434,"href":"https:\/\/protextos.web.ua.pt\/vi-eire2019\/index.php?rest_route=\/wp\/v2\/pages\/416\/revisions\/434"}],"up":[{"embeddable":true,"href":"https:\/\/protextos.web.ua.pt\/vi-eire2019\/index.php?rest_route=\/wp\/v2\/pages\/113"}],"wp:attachment":[{"href":"https:\/\/protextos.web.ua.pt\/vi-eire2019\/index.php?rest_route=%2Fwp%2Fv2%2Fmedia&parent=416"}],"curies":[{"name":"wp","href":"https:\/\/api.w.org\/{rel}","templated":true}]}}