{"id":466,"date":"2019-01-31T10:50:27","date_gmt":"2019-01-31T10:50:27","guid":{"rendered":"http:\/\/protextos.web.ua.pt\/vi-eire2019\/?page_id=466"},"modified":"2019-01-31T10:54:59","modified_gmt":"2019-01-31T10:54:59","slug":"margarida-alves-martins","status":"publish","type":"page","link":"https:\/\/protextos.web.ua.pt\/vi-eire2019\/?page_id=466","title":{"rendered":"Margarida Alves Martins"},"content":{"rendered":"\n<div class=\"wp-block-media-text alignwide\" style=\"grid-template-columns:25% auto\"><figure class=\"wp-block-media-text__media\"><img loading=\"lazy\" decoding=\"async\" width=\"750\" height=\"917\" src=\"http:\/\/protextos.web.ua.pt\/vi-eire2019\/wp-content\/uploads\/2019\/01\/margarida-alves-3-e1548932005906.jpg\" alt=\"\" class=\"wp-image-493\" srcset=\"https:\/\/protextos.web.ua.pt\/vi-eire2019\/wp-content\/uploads\/2019\/01\/margarida-alves-3-e1548932005906.jpg 750w, https:\/\/protextos.web.ua.pt\/vi-eire2019\/wp-content\/uploads\/2019\/01\/margarida-alves-3-e1548932005906-245x300.jpg 245w\" sizes=\"auto, (max-width: 750px) 100vw, 750px\" \/><\/figure><div class=\"wp-block-media-text__content\">\n<p>Margarida Alves Martins \u00e9 doutorada em Ci\u00eancias da Educa\u00e7\u00e3o\npela Universidade Ren\u00e9 Descartes, Paris V e em Psicologia Pedag\u00f3gica pela\nUniversidade de Coimbra. \u00c9 professora catedr\u00e1tica de Psicologia da Educa\u00e7\u00e3o no\nISPA-Instituto Universit\u00e1rio, Lisboa, Portugal, onde leciona cursos de Mestrado\ne de Doutoramento. Dirige o Centro de Investiga\u00e7\u00e3o em Educa\u00e7\u00e3o (CIE-ISPA),\ncentro financiado pela Funda\u00e7\u00e3o para a Ci\u00eancia e a Tecnologia, onde desenvolve\ninvestiga\u00e7\u00e3o sobre os processos de aprendizagem da escrita e da leitura. \u00c9\nautora de diversos livros e artigos e orienta teses de doutoramento e de\nMestrado na \u00e1rea da linguagem escrita.<\/p>\n<\/div><\/div>\n","protected":false},"excerpt":{"rendered":"<p>Margarida Alves Martins \u00e9 doutorada em Ci\u00eancias da Educa\u00e7\u00e3o pela Universidade Ren\u00e9 Descartes, Paris V e em Psicologia Pedag\u00f3gica pela Universidade de Coimbra. \u00c9 professora catedr\u00e1tica de Psicologia da Educa\u00e7\u00e3o no ISPA-Instituto Universit\u00e1rio, Lisboa, Portugal, onde leciona cursos de Mestrado e de Doutoramento. Dirige o Centro de Investiga\u00e7\u00e3o em Educa\u00e7\u00e3o (CIE-ISPA), centro financiado pela Funda\u00e7\u00e3o para a Ci\u00eancia e a<\/p>\n<p><a class=\"more-link\" href=\"https:\/\/protextos.web.ua.pt\/vi-eire2019\/?page_id=466\">Read More<\/a><\/p>\n","protected":false},"author":2,"featured_media":0,"parent":113,"menu_order":3,"comment_status":"closed","ping_status":"closed","template":"","meta":{"footnotes":""},"class_list":["post-466","page","type-page","status-publish","hentry"],"_links":{"self":[{"href":"https:\/\/protextos.web.ua.pt\/vi-eire2019\/index.php?rest_route=\/wp\/v2\/pages\/466","targetHints":{"allow":["GET"]}}],"collection":[{"href":"https:\/\/protextos.web.ua.pt\/vi-eire2019\/index.php?rest_route=\/wp\/v2\/pages"}],"about":[{"href":"https:\/\/protextos.web.ua.pt\/vi-eire2019\/index.php?rest_route=\/wp\/v2\/types\/page"}],"author":[{"embeddable":true,"href":"https:\/\/protextos.web.ua.pt\/vi-eire2019\/index.php?rest_route=\/wp\/v2\/users\/2"}],"replies":[{"embeddable":true,"href":"https:\/\/protextos.web.ua.pt\/vi-eire2019\/index.php?rest_route=%2Fwp%2Fv2%2Fcomments&post=466"}],"version-history":[{"count":7,"href":"https:\/\/protextos.web.ua.pt\/vi-eire2019\/index.php?rest_route=\/wp\/v2\/pages\/466\/revisions"}],"predecessor-version":[{"id":505,"href":"https:\/\/protextos.web.ua.pt\/vi-eire2019\/index.php?rest_route=\/wp\/v2\/pages\/466\/revisions\/505"}],"up":[{"embeddable":true,"href":"https:\/\/protextos.web.ua.pt\/vi-eire2019\/index.php?rest_route=\/wp\/v2\/pages\/113"}],"wp:attachment":[{"href":"https:\/\/protextos.web.ua.pt\/vi-eire2019\/index.php?rest_route=%2Fwp%2Fv2%2Fmedia&parent=466"}],"curies":[{"name":"wp","href":"https:\/\/api.w.org\/{rel}","templated":true}]}}