{"id":619,"date":"2019-02-07T12:53:00","date_gmt":"2019-02-07T12:53:00","guid":{"rendered":"http:\/\/protextos.web.ua.pt\/vi-eire2019\/?page_id=619"},"modified":"2019-02-07T12:56:36","modified_gmt":"2019-02-07T12:56:36","slug":"eduardo-calil","status":"publish","type":"page","link":"https:\/\/protextos.web.ua.pt\/vi-eire2019\/?page_id=619","title":{"rendered":"Eduardo Calil"},"content":{"rendered":"\n<div class=\"wp-block-media-text alignwide\" style=\"grid-template-columns:31% auto\"><figure class=\"wp-block-media-text__media\"><img loading=\"lazy\" decoding=\"async\" width=\"640\" height=\"480\" src=\"http:\/\/protextos.web.ua.pt\/vi-eire2019\/wp-content\/uploads\/2019\/02\/Eduardo_calil.jpg\" alt=\"\" class=\"wp-image-640\" srcset=\"https:\/\/protextos.web.ua.pt\/vi-eire2019\/wp-content\/uploads\/2019\/02\/Eduardo_calil.jpg 640w, https:\/\/protextos.web.ua.pt\/vi-eire2019\/wp-content\/uploads\/2019\/02\/Eduardo_calil-300x225.jpg 300w, https:\/\/protextos.web.ua.pt\/vi-eire2019\/wp-content\/uploads\/2019\/02\/Eduardo_calil-400x300.jpg 400w\" sizes=\"auto, (max-width: 640px) 100vw, 640px\" \/><\/figure><div class=\"wp-block-media-text__content\">\n<p>Eduardo Calil \u00e9 doutor em Psicolingu\u00edstica pelo Instituto de Estudos da Linguagem (UNICAMP, 1995) e Professor Titular da Universidade Federal de Alagoas. Fez est\u00e1gios de p\u00f3s-doutoramento no <em>Institut des Texts et Manuscrits Modernes<\/em> \u2013 ITEM (2003-2004), no laborat\u00f3rio de <em>Mod\u00e8les, Dynamiques, Corpus<\/em> (MODYCO) da <em>Universit\u00e9 Paris Ouest Nanterre La D\u00e9fense<\/em> (2010), foi pesquisador-visitante do laborat\u00f3rio <em>\u00c9cole, Mutations, Apprentissages<\/em> da Universit\u00e9 Cergy-Pontoise (2011 e 2013) na <em>Harvard Graduate School of Education<\/em> (2014) pelo <em>Fulbright Scholar Program<\/em>. Atualmente, lidera o Grupo de Pesquisa Escritura, Texto e Cria\u00e7\u00e3o (ET&amp;C), dirige o Laborat\u00f3rio do Manuscrito Escolar (LAME) e \u00e9 pesquisador do CNPq (n\u00edvel 1D). Seus interesses cient\u00edficos situam-se em torno da alfabetiza\u00e7\u00e3o, da metodologia de ensino de l\u00edngua escrita e dos processos de escritura em tempo real. Criou o Sistema Ramos (sistema para captura multimodal da escritura em tempo e espa\u00e7o real, em situa\u00e7\u00f5es ecol\u00f3gicas. Com apoio da Fapeal, coordena, desde 2014, o projeto InterWriting, envolvendo pesquisadores brasileiros, franceses e portugueses. Dentre suas publica\u00e7\u00f5es destacam-se o livro <em>Escutar o invis\u00edvel: escritura &amp; poesia na sala de aula<\/em> (UNESP\/FUNART) e <em>L\u2019\u00e9cole, l\u2019\u00e9criture et la cr\u00e9ation : \u00c9tudes franco-br\u00e9siliennes<\/em> (L\u2019Harmattan-Academia).   <\/p>\n<\/div><\/div>\n","protected":false},"excerpt":{"rendered":"<p>Eduardo Calil \u00e9 doutor em Psicolingu\u00edstica pelo Instituto de Estudos da Linguagem (UNICAMP, 1995) e Professor Titular da Universidade Federal de Alagoas. Fez est\u00e1gios de p\u00f3s-doutoramento no Institut des Texts et Manuscrits Modernes \u2013 ITEM (2003-2004), no laborat\u00f3rio de Mod\u00e8les, Dynamiques, Corpus (MODYCO) da Universit\u00e9 Paris Ouest Nanterre La D\u00e9fense (2010), foi pesquisador-visitante do laborat\u00f3rio \u00c9cole, Mutations, Apprentissages da Universit\u00e9<\/p>\n<p><a class=\"more-link\" href=\"https:\/\/protextos.web.ua.pt\/vi-eire2019\/?page_id=619\">Read More<\/a><\/p>\n","protected":false},"author":2,"featured_media":0,"parent":113,"menu_order":1,"comment_status":"closed","ping_status":"closed","template":"","meta":{"footnotes":""},"class_list":["post-619","page","type-page","status-publish","hentry"],"_links":{"self":[{"href":"https:\/\/protextos.web.ua.pt\/vi-eire2019\/index.php?rest_route=\/wp\/v2\/pages\/619","targetHints":{"allow":["GET"]}}],"collection":[{"href":"https:\/\/protextos.web.ua.pt\/vi-eire2019\/index.php?rest_route=\/wp\/v2\/pages"}],"about":[{"href":"https:\/\/protextos.web.ua.pt\/vi-eire2019\/index.php?rest_route=\/wp\/v2\/types\/page"}],"author":[{"embeddable":true,"href":"https:\/\/protextos.web.ua.pt\/vi-eire2019\/index.php?rest_route=\/wp\/v2\/users\/2"}],"replies":[{"embeddable":true,"href":"https:\/\/protextos.web.ua.pt\/vi-eire2019\/index.php?rest_route=%2Fwp%2Fv2%2Fcomments&post=619"}],"version-history":[{"count":4,"href":"https:\/\/protextos.web.ua.pt\/vi-eire2019\/index.php?rest_route=\/wp\/v2\/pages\/619\/revisions"}],"predecessor-version":[{"id":646,"href":"https:\/\/protextos.web.ua.pt\/vi-eire2019\/index.php?rest_route=\/wp\/v2\/pages\/619\/revisions\/646"}],"up":[{"embeddable":true,"href":"https:\/\/protextos.web.ua.pt\/vi-eire2019\/index.php?rest_route=\/wp\/v2\/pages\/113"}],"wp:attachment":[{"href":"https:\/\/protextos.web.ua.pt\/vi-eire2019\/index.php?rest_route=%2Fwp%2Fv2%2Fmedia&parent=619"}],"curies":[{"name":"wp","href":"https:\/\/api.w.org\/{rel}","templated":true}]}}