{"id":89,"date":"2019-01-15T10:23:32","date_gmt":"2019-01-15T10:23:32","guid":{"rendered":"http:\/\/protextos.web.ua.pt\/vi-eire2019\/?page_id=89"},"modified":"2019-02-01T16:50:47","modified_gmt":"2019-02-01T16:50:47","slug":"objetivos-do-encontro","status":"publish","type":"page","link":"https:\/\/protextos.web.ua.pt\/vi-eire2019\/?page_id=89","title":{"rendered":"Objetivos do Encontro"},"content":{"rendered":"\n<p> &#8211; Discutir resultados da investiga\u00e7\u00e3o dos grupos \u201cProTextos\u201d e \u201cReflex\u00e3o sobre a Escrita\u201d sobre pr\u00e1ticas de ensino e aprendizagem da escrita;<br> &#8211; Partilhar dispositivos e materiais did\u00e1ticos no contexto do ensino de v\u00e1rios g\u00e9neros de texto;<br> &#8211; Apresentar e discutir diferentes perspetivas de problematizar e programar o ensino e a aprendizagem da escrita;<br> &#8211; Promover a cria\u00e7\u00e3o e estreitamento de redes de colabora\u00e7\u00e3o entre a UA e outras institui\u00e7\u00f5es de v\u00e1rios graus de ensino e investiga\u00e7\u00e3o;<br> &#8211; Criar oportunidades de reflex\u00e3o e de forma\u00e7\u00e3o cont\u00ednua e colaborativa de acordo com as necessidades dos sujeitos.  <\/p>\n","protected":false},"excerpt":{"rendered":"<p>&#8211; Discutir resultados da investiga\u00e7\u00e3o dos grupos \u201cProTextos\u201d e \u201cReflex\u00e3o sobre a Escrita\u201d sobre pr\u00e1ticas de ensino e aprendizagem da escrita; &#8211; Partilhar dispositivos e materiais did\u00e1ticos no contexto do ensino de v\u00e1rios g\u00e9neros de texto; &#8211; Apresentar e discutir diferentes perspetivas de problematizar e programar o ensino e a aprendizagem da escrita; &#8211; Promover a cria\u00e7\u00e3o e estreitamento de<\/p>\n<p><a class=\"more-link\" href=\"https:\/\/protextos.web.ua.pt\/vi-eire2019\/?page_id=89\">Read More<\/a><\/p>\n","protected":false},"author":2,"featured_media":0,"parent":17,"menu_order":0,"comment_status":"closed","ping_status":"closed","template":"","meta":{"footnotes":""},"class_list":["post-89","page","type-page","status-publish","hentry"],"_links":{"self":[{"href":"https:\/\/protextos.web.ua.pt\/vi-eire2019\/index.php?rest_route=\/wp\/v2\/pages\/89","targetHints":{"allow":["GET"]}}],"collection":[{"href":"https:\/\/protextos.web.ua.pt\/vi-eire2019\/index.php?rest_route=\/wp\/v2\/pages"}],"about":[{"href":"https:\/\/protextos.web.ua.pt\/vi-eire2019\/index.php?rest_route=\/wp\/v2\/types\/page"}],"author":[{"embeddable":true,"href":"https:\/\/protextos.web.ua.pt\/vi-eire2019\/index.php?rest_route=\/wp\/v2\/users\/2"}],"replies":[{"embeddable":true,"href":"https:\/\/protextos.web.ua.pt\/vi-eire2019\/index.php?rest_route=%2Fwp%2Fv2%2Fcomments&post=89"}],"version-history":[{"count":4,"href":"https:\/\/protextos.web.ua.pt\/vi-eire2019\/index.php?rest_route=\/wp\/v2\/pages\/89\/revisions"}],"predecessor-version":[{"id":553,"href":"https:\/\/protextos.web.ua.pt\/vi-eire2019\/index.php?rest_route=\/wp\/v2\/pages\/89\/revisions\/553"}],"up":[{"embeddable":true,"href":"https:\/\/protextos.web.ua.pt\/vi-eire2019\/index.php?rest_route=\/wp\/v2\/pages\/17"}],"wp:attachment":[{"href":"https:\/\/protextos.web.ua.pt\/vi-eire2019\/index.php?rest_route=%2Fwp%2Fv2%2Fmedia&parent=89"}],"curies":[{"name":"wp","href":"https:\/\/api.w.org\/{rel}","templated":true}]}}