{"id":946,"date":"2019-05-07T14:43:17","date_gmt":"2019-05-07T14:43:17","guid":{"rendered":"http:\/\/protextos.web.ua.pt\/vi-eire2019\/?page_id=946"},"modified":"2019-06-22T14:13:10","modified_gmt":"2019-06-22T14:13:10","slug":"avaliacao","status":"publish","type":"page","link":"https:\/\/protextos.web.ua.pt\/vi-eire2019\/?page_id=946","title":{"rendered":"Avalia\u00e7\u00e3o"},"content":{"rendered":"\n<p><strong>Para efeitos de avalia\u00e7\u00e3o, os formandos dever\u00e3o enviar uma &#8220;reflex\u00e3o escrita individual&#8221;, como a seguir se explicita, at\u00e9 ao final do dia 08 de julho de 2019,\u00a0para\u00a0o\u00a0e-mail\u00a0do\u00a0VI\u00a0Encontro\u00a0(vi.eire2019@gmail.com)<\/strong><\/p>\n\n\n\n<p><br>A \u201creflex\u00e3o escrita individual\u201d assentar\u00e1, essencialmente, na an\u00e1lise das atividades desenvolvidas no curso de forma\u00e7\u00e3o, constituindo-se num \u201cmecanismo de regula\u00e7\u00e3o, que \u00e9 em si pr\u00f3prio um processo de forma\u00e7\u00e3o de e para a \u00abpr\u00e1tica reflexiva\u00bb\u201d.<br><br>A reflex\u00e3o escrita abordar\u00e1 os seguintes t\u00f3picos:<br> a) Caracteriza\u00e7\u00e3o pessoal e profissional;<br> b) Motiva\u00e7\u00e3o para a frequ\u00eancia da a\u00e7\u00e3o e expectativas \u2013 an\u00e1lise sobre as expectativas (n\u00e3o) cumpridas;<br> c) Reflex\u00e3o sobre, pelo menos, um t\u00f3pico determinante que tenha sido abordado no Curso: a escolha do t\u00f3pico fica ao crit\u00e9rio do autor\/formando e pode coincidir com uma comunica\u00e7\u00e3o, uma experi\u00eancia de ensino, um conceito, uma atividade, por exemplo, a que o Curso tenha dado acesso. <br><br>Pretende-se que o autor reflita a prop\u00f3sito desse t\u00f3pico, salientando a raz\u00e3o para o considerar o mais formativo ou o que em si teve mais impacto, desejaria aprofundar, ou teve em si mais efeito.<br> Por \u00faltimo, a reflex\u00e3o escrita dever\u00e1 ter uma extens\u00e3o compreendida entre 800 e 1200 palavras.<\/p>\n\n\n\n<p><strong>Destinat\u00e1rios da a\u00e7\u00e3o para efeitos de forma\u00e7\u00e3o espec\u00edfica para progress\u00e3o de carreira: Grupos de recrutamento 110, 200, 210, 220, 300<\/strong><\/p>\n","protected":false},"excerpt":{"rendered":"<p>Para efeitos de avalia\u00e7\u00e3o, os formandos dever\u00e3o enviar uma &#8220;reflex\u00e3o escrita individual&#8221;, como a seguir se explicita, at\u00e9 ao final do dia 08 de julho de 2019,\u00a0para\u00a0o\u00a0e-mail\u00a0do\u00a0VI\u00a0Encontro\u00a0(vi.eire2019@gmail.com) A \u201creflex\u00e3o escrita individual\u201d assentar\u00e1, essencialmente, na an\u00e1lise das atividades desenvolvidas no curso de forma\u00e7\u00e3o, constituindo-se num \u201cmecanismo de regula\u00e7\u00e3o, que \u00e9 em si pr\u00f3prio um processo de forma\u00e7\u00e3o de e para a<\/p>\n<p><a class=\"more-link\" href=\"https:\/\/protextos.web.ua.pt\/vi-eire2019\/?page_id=946\">Read More<\/a><\/p>\n","protected":false},"author":2,"featured_media":0,"parent":0,"menu_order":0,"comment_status":"closed","ping_status":"closed","template":"","meta":{"footnotes":""},"class_list":["post-946","page","type-page","status-publish","hentry"],"_links":{"self":[{"href":"https:\/\/protextos.web.ua.pt\/vi-eire2019\/index.php?rest_route=\/wp\/v2\/pages\/946","targetHints":{"allow":["GET"]}}],"collection":[{"href":"https:\/\/protextos.web.ua.pt\/vi-eire2019\/index.php?rest_route=\/wp\/v2\/pages"}],"about":[{"href":"https:\/\/protextos.web.ua.pt\/vi-eire2019\/index.php?rest_route=\/wp\/v2\/types\/page"}],"author":[{"embeddable":true,"href":"https:\/\/protextos.web.ua.pt\/vi-eire2019\/index.php?rest_route=\/wp\/v2\/users\/2"}],"replies":[{"embeddable":true,"href":"https:\/\/protextos.web.ua.pt\/vi-eire2019\/index.php?rest_route=%2Fwp%2Fv2%2Fcomments&post=946"}],"version-history":[{"count":9,"href":"https:\/\/protextos.web.ua.pt\/vi-eire2019\/index.php?rest_route=\/wp\/v2\/pages\/946\/revisions"}],"predecessor-version":[{"id":1932,"href":"https:\/\/protextos.web.ua.pt\/vi-eire2019\/index.php?rest_route=\/wp\/v2\/pages\/946\/revisions\/1932"}],"wp:attachment":[{"href":"https:\/\/protextos.web.ua.pt\/vi-eire2019\/index.php?rest_route=%2Fwp%2Fv2%2Fmedia&parent=946"}],"curies":[{"name":"wp","href":"https:\/\/api.w.org\/{rel}","templated":true}]}}